{"id":25548287,"date":"2024-05-23T13:32:49","date_gmt":"2024-05-23T13:32:49","guid":{"rendered":"https:\/\/dari-system.com\/paatryk\/"},"modified":"2024-08-20T10:28:34","modified_gmt":"2024-08-20T10:28:34","slug":"paatryk","status":"publish","type":"page","link":"https:\/\/dari-system.com\/da\/paatryk\/","title":{"rendered":"P\u00e5tryk"},"content":{"rendered":"<p>[et_pb_section fb_built=&#8221;1&#8243; fullwidth=&#8221;on&#8221; _builder_version=&#8221;4.25.0&#8243; _module_preset=&#8221;default&#8221; bottom_divider_color=&#8221;#FFFFFF&#8221; bottom_divider_height=&#8221;82px&#8221; bottom_divider_flip=&#8221;horizontal&#8221; locked=&#8221;off&#8221; global_colors_info=&#8221;{}&#8221;][et_pb_fullwidth_header title=&#8221;P\u00e5tryk&#8221; _builder_version=&#8221;4.25.0&#8243; _module_preset=&#8221;default&#8221; title_font=&#8221;|800|||||||&#8221; title_font_size=&#8221;45px&#8221; background_image=&#8221;https:\/\/dari-system.com\/wp-content\/uploads\/2024\/05\/header_background.webp&#8221; background_position=&#8221;bottom_center&#8221; custom_padding=&#8221;8vh||8vh||true|false&#8221; title_font_size_tablet=&#8221;45px&#8221; title_font_size_phone=&#8221;29px&#8221; title_font_size_last_edited=&#8221;on|phone&#8221; content_font_size_tablet=&#8221;&#8221; content_font_size_phone=&#8221;17px&#8221; content_font_size_last_edited=&#8221;on|phone&#8221; global_colors_info=&#8221;{}&#8221;][\/et_pb_fullwidth_header][\/et_pb_section][et_pb_section fb_built=&#8221;1&#8243; _builder_version=&#8221;4.25.0&#8243; _module_preset=&#8221;default&#8221; global_colors_info=&#8221;{}&#8221;][et_pb_row _builder_version=&#8221;4.25.0&#8243; _module_preset=&#8221;default&#8221; global_colors_info=&#8221;{}&#8221;][et_pb_column type=&#8221;4_4&#8243; _builder_version=&#8221;4.25.0&#8243; _module_preset=&#8221;default&#8221; global_colors_info=&#8221;{}&#8221;][et_pb_text _builder_version=&#8221;4.25.0&#8243; _module_preset=&#8221;default&#8221; global_colors_info=&#8221;{}&#8221;]<\/p>\n<h2>Oplysninger i henhold til \u00a7 5 TMG:<\/h2>\n<p>D<strong>aRi-Systemteile GmbH<\/strong> Rudolf-Nebel-Str.<\/p>\n<p>12 91781 Wei\u00dfenburg Repr\u00e6senteret af: Administrerende direkt\u00f8r Dr. Eckhard Jentsch Handelsregister: Ansbach Amtsgericht, HRB 4930 VAT ID: DE272707154 <\/p>\n<p>K<strong>ontakt<\/strong> Telefon: 09141 &#8211; 845 937 0 Fax: 09141 &#8211; 845 937 1 E-mail:<a href=\"mailto:info@dari-system.com\">&#8216;info@dari-system.com&#8217;<\/a><\/p>\n<p><strong>Ansvarlig for indholdet i henhold til \u00a7 55 Abs.<br \/>\n2 RStV: <\/strong><\/p>\n<p>Dr. Eckhard Jentsch Adresse som ovenfor<\/p>\n<p>Henvisning til EU-tvistbil\u00e6ggelse: Europa-Kommissionen stiller en platform til r\u00e5dighed for online-tvistbil\u00e6ggelse (OS):<\/p>\n<p><a href=\"http:\/\/ec.europa.eu\/consumer\/odr\">http:\/\/ec.europa.eu\/consumer\/odr<\/a><\/p>\n<p>Vores virksomhed deltager i EU&#8217;s tvistbil\u00e6ggelsesprogram.<br \/>\nVores e-mailadresse til onlinetvistbil\u00e6ggelsesplatformen er:<a href=\"mailto:info@dari-system.com\">&#8216;info@dari-system.com&#8217;<\/a> <\/p>\n<p><em>Kilde: oprettet med <a href=\"http:\/\/www.e-recht24.de\/news\/ecommerce\/6048-impressum-gmbh.html\">aftryksgeneratoren Gesellschaft mit beschr\u00e4nkter Haftung (GmbH)<\/a> fra eRecht24 <a href=\"http:\/\/www.e-recht24.de\/news\/ecommerce\/6048-impressum-gmbh.html\">.<\/a> <\/em><\/p>\n<p><strong>Ansvarsfraskrivelse:<\/strong><\/p>\n<p>A<strong>nsvar for indhold<\/strong> Indholdet p\u00e5 vores hjemmeside er skabt med den st\u00f8rste omhu.<br \/>\nVi kan dog ikke p\u00e5tage os noget ansvar for indholdets n\u00f8jagtighed, fuldst\u00e6ndighed og aktualitet.<br \/>\nSom tjenesteudbyder er vi ansvarlige i henhold til \u00a7 7 Abs.1<br \/>\nTMG er vi ansvarlige for vores eget indhold p\u00e5 disse sider i overensstemmelse med de generelle love.<br \/>\nI henhold til \u00a7\u00a7 8 til 10 TMG er vi som tjenesteudbyder dog ikke forpligtet til at overv\u00e5ge transmitterede eller lagrede tredjepartsoplysninger eller til at unders\u00f8ge omst\u00e6ndigheder, der tyder p\u00e5 ulovlig aktivitet.<br \/>\nForpligtelser til at fjerne eller blokere brugen af oplysninger i overensstemmelse med den generelle lovgivning forbliver up\u00e5virket af dette.<br \/>\nAnsvar i denne henseende er dog kun muligt fra tidspunktet for kendskab til en specifik overtr\u00e6delse.<br \/>\nS\u00e5 snart vi bliver opm\u00e6rksomme p\u00e5 s\u00e5danne overtr\u00e6delser, vil vi straks fjerne dette indhold.       <\/p>\n<p>A<strong>nsvar for links<\/strong> Vores hjemmeside indeholder links til eksterne tredjepartswebsteder, hvis indhold vi ikke har nogen indflydelse p\u00e5.<br \/>\nDerfor kan vi ikke p\u00e5tage os noget ansvar for dette tredjepartsindhold.<br \/>\nDen respektive udbyder eller operat\u00f8r af siderne er altid ansvarlig for indholdet af de linkede sider.<br \/>\nDe linkede sider blev kontrolleret for mulige lovovertr\u00e6delser p\u00e5 tidspunktet for linkningen.<br \/>\nUlovligt indhold kunne ikke genkendes p\u00e5 tidspunktet for sammenk\u00e6dningen.<br \/>\nEn permanent overv\u00e5gning af indholdet p\u00e5 de linkede sider er dog ikke rimelig uden konkrete beviser for en overtr\u00e6delse.<br \/>\nHvis vi bliver opm\u00e6rksomme p\u00e5 eventuelle lovovertr\u00e6delser, fjerner vi straks s\u00e5danne links.      <\/p>\n<p>O<strong>phavsret<\/strong> Indholdet og v\u00e6rkerne, der er skabt af webstedsoperat\u00f8rerne p\u00e5 disse sider, er underlagt tysk lov om ophavsret.<br \/>\nKopiering, bearbejdning, distribution og enhver form for kommercialisering af s\u00e5dant materiale uden for rammerne af ophavsretsloven kr\u00e6ver forudg\u00e5ende skriftligt samtykke fra den respektive forfatter eller skaber.<br \/>\nDownloads og kopier af dette websted er kun tilladt til privat, ikke-kommerciel brug.<br \/>\nFor s\u00e5 vidt som indholdet p\u00e5 dette websted ikke er oprettet af operat\u00f8ren, respekteres tredjeparts ophavsret.<br \/>\nIs\u00e6r er tredjepartsindhold m\u00e6rket som s\u00e5dan.<br \/>\nHvis du alligevel bliver opm\u00e6rksom p\u00e5 en kr\u00e6nkelse af ophavsretten, bedes du informere os herom.<br \/>\nHvis vi bliver opm\u00e6rksomme p\u00e5 overtr\u00e6delser, vil vi straks fjerne s\u00e5dant indhold.      <\/p>\n<p>D<strong>atabeskyttelse<\/strong> Brugen af vores hjemmeside er generelt mulig uden at give personlige data.<br \/>\nI det omfang der indsamles personoplysninger (f.eks. navn, adresse eller e-mail-adresser) p\u00e5 vores hjemmeside, sker dette s\u00e5 vidt muligt altid p\u00e5 frivillig basis.<br \/>\n<br \/>Disse data vil ikke blive videregivet til tredjepart uden dit udtrykkelige samtykke. Vi vil gerne p\u00e5pege, at dataoverf\u00f8rsel via internettet (f.eks. ved kommunikation via e-mail) kan have sikkerhedshuller.<br \/>\n<br \/>En fuldst\u00e6ndig beskyttelse af data mod adgang fra tredjepart er ikke mulig. Vi forbyder hermed udtrykkeligt brugen af kontaktdata, der er offentliggjort som en del af vores pligt til at give en juridisk meddelelse, med det form\u00e5l at sende uopfordret reklame og informationsmateriale.<br \/>\nOperat\u00f8rerne af dette websted forbeholder sig udtrykkeligt retten til at tage retlige skridt i tilf\u00e6lde af uopfordret afsendelse af reklameinformation, s\u00e5som spam-e-mails.    <br \/><em>Kilde: <a href=\"http:\/\/www.e-recht24.de\/muster-disclaimer.htm\">Ansvarsfraskrivelse<\/a> fra eRecht24, <a href=\"http:\/\/www.e-recht24.de\/\">advokat<\/a> S\u00f6ren Sieberts portal for internetlovgivning.<\/em><\/p>\n<p>[\/et_pb_text][\/et_pb_column][\/et_pb_row][\/et_pb_section]<\/p>\n","protected":false},"excerpt":{"rendered":"<p>Oplysninger i henhold til \u00a7 5 TMG: DaRi-Systemteile GmbH Rudolf-Nebel-Str. 12 91781 Wei\u00dfenburg Repr\u00e6senteret af: Administrerende direkt\u00f8r Dr. Eckhard Jentsch Handelsregister: Ansbach Amtsgericht, HRB 4930 VAT ID: DE272707154 Kontakt Telefon: 09141 &#8211; 845 937 0 Fax: 09141 &#8211; 845 937 1 E-mail:&#8217;info@dari-system.com&#8217; Ansvarlig for indholdet i henhold til \u00a7 55 Abs. 2 RStV: Dr. Eckhard [&hellip;]<\/p>\n","protected":false},"author":1,"featured_media":0,"parent":0,"menu_order":0,"comment_status":"closed","ping_status":"closed","template":"","meta":{"_et_pb_use_builder":"on","_et_pb_old_content":"","_et_gb_content_width":"","iawp_total_views":2,"footnotes":""},"dipi_cpt_category":[],"class_list":["post-25548287","page","type-page","status-publish","hentry"],"yoast_head":"<!-- This site is optimized with the Yoast SEO plugin v27.4 - https:\/\/yoast.com\/product\/yoast-seo-wordpress\/ -->\n<title>P\u00e5tryk - DaRi System<\/title>\n<meta name=\"robots\" content=\"index, follow, max-snippet:-1, max-image-preview:large, max-video-preview:-1\" \/>\n<link rel=\"canonical\" href=\"https:\/\/dari-system.com\/da\/paatryk\/\" \/>\n<meta property=\"og:locale\" content=\"da_DK\" \/>\n<meta property=\"og:type\" content=\"article\" \/>\n<meta property=\"og:title\" content=\"P\u00e5tryk - DaRi System\" \/>\n<meta property=\"og:description\" content=\"Oplysninger i henhold til \u00a7 5 TMG: DaRi-Systemteile GmbH Rudolf-Nebel-Str. 12 91781 Wei\u00dfenburg Repr\u00e6senteret af: Administrerende direkt\u00f8r Dr. Eckhard Jentsch Handelsregister: Ansbach Amtsgericht, HRB 4930 VAT ID: DE272707154 Kontakt Telefon: 09141 - 845 937 0 Fax: 09141 - 845 937 1 E-mail:&#039;info@dari-system.com&#039; Ansvarlig for indholdet i henhold til \u00a7 55 Abs. 2 RStV: Dr. Eckhard [&hellip;]\" \/>\n<meta property=\"og:url\" content=\"https:\/\/dari-system.com\/da\/paatryk\/\" \/>\n<meta property=\"og:site_name\" content=\"DaRi System\" \/>\n<meta property=\"article:modified_time\" content=\"2024-08-20T10:28:34+00:00\" \/>\n<meta name=\"twitter:card\" content=\"summary_large_image\" \/>\n<meta name=\"twitter:label1\" content=\"Estimeret l\u00e6setid\" \/>\n\t<meta name=\"twitter:data1\" content=\"4 minutter\" \/>\n<script type=\"application\/ld+json\" class=\"yoast-schema-graph\">{\"@context\":\"https:\\\/\\\/schema.org\",\"@graph\":[{\"@type\":\"WebPage\",\"@id\":\"https:\\\/\\\/dari-system.com\\\/da\\\/paatryk\\\/\",\"url\":\"https:\\\/\\\/dari-system.com\\\/da\\\/paatryk\\\/\",\"name\":\"P\u00e5tryk - DaRi System\",\"isPartOf\":{\"@id\":\"https:\\\/\\\/dari-system.com\\\/da\\\/#website\"},\"datePublished\":\"2024-05-23T13:32:49+00:00\",\"dateModified\":\"2024-08-20T10:28:34+00:00\",\"breadcrumb\":{\"@id\":\"https:\\\/\\\/dari-system.com\\\/da\\\/paatryk\\\/#breadcrumb\"},\"inLanguage\":\"da-DK\",\"potentialAction\":[{\"@type\":\"ReadAction\",\"target\":[\"https:\\\/\\\/dari-system.com\\\/da\\\/paatryk\\\/\"]}]},{\"@type\":\"BreadcrumbList\",\"@id\":\"https:\\\/\\\/dari-system.com\\\/da\\\/paatryk\\\/#breadcrumb\",\"itemListElement\":[{\"@type\":\"ListItem\",\"position\":1,\"name\":\"Startseite\",\"item\":\"https:\\\/\\\/dari-system.com\\\/da\\\/\"},{\"@type\":\"ListItem\",\"position\":2,\"name\":\"P\u00e5tryk\"}]},{\"@type\":\"WebSite\",\"@id\":\"https:\\\/\\\/dari-system.com\\\/da\\\/#website\",\"url\":\"https:\\\/\\\/dari-system.com\\\/da\\\/\",\"name\":\"DaRi System\",\"description\":\"\",\"potentialAction\":[{\"@type\":\"SearchAction\",\"target\":{\"@type\":\"EntryPoint\",\"urlTemplate\":\"https:\\\/\\\/dari-system.com\\\/da\\\/?s={search_term_string}\"},\"query-input\":{\"@type\":\"PropertyValueSpecification\",\"valueRequired\":true,\"valueName\":\"search_term_string\"}}],\"inLanguage\":\"da-DK\"}]}<\/script>\n<!-- \/ Yoast SEO plugin. -->","yoast_head_json":{"title":"P\u00e5tryk - DaRi System","robots":{"index":"index","follow":"follow","max-snippet":"max-snippet:-1","max-image-preview":"max-image-preview:large","max-video-preview":"max-video-preview:-1"},"canonical":"https:\/\/dari-system.com\/da\/paatryk\/","og_locale":"da_DK","og_type":"article","og_title":"P\u00e5tryk - DaRi System","og_description":"Oplysninger i henhold til \u00a7 5 TMG: DaRi-Systemteile GmbH Rudolf-Nebel-Str. 12 91781 Wei\u00dfenburg Repr\u00e6senteret af: Administrerende direkt\u00f8r Dr. Eckhard Jentsch Handelsregister: Ansbach Amtsgericht, HRB 4930 VAT ID: DE272707154 Kontakt Telefon: 09141 - 845 937 0 Fax: 09141 - 845 937 1 E-mail:'info@dari-system.com' Ansvarlig for indholdet i henhold til \u00a7 55 Abs. 2 RStV: Dr. Eckhard [&hellip;]","og_url":"https:\/\/dari-system.com\/da\/paatryk\/","og_site_name":"DaRi System","article_modified_time":"2024-08-20T10:28:34+00:00","twitter_card":"summary_large_image","twitter_misc":{"Estimeret l\u00e6setid":"4 minutter"},"schema":{"@context":"https:\/\/schema.org","@graph":[{"@type":"WebPage","@id":"https:\/\/dari-system.com\/da\/paatryk\/","url":"https:\/\/dari-system.com\/da\/paatryk\/","name":"P\u00e5tryk - DaRi System","isPartOf":{"@id":"https:\/\/dari-system.com\/da\/#website"},"datePublished":"2024-05-23T13:32:49+00:00","dateModified":"2024-08-20T10:28:34+00:00","breadcrumb":{"@id":"https:\/\/dari-system.com\/da\/paatryk\/#breadcrumb"},"inLanguage":"da-DK","potentialAction":[{"@type":"ReadAction","target":["https:\/\/dari-system.com\/da\/paatryk\/"]}]},{"@type":"BreadcrumbList","@id":"https:\/\/dari-system.com\/da\/paatryk\/#breadcrumb","itemListElement":[{"@type":"ListItem","position":1,"name":"Startseite","item":"https:\/\/dari-system.com\/da\/"},{"@type":"ListItem","position":2,"name":"P\u00e5tryk"}]},{"@type":"WebSite","@id":"https:\/\/dari-system.com\/da\/#website","url":"https:\/\/dari-system.com\/da\/","name":"DaRi System","description":"","potentialAction":[{"@type":"SearchAction","target":{"@type":"EntryPoint","urlTemplate":"https:\/\/dari-system.com\/da\/?s={search_term_string}"},"query-input":{"@type":"PropertyValueSpecification","valueRequired":true,"valueName":"search_term_string"}}],"inLanguage":"da-DK"}]}},"_links":{"self":[{"href":"https:\/\/dari-system.com\/da\/wp-json\/wp\/v2\/pages\/25548287","targetHints":{"allow":["GET"]}}],"collection":[{"href":"https:\/\/dari-system.com\/da\/wp-json\/wp\/v2\/pages"}],"about":[{"href":"https:\/\/dari-system.com\/da\/wp-json\/wp\/v2\/types\/page"}],"author":[{"embeddable":true,"href":"https:\/\/dari-system.com\/da\/wp-json\/wp\/v2\/users\/1"}],"replies":[{"embeddable":true,"href":"https:\/\/dari-system.com\/da\/wp-json\/wp\/v2\/comments?post=25548287"}],"version-history":[{"count":1,"href":"https:\/\/dari-system.com\/da\/wp-json\/wp\/v2\/pages\/25548287\/revisions"}],"predecessor-version":[{"id":25548293,"href":"https:\/\/dari-system.com\/da\/wp-json\/wp\/v2\/pages\/25548287\/revisions\/25548293"}],"wp:attachment":[{"href":"https:\/\/dari-system.com\/da\/wp-json\/wp\/v2\/media?parent=25548287"}],"wp:term":[{"taxonomy":"dipi_cpt_category","embeddable":true,"href":"https:\/\/dari-system.com\/da\/wp-json\/wp\/v2\/dipi_cpt_category?post=25548287"}],"curies":[{"name":"wp","href":"https:\/\/api.w.org\/{rel}","templated":true}]}}