{"id":25548272,"date":"2024-05-23T13:32:49","date_gmt":"2024-05-23T13:32:49","guid":{"rendered":"https:\/\/dari-system.com\/politik-for-afbestilling\/"},"modified":"2024-08-20T10:28:26","modified_gmt":"2024-08-20T10:28:26","slug":"politik-for-afbestilling","status":"publish","type":"page","link":"https:\/\/dari-system.com\/da\/politik-for-afbestilling\/","title":{"rendered":"Politik for afbestilling"},"content":{"rendered":"<p>[et_pb_section fb_built=&#8221;1&#8243; fullwidth=&#8221;on&#8221; _builder_version=&#8221;4.25.0&#8243; _module_preset=&#8221;default&#8221; bottom_divider_color=&#8221;#FFFFFF&#8221; bottom_divider_height=&#8221;82px&#8221; bottom_divider_flip=&#8221;horizontal&#8221; locked=&#8221;off&#8221; global_colors_info=&#8221;{}&#8221;][et_pb_fullwidth_header title=&#8221;Politik for afbestilling&#8221; _builder_version=&#8221;4.25.0&#8243; _module_preset=&#8221;default&#8221; title_font=&#8221;|800|||||||&#8221; title_font_size=&#8221;45px&#8221; background_image=&#8221;https:\/\/dari-system.com\/wp-content\/uploads\/2024\/05\/header_background.webp&#8221; background_position=&#8221;bottom_center&#8221; custom_padding=&#8221;8vh||8vh||true|false&#8221; title_font_size_tablet=&#8221;45px&#8221; title_font_size_phone=&#8221;29px&#8221; title_font_size_last_edited=&#8221;on|phone&#8221; content_font_size_tablet=&#8221;&#8221; content_font_size_phone=&#8221;17px&#8221; content_font_size_last_edited=&#8221;on|phone&#8221; global_colors_info=&#8221;{}&#8221;][\/et_pb_fullwidth_header][\/et_pb_section][et_pb_section fb_built=&#8221;1&#8243; _builder_version=&#8221;4.25.0&#8243; _module_preset=&#8221;default&#8221; global_colors_info=&#8221;{}&#8221;][et_pb_row _builder_version=&#8221;4.25.0&#8243; _module_preset=&#8221;default&#8221; global_colors_info=&#8221;{}&#8221;][et_pb_column type=&#8221;4_4&#8243; _builder_version=&#8221;4.25.0&#8243; _module_preset=&#8221;default&#8221; global_colors_info=&#8221;{}&#8221;][et_pb_text _builder_version=&#8221;4.25.0&#8243; _module_preset=&#8221;default&#8221; hover_enabled=&#8221;0&#8243; global_colors_info=&#8221;{}&#8221; sticky_enabled=&#8221;0&#8243;]<\/p>\n<h2>Afbestillingsregler \/ Afbestillingsret<\/h2>\n<p>Du har ret til at annullere denne kontrakt inden for fjorten dage uden at angive nogen grund. Annulleringsfristen er fjorten dage fra den dag, hvor du eller en tredjepart udpeget af dig, som ikke er transport\u00f8ren, har taget varerne i besiddelse. For at ud\u00f8ve din fortrydelsesret skal du kontakte os, DaRi-Systemteile GmbH, Rudolf-Nebel-Str.<br \/>\n12, 91781 Wei\u00dfenburg, Tel.<br \/>\n09141- 8459370, Fax 09141-8459371, E-Mail<a href=\"mailto:info@dari-system.com\">info@dari-system.com<\/a> om din beslutning om at fortryde denne kontrakt i en utvetydig erkl\u00e6ring (f.eks. et brev sendt med posten, en fax eller en e-mail).<br \/>\nDu kan bruge eksemplet p\u00e5 en fortrydelsesformular, der er vedh\u00e6ftet nedenfor, men det er ikke obligatorisk.   <br \/>For at overholde fortrydelsesfristen er det tilstr\u00e6kkeligt, at du sender din meddelelse om ud\u00f8velse af fortrydelsesretten inden fortrydelsesfristens udl\u00f8b.<\/p>\n<p>Konsekvenser af fortrydelse: Hvis du fortryder denne aftale, refunderer vi dig alle betalinger modtaget fra dig, herunder leveringsomkostninger (med undtagelse af ekstra omkostninger som f\u00f8lge af dit valg af en anden type levering end den billigste form for standardlevering, som vi tilbyder), uden un\u00f8dig forsinkelse og under alle omst\u00e6ndigheder senest 14 dage fra den dag, hvor vi har modtaget meddelelse om din beslutning om at fortryde denne aftale.<br \/>\nTil denne tilbagebetaling benytter vi samme betalingsmiddel, som du benyttede ved den oprindelige transaktion, medmindre andet udtrykkeligt er aftalt med dig; du vil under ingen omst\u00e6ndigheder blive opkr\u00e6vet gebyrer for denne tilbagebetaling.<br \/>\n<br \/>Vi kan tilbageholde tilbagebetalingen, indtil vi har modtaget varerne retur, eller indtil du har fremlagt bevis for, at du har returneret varerne, alt efter hvilket tidspunkt der er tidligst. Du skal returnere eller overdrage varerne til os straks og under alle omst\u00e6ndigheder senest 14 dage efter den dag, hvor du underretter os om annulleringen af denne kontrakt.<\/p>\n<p>Fristen er overholdt, hvis du afsender varerne inden udl\u00f8bet af fristen p\u00e5 14 dage. Du skal afholde de direkte omkostninger ved returnering af varerne. Du h\u00e6fter kun for eventuel forringelse af varernes v\u00e6rdi, som skyldes anden h\u00e5ndtering end den, der er n\u00f8dvendig for at fastsl\u00e5 varernes art, egenskaber og den m\u00e5de, de fungerer p\u00e5.   <br \/><span style=\"text-decoration: underline;\"><strong>Eksempel p\u00e5 annulleringsformular<\/strong><\/span><\/p>\n<p>(Hvis du \u00f8nsker at annullere kontrakten, kan du udfylde denne formular og sende den tilbage til os) Til DaRi-Systemteile GmbH, Rudolf-Nebel-Str.<br \/>\n12, 91781 Wei\u00dfenburg, Tel.<br \/>\n<br \/>09141- 8459370, Fax 09141-8459371, E-Mail <a href=\"mailto:info@dari-system.com\">info@dari-system.com<\/a> Jeg annullerer hermed den kontrakt, jeg har indg\u00e5et om k\u00f8b af f\u00f8lgende varer:<\/p>\n<p>&#8230;&#8230;&#8230;&#8230;&#8230;&#8230;&#8230;&#8230;&#8230;&#8230;&#8230;&#8230;&#8230;&#8230;&#8230;&#8230;&#8230;&#8230;&#8230;&#8230;&#8230;&#8230;&#8230;&#8230;&#8230; &#8211; Bestilt p\u00e5 &#8230;&#8230;&#8230;., modtaget p\u00e5 &#8230;&#8230;&#8230;&#8230;. &#8211; Dit navn: &#8211; Din adresse: &#8211; Din underskrift (kun ved meddelelse p\u00e5 papir) &#8211; Dato:  <\/p>\n<p>[\/et_pb_text][\/et_pb_column][\/et_pb_row][\/et_pb_section]<\/p>\n","protected":false},"excerpt":{"rendered":"<p>Afbestillingsregler \/ Afbestillingsret Du har ret til at annullere denne kontrakt inden for fjorten dage uden at angive nogen grund. Annulleringsfristen er fjorten dage fra den dag, hvor du eller en tredjepart udpeget af dig, som ikke er transport\u00f8ren, har taget varerne i besiddelse. For at ud\u00f8ve din fortrydelsesret skal du kontakte os, DaRi-Systemteile GmbH, [&hellip;]<\/p>\n","protected":false},"author":1,"featured_media":0,"parent":0,"menu_order":0,"comment_status":"closed","ping_status":"closed","template":"","meta":{"_et_pb_use_builder":"on","_et_pb_old_content":"","_et_gb_content_width":"","iawp_total_views":1,"footnotes":""},"dipi_cpt_category":[],"class_list":["post-25548272","page","type-page","status-publish","hentry"],"yoast_head":"<!-- This site is optimized with the Yoast SEO plugin v27.2 - https:\/\/yoast.com\/product\/yoast-seo-wordpress\/ -->\n<title>Politik for afbestilling - DaRi System<\/title>\n<meta name=\"robots\" content=\"index, follow, max-snippet:-1, max-image-preview:large, max-video-preview:-1\" \/>\n<link rel=\"canonical\" href=\"https:\/\/dari-system.com\/da\/politik-for-afbestilling\/\" \/>\n<meta property=\"og:locale\" content=\"da_DK\" \/>\n<meta property=\"og:type\" content=\"article\" \/>\n<meta property=\"og:title\" content=\"Politik for afbestilling - DaRi System\" \/>\n<meta property=\"og:description\" content=\"Afbestillingsregler \/ Afbestillingsret Du har ret til at annullere denne kontrakt inden for fjorten dage uden at angive nogen grund. Annulleringsfristen er fjorten dage fra den dag, hvor du eller en tredjepart udpeget af dig, som ikke er transport\u00f8ren, har taget varerne i besiddelse. For at ud\u00f8ve din fortrydelsesret skal du kontakte os, DaRi-Systemteile GmbH, [&hellip;]\" \/>\n<meta property=\"og:url\" content=\"https:\/\/dari-system.com\/da\/politik-for-afbestilling\/\" \/>\n<meta property=\"og:site_name\" content=\"DaRi System\" \/>\n<meta property=\"article:modified_time\" content=\"2024-08-20T10:28:26+00:00\" \/>\n<meta name=\"twitter:card\" content=\"summary_large_image\" \/>\n<meta name=\"twitter:label1\" content=\"Estimeret l\u00e6setid\" \/>\n\t<meta name=\"twitter:data1\" content=\"3 minutter\" \/>\n<script type=\"application\/ld+json\" class=\"yoast-schema-graph\">{\"@context\":\"https:\/\/schema.org\",\"@graph\":[{\"@type\":\"WebPage\",\"@id\":\"https:\/\/dari-system.com\/da\/politik-for-afbestilling\/\",\"url\":\"https:\/\/dari-system.com\/da\/politik-for-afbestilling\/\",\"name\":\"Politik for afbestilling - DaRi System\",\"isPartOf\":{\"@id\":\"https:\/\/dari-system.com\/da\/#website\"},\"datePublished\":\"2024-05-23T13:32:49+00:00\",\"dateModified\":\"2024-08-20T10:28:26+00:00\",\"breadcrumb\":{\"@id\":\"https:\/\/dari-system.com\/da\/politik-for-afbestilling\/#breadcrumb\"},\"inLanguage\":\"da-DK\",\"potentialAction\":[{\"@type\":\"ReadAction\",\"target\":[\"https:\/\/dari-system.com\/da\/politik-for-afbestilling\/\"]}]},{\"@type\":\"BreadcrumbList\",\"@id\":\"https:\/\/dari-system.com\/da\/politik-for-afbestilling\/#breadcrumb\",\"itemListElement\":[{\"@type\":\"ListItem\",\"position\":1,\"name\":\"Startseite\",\"item\":\"https:\/\/dari-system.com\/da\/\"},{\"@type\":\"ListItem\",\"position\":2,\"name\":\"Politik for afbestilling\"}]},{\"@type\":\"WebSite\",\"@id\":\"https:\/\/dari-system.com\/da\/#website\",\"url\":\"https:\/\/dari-system.com\/da\/\",\"name\":\"DaRi System\",\"description\":\"\",\"potentialAction\":[{\"@type\":\"SearchAction\",\"target\":{\"@type\":\"EntryPoint\",\"urlTemplate\":\"https:\/\/dari-system.com\/da\/?s={search_term_string}\"},\"query-input\":{\"@type\":\"PropertyValueSpecification\",\"valueRequired\":true,\"valueName\":\"search_term_string\"}}],\"inLanguage\":\"da-DK\"}]}<\/script>\n<!-- \/ Yoast SEO plugin. -->","yoast_head_json":{"title":"Politik for afbestilling - DaRi System","robots":{"index":"index","follow":"follow","max-snippet":"max-snippet:-1","max-image-preview":"max-image-preview:large","max-video-preview":"max-video-preview:-1"},"canonical":"https:\/\/dari-system.com\/da\/politik-for-afbestilling\/","og_locale":"da_DK","og_type":"article","og_title":"Politik for afbestilling - DaRi System","og_description":"Afbestillingsregler \/ Afbestillingsret Du har ret til at annullere denne kontrakt inden for fjorten dage uden at angive nogen grund. Annulleringsfristen er fjorten dage fra den dag, hvor du eller en tredjepart udpeget af dig, som ikke er transport\u00f8ren, har taget varerne i besiddelse. For at ud\u00f8ve din fortrydelsesret skal du kontakte os, DaRi-Systemteile GmbH, [&hellip;]","og_url":"https:\/\/dari-system.com\/da\/politik-for-afbestilling\/","og_site_name":"DaRi System","article_modified_time":"2024-08-20T10:28:26+00:00","twitter_card":"summary_large_image","twitter_misc":{"Estimeret l\u00e6setid":"3 minutter"},"schema":{"@context":"https:\/\/schema.org","@graph":[{"@type":"WebPage","@id":"https:\/\/dari-system.com\/da\/politik-for-afbestilling\/","url":"https:\/\/dari-system.com\/da\/politik-for-afbestilling\/","name":"Politik for afbestilling - DaRi System","isPartOf":{"@id":"https:\/\/dari-system.com\/da\/#website"},"datePublished":"2024-05-23T13:32:49+00:00","dateModified":"2024-08-20T10:28:26+00:00","breadcrumb":{"@id":"https:\/\/dari-system.com\/da\/politik-for-afbestilling\/#breadcrumb"},"inLanguage":"da-DK","potentialAction":[{"@type":"ReadAction","target":["https:\/\/dari-system.com\/da\/politik-for-afbestilling\/"]}]},{"@type":"BreadcrumbList","@id":"https:\/\/dari-system.com\/da\/politik-for-afbestilling\/#breadcrumb","itemListElement":[{"@type":"ListItem","position":1,"name":"Startseite","item":"https:\/\/dari-system.com\/da\/"},{"@type":"ListItem","position":2,"name":"Politik for afbestilling"}]},{"@type":"WebSite","@id":"https:\/\/dari-system.com\/da\/#website","url":"https:\/\/dari-system.com\/da\/","name":"DaRi System","description":"","potentialAction":[{"@type":"SearchAction","target":{"@type":"EntryPoint","urlTemplate":"https:\/\/dari-system.com\/da\/?s={search_term_string}"},"query-input":{"@type":"PropertyValueSpecification","valueRequired":true,"valueName":"search_term_string"}}],"inLanguage":"da-DK"}]}},"_links":{"self":[{"href":"https:\/\/dari-system.com\/da\/wp-json\/wp\/v2\/pages\/25548272","targetHints":{"allow":["GET"]}}],"collection":[{"href":"https:\/\/dari-system.com\/da\/wp-json\/wp\/v2\/pages"}],"about":[{"href":"https:\/\/dari-system.com\/da\/wp-json\/wp\/v2\/types\/page"}],"author":[{"embeddable":true,"href":"https:\/\/dari-system.com\/da\/wp-json\/wp\/v2\/users\/1"}],"replies":[{"embeddable":true,"href":"https:\/\/dari-system.com\/da\/wp-json\/wp\/v2\/comments?post=25548272"}],"version-history":[{"count":1,"href":"https:\/\/dari-system.com\/da\/wp-json\/wp\/v2\/pages\/25548272\/revisions"}],"predecessor-version":[{"id":25548279,"href":"https:\/\/dari-system.com\/da\/wp-json\/wp\/v2\/pages\/25548272\/revisions\/25548279"}],"wp:attachment":[{"href":"https:\/\/dari-system.com\/da\/wp-json\/wp\/v2\/media?parent=25548272"}],"wp:term":[{"taxonomy":"dipi_cpt_category","embeddable":true,"href":"https:\/\/dari-system.com\/da\/wp-json\/wp\/v2\/dipi_cpt_category?post=25548272"}],"curies":[{"name":"wp","href":"https:\/\/api.w.org\/{rel}","templated":true}]}}