{"id":25548255,"date":"2024-05-23T13:32:49","date_gmt":"2024-05-23T13:32:49","guid":{"rendered":"https:\/\/dari-system.com\/gtc\/"},"modified":"2024-08-20T10:28:32","modified_gmt":"2024-08-20T10:28:32","slug":"gtc","status":"publish","type":"page","link":"https:\/\/dari-system.com\/da\/gtc\/","title":{"rendered":"GTC"},"content":{"rendered":"<p>[et_pb_section fb_built=&#8221;1&#8243; fullwidth=&#8221;on&#8221; _builder_version=&#8221;4.25.0&#8243; _module_preset=&#8221;default&#8221; bottom_divider_color=&#8221;#FFFFFF&#8221; bottom_divider_height=&#8221;82px&#8221; bottom_divider_flip=&#8221;horizontal&#8221; locked=&#8221;off&#8221; global_colors_info=&#8221;{}&#8221; theme_builder_area=&#8221;post_content&#8221;][et_pb_fullwidth_header title=&#8221;Generelle vilk\u00e5r og betingelser&#8221; _builder_version=&#8221;4.25.0&#8243; _module_preset=&#8221;default&#8221; title_font=&#8221;|800|||||||&#8221; title_font_size=&#8221;45px&#8221; background_image=&#8221;https:\/\/dari-system.com\/wp-content\/uploads\/2024\/05\/header_background.webp&#8221; background_position=&#8221;bottom_center&#8221; custom_padding=&#8221;8vh||8vh||true|false&#8221; hover_enabled=&#8221;0&#8243; title_font_size_tablet=&#8221;45px&#8221; title_font_size_phone=&#8221;29px&#8221; title_font_size_last_edited=&#8221;on|phone&#8221; content_font_size_tablet=&#8221;&#8221; content_font_size_phone=&#8221;17px&#8221; content_font_size_last_edited=&#8221;on|phone&#8221; global_colors_info=&#8221;{}&#8221; theme_builder_area=&#8221;post_content&#8221; sticky_enabled=&#8221;0&#8243;][\/et_pb_fullwidth_header][\/et_pb_section][et_pb_section fb_built=&#8221;1&#8243; theme_builder_area=&#8221;post_content&#8221; _builder_version=&#8221;4.25.0&#8243; _module_preset=&#8221;default&#8221;][et_pb_row _builder_version=&#8221;4.25.0&#8243; _module_preset=&#8221;default&#8221; theme_builder_area=&#8221;post_content&#8221;][et_pb_column _builder_version=&#8221;4.25.0&#8243; _module_preset=&#8221;default&#8221; type=&#8221;4_4&#8243; theme_builder_area=&#8221;post_content&#8221;][et_pb_text _builder_version=&#8221;4.25.0&#8243; _module_preset=&#8221;default&#8221; theme_builder_area=&#8221;post_content&#8221; hover_enabled=&#8221;0&#8243; sticky_enabled=&#8221;0&#8243;]<\/p>\n<h2>GTC<\/h2>\n<p>\u00a7 <strong>1 Anvendelsesomr\u00e5de og forsvarsklausul<\/strong> (1) <strong>De<\/strong> f\u00f8lgende generelle vilk\u00e5r og betingelser i den respektive version p\u00e5 bestillingstidspunktet g\u00e6lder udelukkende for de juridiske forhold mellem operat\u00f8ren af butikken (i det f\u00f8lgende ben\u00e6vnt &#8220;udbyder&#8221;) og dens kunder, der er etableret via denne internetbutik. (2) Afvigende generelle vilk\u00e5r og betingelser for kunden bliver kun en del af kontrakten, hvis udbyderen udtrykkeligt accepterer deres gyldighed.<\/p>\n<p>\u00a7 <strong>2 Indg\u00e5else af aftalen<\/strong> (1) Pr\u00e6sentationen af varerne i internetshoppen udg\u00f8r ikke et bindende tilbud fra udbyderen om at indg\u00e5 en k\u00f8bsaftale.<br \/>\nKunden opfordres blot til at afgive et tilbud ved at afgive en ordre. <br \/>(2) Ved at sende ordren i internetbutikken afgiver kunden et bindende tilbud om at indg\u00e5 en k\u00f8bsaftale for de varer, der er indeholdt i indk\u00f8bskurven.<br \/>\nVed at afgive ordren anerkender kunden ogs\u00e5 disse vilk\u00e5r og betingelser som udelukkende g\u00e6ldende for det juridiske forhold med udbyderen. <br \/>(3) Udbyderen bekr\u00e6fter modtagelsen af kundens ordre ved at sende en bekr\u00e6ftelsesmail.<br \/>\nDenne ordrebekr\u00e6ftelse udg\u00f8r ikke en accept af kontrakttilbuddet fra leverand\u00f8rens side.<br \/>\nDen tjener blot til at informere kunden om, at ordren er modtaget af udbyderen.<br \/>\nK\u00f8bekontrakten er f\u00f8rst indg\u00e5et, n\u00e5r udbyderen udsteder en erkl\u00e6ring om accept, enten ved hj\u00e6lp af en udtrykkelig erkl\u00e6ring eller ved at levere varerne.   <\/p>\n<p>\u00a7 <strong>3 Ejendomsforbehold<\/strong> De leverede varer forbliver leverand\u00f8rens ejendom, indtil fuld betaling har fundet sted.<\/p>\n<p>\u00a7 <strong>4 Forfaldsdato<\/strong> Betaling af k\u00f8besummen forfalder ved aftalens indg\u00e5else.<\/p>\n<p>\u00a7 <strong>5<\/strong> Garanti (1) Kundens garantirettigheder reguleres af de generelle lovbestemmelser, medmindre andet er angivet nedenfor.<br \/>\nBestemmelsen i \u00a7 6 i disse vilk\u00e5r og betingelser g\u00e6lder for erstatningskrav fra kunden mod udbyderen. <br \/>(2) Garantirettighederne er forskellige afh\u00e6ngigt af, om kunden er forbruger eller ej.<br \/>\nEn forbruger er enhver fysisk person, der indg\u00e5r en juridisk transaktion med et form\u00e5l, der ikke kan tilskrives deres kommercielle eller uafh\u00e6ngige professionelle aktivitet. <br \/>(3) For\u00e6ldelsesfristen for kundens garantikrav er 2 \u00e5r for nyfremstillede genstande for forbrugere.<br \/>\nFor iv\u00e6rks\u00e6ttere er for\u00e6ldelsesfristen 2 \u00e5r for nyfremstillede genstande og 2 \u00e5r for brugte genstande. <br \/>(4) En garanti er ikke erkl\u00e6ret af udbyderen.<\/p>\n<p>\u00a7 <strong>6 Ansvarsfraskrivelse<\/strong> (1) Erstatningskrav fra kunden er udelukket, medmindre andet er angivet nedenfor.<br \/>\nOvenst\u00e5ende ansvarsfraskrivelse g\u00e6lder ogs\u00e5 til fordel for udbyderens juridiske repr\u00e6sentanter og stedfortr\u00e6dere, for s\u00e5 vidt som kunden g\u00f8r krav g\u00e6ldende over for dem. <br \/>(2) Undtaget fra ansvarsfraskrivelsen i \u00a7 1 er erstatningskrav p\u00e5 grund af skader p\u00e5 liv, legeme eller helbred samt erstatningskrav p\u00e5 grund af misligholdelse af v\u00e6sentlige kontraktlige forpligtelser.<br \/>\nV\u00e6sentlige kontraktlige forpligtelser er dem, hvis opfyldelse er n\u00f8dvendig for at opn\u00e5 form\u00e5let med kontrakten, f.eks. skal leverand\u00f8ren overdrage varen til kunden uden materielle mangler og ejendomsretlige mangler og skaffe sig ejendomsret til den.<br \/>\nUndtaget fra ansvarsfraskrivelsen er ogs\u00e5 erstatningsansvar som f\u00f8lge af en fors\u00e6tlig eller groft uagtsom pligtfors\u00f8mmelse fra udbyderens, dennes juridiske repr\u00e6sentanters eller stedfortr\u00e6deres side.  <br \/>(3) Bestemmelserne i den tyske produktansvarslov (ProdHaftG) forbliver uber\u00f8rt.<\/p>\n<p>\u00a7 <strong>7 Lovvalg og v\u00e6rneting<\/strong> (1) For kontraktforholdet mellem udbyder og kunde g\u00e6lder lovgivningen i Forbundsrepublikken Tyskland.<br \/>\nUndtaget fra dette lovvalg er de obligatoriske forbrugerbeskyttelsesbestemmelser i det land, hvor kunden har sit s\u00e6dvanlige opholdssted.<br \/>\nAnvendelsen af FN&#8217;s konvention om aftaler om internationalt salg af varer er udelukket.  <br \/>(2) V\u00e6rneting for alle tvister, der udspringer af kontraktforholdet mellem kunden og udbyderen, er udbyderens hjemsted, s\u00e5fremt kunden er en erhvervsdrivende, en offentligretlig juridisk person eller en offentligretlig specialfond.<\/p>\n<p>\u00a7 <strong>8 Udelukkelsesklausul<\/strong> (1) Disse generelle vilk\u00e5r og betingelser indeholder alle rettigheder og forpligtelser for de kontraherende parter. (2) Kontraktsproget er tysk. (3) Hvis en eller flere bestemmelser i disse generelle vilk\u00e5r og betingelser er eller bliver ugyldige eller indeholder en smuthul, forpligter de kontraherende parter sig til at indlede forhandlinger med det form\u00e5l at erstatte eller supplere den ugyldige eller ufuldst\u00e6ndige bestemmelse med en passende individuel aftale, der s\u00e5 vidt muligt svarer til det \u00f8konomiske form\u00e5l med den tilsigtede bestemmelse.<br \/>\nDe \u00f8vrige bestemmelsers gyldighed ber\u00f8res ikke heraf. <\/p>\n<p>[\/et_pb_text][\/et_pb_column][\/et_pb_row][\/et_pb_section]<\/p>\n","protected":false},"excerpt":{"rendered":"<p>GTC \u00a7 1 Anvendelsesomr\u00e5de og forsvarsklausul (1) De f\u00f8lgende generelle vilk\u00e5r og betingelser i den respektive version p\u00e5 bestillingstidspunktet g\u00e6lder udelukkende for de juridiske forhold mellem operat\u00f8ren af butikken (i det f\u00f8lgende ben\u00e6vnt &#8220;udbyder&#8221;) og dens kunder, der er etableret via denne internetbutik. (2) Afvigende generelle vilk\u00e5r og betingelser for kunden bliver kun en del [&hellip;]<\/p>\n","protected":false},"author":1,"featured_media":0,"parent":0,"menu_order":0,"comment_status":"closed","ping_status":"closed","template":"","meta":{"_et_pb_use_builder":"on","_et_pb_old_content":"","_et_gb_content_width":"","iawp_total_views":4,"footnotes":""},"dipi_cpt_category":[],"class_list":["post-25548255","page","type-page","status-publish","hentry"],"yoast_head":"<!-- This site is optimized with the Yoast SEO plugin v27.2 - https:\/\/yoast.com\/product\/yoast-seo-wordpress\/ -->\n<title>GTC - DaRi System<\/title>\n<meta name=\"robots\" content=\"index, follow, max-snippet:-1, max-image-preview:large, max-video-preview:-1\" \/>\n<link rel=\"canonical\" href=\"https:\/\/dari-system.com\/da\/gtc\/\" \/>\n<meta property=\"og:locale\" content=\"da_DK\" \/>\n<meta property=\"og:type\" content=\"article\" \/>\n<meta property=\"og:title\" content=\"GTC - DaRi System\" \/>\n<meta property=\"og:description\" content=\"GTC \u00a7 1 Anvendelsesomr\u00e5de og forsvarsklausul (1) De f\u00f8lgende generelle vilk\u00e5r og betingelser i den respektive version p\u00e5 bestillingstidspunktet g\u00e6lder udelukkende for de juridiske forhold mellem operat\u00f8ren af butikken (i det f\u00f8lgende ben\u00e6vnt &quot;udbyder&quot;) og dens kunder, der er etableret via denne internetbutik. (2) Afvigende generelle vilk\u00e5r og betingelser for kunden bliver kun en del [&hellip;]\" \/>\n<meta property=\"og:url\" content=\"https:\/\/dari-system.com\/da\/gtc\/\" \/>\n<meta property=\"og:site_name\" content=\"DaRi System\" \/>\n<meta property=\"article:modified_time\" content=\"2024-08-20T10:28:32+00:00\" \/>\n<meta name=\"twitter:card\" content=\"summary_large_image\" \/>\n<meta name=\"twitter:label1\" content=\"Estimeret l\u00e6setid\" \/>\n\t<meta name=\"twitter:data1\" content=\"4 minutter\" \/>\n<script type=\"application\/ld+json\" class=\"yoast-schema-graph\">{\"@context\":\"https:\/\/schema.org\",\"@graph\":[{\"@type\":\"WebPage\",\"@id\":\"https:\/\/dari-system.com\/da\/gtc\/\",\"url\":\"https:\/\/dari-system.com\/da\/gtc\/\",\"name\":\"GTC - DaRi System\",\"isPartOf\":{\"@id\":\"https:\/\/dari-system.com\/da\/#website\"},\"datePublished\":\"2024-05-23T13:32:49+00:00\",\"dateModified\":\"2024-08-20T10:28:32+00:00\",\"breadcrumb\":{\"@id\":\"https:\/\/dari-system.com\/da\/gtc\/#breadcrumb\"},\"inLanguage\":\"da-DK\",\"potentialAction\":[{\"@type\":\"ReadAction\",\"target\":[\"https:\/\/dari-system.com\/da\/gtc\/\"]}]},{\"@type\":\"BreadcrumbList\",\"@id\":\"https:\/\/dari-system.com\/da\/gtc\/#breadcrumb\",\"itemListElement\":[{\"@type\":\"ListItem\",\"position\":1,\"name\":\"Startseite\",\"item\":\"https:\/\/dari-system.com\/da\/\"},{\"@type\":\"ListItem\",\"position\":2,\"name\":\"GTC\"}]},{\"@type\":\"WebSite\",\"@id\":\"https:\/\/dari-system.com\/da\/#website\",\"url\":\"https:\/\/dari-system.com\/da\/\",\"name\":\"DaRi System\",\"description\":\"\",\"potentialAction\":[{\"@type\":\"SearchAction\",\"target\":{\"@type\":\"EntryPoint\",\"urlTemplate\":\"https:\/\/dari-system.com\/da\/?s={search_term_string}\"},\"query-input\":{\"@type\":\"PropertyValueSpecification\",\"valueRequired\":true,\"valueName\":\"search_term_string\"}}],\"inLanguage\":\"da-DK\"}]}<\/script>\n<!-- \/ Yoast SEO plugin. -->","yoast_head_json":{"title":"GTC - DaRi System","robots":{"index":"index","follow":"follow","max-snippet":"max-snippet:-1","max-image-preview":"max-image-preview:large","max-video-preview":"max-video-preview:-1"},"canonical":"https:\/\/dari-system.com\/da\/gtc\/","og_locale":"da_DK","og_type":"article","og_title":"GTC - DaRi System","og_description":"GTC \u00a7 1 Anvendelsesomr\u00e5de og forsvarsklausul (1) De f\u00f8lgende generelle vilk\u00e5r og betingelser i den respektive version p\u00e5 bestillingstidspunktet g\u00e6lder udelukkende for de juridiske forhold mellem operat\u00f8ren af butikken (i det f\u00f8lgende ben\u00e6vnt \"udbyder\") og dens kunder, der er etableret via denne internetbutik. (2) Afvigende generelle vilk\u00e5r og betingelser for kunden bliver kun en del [&hellip;]","og_url":"https:\/\/dari-system.com\/da\/gtc\/","og_site_name":"DaRi System","article_modified_time":"2024-08-20T10:28:32+00:00","twitter_card":"summary_large_image","twitter_misc":{"Estimeret l\u00e6setid":"4 minutter"},"schema":{"@context":"https:\/\/schema.org","@graph":[{"@type":"WebPage","@id":"https:\/\/dari-system.com\/da\/gtc\/","url":"https:\/\/dari-system.com\/da\/gtc\/","name":"GTC - DaRi System","isPartOf":{"@id":"https:\/\/dari-system.com\/da\/#website"},"datePublished":"2024-05-23T13:32:49+00:00","dateModified":"2024-08-20T10:28:32+00:00","breadcrumb":{"@id":"https:\/\/dari-system.com\/da\/gtc\/#breadcrumb"},"inLanguage":"da-DK","potentialAction":[{"@type":"ReadAction","target":["https:\/\/dari-system.com\/da\/gtc\/"]}]},{"@type":"BreadcrumbList","@id":"https:\/\/dari-system.com\/da\/gtc\/#breadcrumb","itemListElement":[{"@type":"ListItem","position":1,"name":"Startseite","item":"https:\/\/dari-system.com\/da\/"},{"@type":"ListItem","position":2,"name":"GTC"}]},{"@type":"WebSite","@id":"https:\/\/dari-system.com\/da\/#website","url":"https:\/\/dari-system.com\/da\/","name":"DaRi System","description":"","potentialAction":[{"@type":"SearchAction","target":{"@type":"EntryPoint","urlTemplate":"https:\/\/dari-system.com\/da\/?s={search_term_string}"},"query-input":{"@type":"PropertyValueSpecification","valueRequired":true,"valueName":"search_term_string"}}],"inLanguage":"da-DK"}]}},"_links":{"self":[{"href":"https:\/\/dari-system.com\/da\/wp-json\/wp\/v2\/pages\/25548255","targetHints":{"allow":["GET"]}}],"collection":[{"href":"https:\/\/dari-system.com\/da\/wp-json\/wp\/v2\/pages"}],"about":[{"href":"https:\/\/dari-system.com\/da\/wp-json\/wp\/v2\/types\/page"}],"author":[{"embeddable":true,"href":"https:\/\/dari-system.com\/da\/wp-json\/wp\/v2\/users\/1"}],"replies":[{"embeddable":true,"href":"https:\/\/dari-system.com\/da\/wp-json\/wp\/v2\/comments?post=25548255"}],"version-history":[{"count":8,"href":"https:\/\/dari-system.com\/da\/wp-json\/wp\/v2\/pages\/25548255\/revisions"}],"predecessor-version":[{"id":25548292,"href":"https:\/\/dari-system.com\/da\/wp-json\/wp\/v2\/pages\/25548255\/revisions\/25548292"}],"wp:attachment":[{"href":"https:\/\/dari-system.com\/da\/wp-json\/wp\/v2\/media?parent=25548255"}],"wp:term":[{"taxonomy":"dipi_cpt_category","embeddable":true,"href":"https:\/\/dari-system.com\/da\/wp-json\/wp\/v2\/dipi_cpt_category?post=25548255"}],"curies":[{"name":"wp","href":"https:\/\/api.w.org\/{rel}","templated":true}]}}