{"id":25548171,"date":"2024-05-29T09:26:04","date_gmt":"2024-05-29T09:26:04","guid":{"rendered":"https:\/\/dari-system.com\/om-os\/"},"modified":"2024-08-20T10:26:37","modified_gmt":"2024-08-20T10:26:37","slug":"om-os","status":"publish","type":"page","link":"https:\/\/dari-system.com\/da\/om-os\/","title":{"rendered":"Om os"},"content":{"rendered":"<p>[et_pb_section fb_built=&#8221;1&#8243; fullwidth=&#8221;on&#8221; _builder_version=&#8221;4.25.0&#8243; _module_preset=&#8221;default&#8221; bottom_divider_color=&#8221;#FFFFFF&#8221; bottom_divider_height=&#8221;82px&#8221; bottom_divider_flip=&#8221;horizontal&#8221; locked=&#8221;off&#8221; global_colors_info=&#8221;{}&#8221;][et_pb_fullwidth_header title=&#8221;Om os&#8221; _builder_version=&#8221;4.25.0&#8243; _module_preset=&#8221;default&#8221; title_font=&#8221;|800|||||||&#8221; title_font_size=&#8221;45px&#8221; background_image=&#8221;https:\/\/dari-system.com\/wp-content\/uploads\/2024\/05\/header_background.webp&#8221; background_position=&#8221;bottom_center&#8221; custom_padding=&#8221;8vh||8vh||true|false&#8221; title_font_size_tablet=&#8221;45px&#8221; title_font_size_phone=&#8221;29px&#8221; title_font_size_last_edited=&#8221;on|phone&#8221; content_font_size_tablet=&#8221;&#8221; content_font_size_phone=&#8221;17px&#8221; content_font_size_last_edited=&#8221;on|phone&#8221; global_colors_info=&#8221;{}&#8221;]<\/p>\n<p>Vejen til det perfekte DaRi-system<\/p>\n<p>[\/et_pb_fullwidth_header][\/et_pb_section][et_pb_section fb_built=&#8221;1&#8243; _builder_version=&#8221;4.25.0&#8243; _module_preset=&#8221;default&#8221; global_colors_info=&#8221;{}&#8221;][et_pb_row column_structure=&#8221;2_3,1_3&#8243; make_equal=&#8221;on&#8221; _builder_version=&#8221;4.25.0&#8243; _module_preset=&#8221;default&#8221; custom_margin=&#8221;||0px||false|false&#8221; custom_padding=&#8221;||0px||false|false&#8221; global_colors_info=&#8221;{}&#8221;][et_pb_column type=&#8221;2_3&#8243; _builder_version=&#8221;4.25.0&#8243; _module_preset=&#8221;default&#8221; custom_css_main_element=&#8221;margin: auto;&#8221; global_colors_info=&#8221;{}&#8221;][et_pb_text _builder_version=&#8221;4.25.0&#8243; _module_preset=&#8221;default&#8221; global_colors_info=&#8221;{}&#8221;]<\/p>\n<p>Der er et stort ahorntr\u00e6 foran vores hus og to store lindetr\u00e6er bag huset.<br \/>\nJeg var n\u00f8dt til at kravle op p\u00e5 stigen flere gange om \u00e5ret for at rense tagrenderne.<br \/>\nDet kr\u00e6vede altid en enorm indsats at komme op og f\u00e5 stigen ud af garagen.<br \/>\nJeg udsatte denne ubehagelige opgave fra weekend til weekend.<br \/>\nFor omkring 20 \u00e5r siden stod jeg igen p\u00e5 stigen fuld af \u00e6rgrelse for at rense min tagrende for blade, da min 8-\u00e5rige datter stod nederst og begyndte at gr\u00e6de: &#8220;Far, kom ned,&#8221; r\u00e5bte hun, &#8220;jeg er bange for, at du falder derned.&#8221;    <\/p>\n<p>&nbsp;<\/p>\n<p>Da jeg var f\u00e6rdig, gik jeg i byggemarkedet og k\u00f8bte forskellige systemer til beskyttelse af tagrender.<br \/>\nDesv\u00e6rre opfyldte ingen af dem deres funktion godt. <\/p>\n<p>[\/et_pb_text][\/et_pb_column][et_pb_column type=&#8221;1_3&#8243; _builder_version=&#8221;4.25.0&#8243; _module_preset=&#8221;default&#8221; custom_css_main_element=&#8221;mrgin:auto;&#8221; global_colors_info=&#8221;{}&#8221;][et_pb_image src=&#8221;https:\/\/dari-system.com\/wp-content\/uploads\/2024\/06\/eckhard_jentsch_03.webp&#8221; _builder_version=&#8221;4.25.0&#8243; _module_preset=&#8221;default&#8221; custom_margin=&#8221;||0px||false|false&#8221; custom_margin_tablet=&#8221;||0px||false|false&#8221; custom_margin_phone=&#8221;35px||0px||false|false&#8221; custom_margin_last_edited=&#8221;on|phone&#8221; hover_enabled=&#8221;0&#8243; global_colors_info=&#8221;{}&#8221; alt=&#8221;Eckhard Jentsch&#8221; title_text=&#8221;eckhard_jentsch_03&#8243; sticky_enabled=&#8221;0&#8243;][\/et_pb_image][et_pb_text _builder_version=&#8221;4.25.0&#8243; _module_preset=&#8221;default&#8221; text_font_size=&#8221;12px&#8221; custom_margin=&#8221;||0px||false|false&#8221; custom_padding=&#8221;||0px||false|false&#8221; global_colors_info=&#8221;{}&#8221;]<\/p>\n<p style=\"text-align: center;\"><em>Eckhard Jentsch | Grundl\u00e6gger DaRi-System<\/em><\/p>\n<p>[\/et_pb_text][\/et_pb_column][\/et_pb_row][et_pb_row _builder_version=&#8221;4.25.0&#8243; _module_preset=&#8221;default&#8221; global_colors_info=&#8221;{}&#8221;][et_pb_column type=&#8221;4_4&#8243; _builder_version=&#8221;4.25.0&#8243; _module_preset=&#8221;default&#8221; global_colors_info=&#8221;{}&#8221;][et_pb_text _builder_version=&#8221;4.25.0&#8243; _module_preset=&#8221;default&#8221; hover_enabled=&#8221;0&#8243; global_colors_info=&#8221;{}&#8221; sticky_enabled=&#8221;0&#8243;]<\/p>\n<p>Jeg gik derefter til en blikkenslager og en tagd\u00e6kker og spurgte, hvilket bladsikringssystem de ville anbefale.<br \/>\nSvaret var, at der ikke findes noget rigtig godt system til beskyttelse af tagrender, og at man som husejer m\u00e5 leve med, at man er n\u00f8dt til at rense tagrenden regelm\u00e6ssigt. <\/p>\n<p>Jeg var desperat og t\u00e6nkte: &#8220;Det kan da ikke v\u00e6re rigtigt; er det virkelig ikke muligt at l\u00f8se problemet p\u00e5 en tilfredsstillende m\u00e5de? Jeg har pr\u00f8vet s\u00e5 mange forskellige systemer, og ingen af dem var rigtig gode&#8221;.<\/p>\n<p>S\u00e5 samlede jeg designere, teknikere, ingeni\u00f8rer, maskinmestre, tagd\u00e6kkere og blikkenslagere, og vi satte os ned ved et stort bord og definerede f\u00f8rst og fremmest de kriterier, som et rigtig godt tagrendesystem skal opfylde:<\/p>\n<p>[\/et_pb_text][\/et_pb_column][\/et_pb_row][\/et_pb_section][et_pb_section fb_built=&#8221;1&#8243; _builder_version=&#8221;4.25.0&#8243; _module_preset=&#8221;default&#8221; custom_padding=&#8221;0px||0px||false|false&#8221; global_colors_info=&#8221;{}&#8221;][et_pb_row _builder_version=&#8221;4.25.0&#8243; _module_preset=&#8221;default&#8221; background_color=&#8221;#f4bd8d&#8221; width_tablet=&#8221;&#8221; width_phone=&#8221;100%&#8221; width_last_edited=&#8221;on|phone&#8221; custom_margin=&#8221;0px||0px||true|false&#8221; custom_padding=&#8221;21px|27px|21px|27px|true|true&#8221; global_colors_info=&#8221;{}&#8221; width__hover_enabled=&#8221;on|desktop&#8221;][et_pb_column type=&#8221;4_4&#8243; _builder_version=&#8221;4.25.0&#8243; _module_preset=&#8221;default&#8221; global_colors_info=&#8221;{}&#8221;][et_pb_blurb image=&#8221;https:\/\/dari-system.com\/wp-content\/uploads\/2024\/06\/arrow.webp&#8221; alt=&#8221;Tjek&#8221; icon_placement=&#8221;left&#8221; content_max_width=&#8221;100%&#8221; _builder_version=&#8221;4.25.0&#8243; _module_preset=&#8221;default&#8221; custom_margin=&#8221;||15px||false|false&#8221; global_colors_info=&#8221;{}&#8221;]<\/p>\n<p><strong>Det skal v\u00e6re muligt at installere den i tagrender med og uden tagrendeindd\u00e6kning.<\/strong><\/p>\n<p>[\/et_pb_blurb][et_pb_blurb image=&#8221;https:\/\/dari-system.com\/wp-content\/uploads\/2024\/06\/arrow.webp&#8221; alt=&#8221;Tjek&#8221; icon_placement=&#8221;left&#8221; content_max_width=&#8221;100%&#8221; _builder_version=&#8221;4.25.0&#8243; _module_preset=&#8221;default&#8221; custom_margin=&#8221;||15px||false|false&#8221; global_colors_info=&#8221;{}&#8221;]<\/p>\n<p><strong>Den skal have et stort \u00e5bent omr\u00e5de, s\u00e5 regnvandet let kan l\u00f8be af.<\/strong><\/p>\n<p>[\/et_pb_blurb][et_pb_blurb image=&#8221;https:\/\/dari-system.com\/wp-content\/uploads\/2024\/06\/arrow.webp&#8221; alt=&#8221;Tjek&#8221; icon_placement=&#8221;left&#8221; content_max_width=&#8221;100%&#8221; _builder_version=&#8221;4.25.0&#8243; _module_preset=&#8221;default&#8221; custom_margin=&#8221;||15px||false|false&#8221; global_colors_info=&#8221;{}&#8221;]<\/p>\n<p><strong>Hulst\u00f8rrelsen m\u00e5 ikke v\u00e6re s\u00e5 stor, at tr\u00e6fr\u00f8 fra lindetr\u00e6er, ahorn osv. falder igennem.<\/strong><\/p>\n<p>[\/et_pb_blurb][et_pb_blurb image=&#8221;https:\/\/dari-system.com\/wp-content\/uploads\/2024\/06\/arrow.webp&#8221; alt=&#8221;Tjek&#8221; icon_placement=&#8221;left&#8221; content_max_width=&#8221;100%&#8221; _builder_version=&#8221;4.25.0&#8243; _module_preset=&#8221;default&#8221; custom_margin=&#8221;||15px||false|false&#8221; global_colors_info=&#8221;{}&#8221;]<\/p>\n<p><strong>Hulst\u00f8rrelsen m\u00e5 ikke v\u00e6re for lille, s\u00e5 hullerne hurtigt stopper til.<\/strong><\/p>\n<p>[\/et_pb_blurb][et_pb_blurb image=&#8221;https:\/\/dari-system.com\/wp-content\/uploads\/2024\/06\/arrow.webp&#8221; alt=&#8221;Tjek&#8221; icon_placement=&#8221;left&#8221; content_max_width=&#8221;100%&#8221; _builder_version=&#8221;4.25.0&#8243; _module_preset=&#8221;default&#8221; custom_margin=&#8221;||15px||false|false&#8221; global_colors_info=&#8221;{}&#8221;]<\/p>\n<p><strong>Hullerne skal v\u00e6re udformet p\u00e5 en s\u00e5dan m\u00e5de, at regnvandet hurtigt ledes ned i hullerne.<\/strong><\/p>\n<p>[\/et_pb_blurb][et_pb_blurb image=&#8221;https:\/\/dari-system.com\/wp-content\/uploads\/2024\/06\/arrow.webp&#8221; alt=&#8221;Tjek&#8221; icon_placement=&#8221;left&#8221; content_max_width=&#8221;100%&#8221; _builder_version=&#8221;4.25.0&#8243; _module_preset=&#8221;default&#8221; custom_margin=&#8221;||15px||false|false&#8221; global_colors_info=&#8221;{}&#8221;]<\/p>\n<p><strong>Overfladen skal v\u00e6re glat, s\u00e5 ingen blade kan s\u00e6tte sig fast.<\/strong><\/p>\n<p>[\/et_pb_blurb][et_pb_blurb image=&#8221;https:\/\/dari-system.com\/wp-content\/uploads\/2024\/06\/arrow.webp&#8221; alt=&#8221;Tjek&#8221; icon_placement=&#8221;left&#8221; content_max_width=&#8221;100%&#8221; _builder_version=&#8221;4.25.0&#8243; _module_preset=&#8221;default&#8221; custom_margin=&#8221;||15px||false|false&#8221; global_colors_info=&#8221;{}&#8221;]<\/p>\n<p><strong>Den skal v\u00e6re nem at installere uden brug af v\u00e6rkt\u00f8j<\/strong><\/p>\n<p>[\/et_pb_blurb][et_pb_blurb image=&#8221;https:\/\/dari-system.com\/wp-content\/uploads\/2024\/06\/arrow.webp&#8221; alt=&#8221;Tjek&#8221; icon_placement=&#8221;left&#8221; content_max_width=&#8221;100%&#8221; _builder_version=&#8221;4.25.0&#8243; _module_preset=&#8221;default&#8221; custom_margin=&#8221;||15px||false|false&#8221; global_colors_info=&#8221;{}&#8221;]<\/p>\n<p><strong>Det skal v\u00e6re nemt at fjerne<\/strong><\/p>\n<p>[\/et_pb_blurb][et_pb_blurb image=&#8221;https:\/\/dari-system.com\/wp-content\/uploads\/2024\/06\/arrow.webp&#8221; alt=&#8221;Tjek&#8221; icon_placement=&#8221;left&#8221; content_max_width=&#8221;100%&#8221; _builder_version=&#8221;4.25.0&#8243; _module_preset=&#8221;default&#8221; custom_margin=&#8221;||15px||false|false&#8221; global_colors_info=&#8221;{}&#8221;]<\/p>\n<p><strong>Den skal sidde godt fast p\u00e5 tagrenden, s\u00e5 den ikke flyver v\u00e6k i st\u00e6rk vind.<\/strong><\/p>\n<p>[\/et_pb_blurb][et_pb_blurb image=&#8221;https:\/\/dari-system.com\/wp-content\/uploads\/2024\/06\/arrow.webp&#8221; alt=&#8221;Tjek&#8221; icon_placement=&#8221;left&#8221; content_max_width=&#8221;100%&#8221; _builder_version=&#8221;4.25.0&#8243; _module_preset=&#8221;default&#8221; custom_margin=&#8221;||15px||false|false&#8221; global_colors_info=&#8221;{}&#8221;]<\/p>\n<p><strong>Den skal v\u00e6re over tagrenden, s\u00e5 blade let kan bl\u00e6ses v\u00e6k.<\/strong><\/p>\n<p>[\/et_pb_blurb][et_pb_blurb image=&#8221;https:\/\/dari-system.com\/wp-content\/uploads\/2024\/06\/arrow.webp&#8221; alt=&#8221;Tjek&#8221; icon_placement=&#8221;left&#8221; content_max_width=&#8221;100%&#8221; _builder_version=&#8221;4.25.0&#8243; _module_preset=&#8221;default&#8221; custom_margin=&#8221;||15px||false|false&#8221; global_colors_info=&#8221;{}&#8221;]<\/p>\n<p><strong>Den skal g\u00e5 helt ud til forkanten, s\u00e5 der ikke er nogen forhindringer for l\u00f8vet.<\/strong><\/p>\n<p>[\/et_pb_blurb][et_pb_blurb image=&#8221;https:\/\/dari-system.com\/wp-content\/uploads\/2024\/06\/arrow.webp&#8221; alt=&#8221;Tjek&#8221; icon_placement=&#8221;left&#8221; content_max_width=&#8221;100%&#8221; _builder_version=&#8221;4.25.0&#8243; _module_preset=&#8221;default&#8221; custom_margin=&#8221;||15px||false|false&#8221; global_colors_info=&#8221;{}&#8221;]<\/p>\n<p><strong>Det skal v\u00e6re varmestabilt, kuldestabilt og UV-stabilt<\/strong><\/p>\n<p>[\/et_pb_blurb][et_pb_blurb image=&#8221;https:\/\/dari-system.com\/wp-content\/uploads\/2024\/06\/arrow.webp&#8221; alt=&#8221;Tjek&#8221; icon_placement=&#8221;left&#8221; content_max_width=&#8221;100%&#8221; _builder_version=&#8221;4.25.0&#8243; _module_preset=&#8221;default&#8221; custom_margin=&#8221;||15px||false|false&#8221; global_colors_info=&#8221;{}&#8221;]<\/p>\n<p><strong>Den skal v\u00e6re vedligeholdelsesfri<\/strong><\/p>\n<p>[\/et_pb_blurb][et_pb_blurb image=&#8221;https:\/\/dari-system.com\/wp-content\/uploads\/2024\/06\/arrow.webp&#8221; alt=&#8221;Tjek&#8221; icon_placement=&#8221;left&#8221; content_max_width=&#8221;100%&#8221; _builder_version=&#8221;4.25.0&#8243; _module_preset=&#8221;default&#8221; custom_margin=&#8221;||15px||false|false&#8221; global_colors_info=&#8221;{}&#8221;]<\/p>\n<p><strong>Det skal garanteres, at tagrenden ikke l\u00e6ngere er blokeret af blade<\/strong><\/p>\n<p>[\/et_pb_blurb][\/et_pb_column][\/et_pb_row][\/et_pb_section][et_pb_section fb_built=&#8221;1&#8243; _builder_version=&#8221;4.25.0&#8243; _module_preset=&#8221;default&#8221; global_colors_info=&#8221;{}&#8221;][et_pb_row _builder_version=&#8221;4.25.0&#8243; _module_preset=&#8221;default&#8221; global_colors_info=&#8221;{}&#8221;][et_pb_column type=&#8221;4_4&#8243; _builder_version=&#8221;4.25.0&#8243; _module_preset=&#8221;default&#8221; global_colors_info=&#8221;{}&#8221;][et_pb_text _builder_version=&#8221;4.25.0&#8243; _module_preset=&#8221;default&#8221; global_colors_info=&#8221;{}&#8221;]<\/p>\n<p>Efter en masse planl\u00e6gning, tegninger, fors\u00f8g og tests blev <strong>DaRi-systemet<\/strong> f\u00f8dt. DaRi-systemet beh\u00f8ver ikke at vige tilbage for sammenligninger med andre systemer.<br \/>\nEfter min mening og viden findes der ikke noget bedre beskyttelsessystem til tagrender. <\/p>\n<p>I dag ser jeg p\u00e5 min tagrende med tilfredshed og er glad for, at jeg installerede DaRi-systemet der.<br \/>\nDaRi-systemerne fra dengang er stadig installeret i tagrenden og er stadig fuldt funktionsdygtige.<br \/>\nJeg siger stadig ofte &#8220;tak&#8221; til min datter for at have givet mig impulsen til at installere dette perfekte system til beskyttelse af tagrender.<br \/>\nIkke alene slipper jeg for besv\u00e6ret, men jeg har ogs\u00e5 reduceret min risiko for ulykker, n\u00e5r jeg ikke l\u00e6ngere skal st\u00e5 h\u00f8jt oppe p\u00e5 taget p\u00e5 stigen.   <\/p>\n<p>I dag er folk fra hele Europa glade og taknemmelige over, at problemet med en tilstoppet tagrende kunne l\u00f8ses s\u00e5 nemt med DaRi-systemet, og at tagrenden forbliver permanent bladfri.<\/p>\n<p>Hos DaRi-System er det vores m\u00e5l at udvikle og fremstille tagrendebeskyttelsessystemer af h\u00f8jeste kvalitet.<br \/>\nAlle vores produkter er designet her i Tyskland og produceres ogs\u00e5 udelukkende her. <\/p>\n<p><em><strong>Fremstillet i Tyskland<\/strong> <\/em>garanterer dig en lang levetid.<\/p>\n<p>Som absolutte eksperter i bladsikringssystemer har vi i 20 \u00e5r arbejdet sammen med vores kunder om at finde gode og praktiske l\u00f8sninger p\u00e5 problematiske tagrender.<br \/>\nVi ser frem til hver eneste kontakt og hvert eneste billede af en tagrende, der sendes til os, og vi besvarer din henvendelse hurtigt, gerne og gratis. <\/p>\n<p>Hvis du ogs\u00e5 er p\u00e5 udkig efter et p\u00e5lideligt, holdbart og vedligeholdelsesfrit beskyttelsessystem af h\u00f8j kvalitet til din tagrende, skal du v\u00e6lge det perfekt designede <strong>DaRi-system<\/strong> med det samme.<\/p>\n<p>[\/et_pb_text][\/et_pb_column][\/et_pb_row][et_pb_row _builder_version=&#8221;4.25.0&#8243; _module_preset=&#8221;default&#8221; global_colors_info=&#8221;{}&#8221;][et_pb_column type=&#8221;4_4&#8243; _builder_version=&#8221;4.25.0&#8243; _module_preset=&#8221;default&#8221; global_colors_info=&#8221;{}&#8221;][et_pb_text _builder_version=&#8221;4.25.0&#8243; _module_preset=&#8221;default&#8221; global_colors_info=&#8221;{}&#8221;]<\/p>\n<h2><strong>Og vi garanterer, at tagrenden ikke l\u00e6ngere vil blive blokeret af blade, n\u00e5r DaRi-systemet er installeret.<\/strong><\/h2>\n<p>[\/et_pb_text][\/et_pb_column][\/et_pb_row][\/et_pb_section]<\/p>\n","protected":false},"excerpt":{"rendered":"<p>Vejen til det perfekte DaRi-systemDer er et stort ahorntr\u00e6 foran vores hus og to store lindetr\u00e6er bag huset. Jeg var n\u00f8dt til at kravle op p\u00e5 stigen flere gange om \u00e5ret for at rense tagrenderne. Det kr\u00e6vede altid en enorm indsats at komme op og f\u00e5 stigen ud af garagen. Jeg udsatte denne ubehagelige opgave [&hellip;]<\/p>\n","protected":false},"author":1,"featured_media":0,"parent":0,"menu_order":0,"comment_status":"closed","ping_status":"closed","template":"","meta":{"_et_pb_use_builder":"on","_et_pb_old_content":"","_et_gb_content_width":"","iawp_total_views":6,"footnotes":""},"dipi_cpt_category":[],"class_list":["post-25548171","page","type-page","status-publish","hentry"],"yoast_head":"<!-- This site is optimized with the Yoast SEO plugin v27.4 - https:\/\/yoast.com\/product\/yoast-seo-wordpress\/ -->\n<title>Om os - DaRi System<\/title>\n<meta name=\"robots\" content=\"index, follow, max-snippet:-1, max-image-preview:large, max-video-preview:-1\" \/>\n<link rel=\"canonical\" href=\"https:\/\/dari-system.com\/da\/om-os\/\" \/>\n<meta property=\"og:locale\" content=\"da_DK\" \/>\n<meta property=\"og:type\" content=\"article\" \/>\n<meta property=\"og:title\" content=\"Om os - DaRi System\" \/>\n<meta property=\"og:description\" content=\"Vejen til det perfekte DaRi-systemDer er et stort ahorntr\u00e6 foran vores hus og to store lindetr\u00e6er bag huset. Jeg var n\u00f8dt til at kravle op p\u00e5 stigen flere gange om \u00e5ret for at rense tagrenderne. Det kr\u00e6vede altid en enorm indsats at komme op og f\u00e5 stigen ud af garagen. Jeg udsatte denne ubehagelige opgave [&hellip;]\" \/>\n<meta property=\"og:url\" content=\"https:\/\/dari-system.com\/da\/om-os\/\" \/>\n<meta property=\"og:site_name\" content=\"DaRi System\" \/>\n<meta property=\"article:modified_time\" content=\"2024-08-20T10:26:37+00:00\" \/>\n<meta name=\"twitter:card\" content=\"summary_large_image\" \/>\n<meta name=\"twitter:label1\" content=\"Estimeret l\u00e6setid\" \/>\n\t<meta name=\"twitter:data1\" content=\"9 minutter\" \/>\n<script type=\"application\/ld+json\" class=\"yoast-schema-graph\">{\"@context\":\"https:\\\/\\\/schema.org\",\"@graph\":[{\"@type\":\"WebPage\",\"@id\":\"https:\\\/\\\/dari-system.com\\\/da\\\/om-os\\\/\",\"url\":\"https:\\\/\\\/dari-system.com\\\/da\\\/om-os\\\/\",\"name\":\"Om os - DaRi System\",\"isPartOf\":{\"@id\":\"https:\\\/\\\/dari-system.com\\\/da\\\/#website\"},\"datePublished\":\"2024-05-29T09:26:04+00:00\",\"dateModified\":\"2024-08-20T10:26:37+00:00\",\"breadcrumb\":{\"@id\":\"https:\\\/\\\/dari-system.com\\\/da\\\/om-os\\\/#breadcrumb\"},\"inLanguage\":\"da-DK\",\"potentialAction\":[{\"@type\":\"ReadAction\",\"target\":[\"https:\\\/\\\/dari-system.com\\\/da\\\/om-os\\\/\"]}]},{\"@type\":\"BreadcrumbList\",\"@id\":\"https:\\\/\\\/dari-system.com\\\/da\\\/om-os\\\/#breadcrumb\",\"itemListElement\":[{\"@type\":\"ListItem\",\"position\":1,\"name\":\"Startseite\",\"item\":\"https:\\\/\\\/dari-system.com\\\/da\\\/\"},{\"@type\":\"ListItem\",\"position\":2,\"name\":\"Om os\"}]},{\"@type\":\"WebSite\",\"@id\":\"https:\\\/\\\/dari-system.com\\\/da\\\/#website\",\"url\":\"https:\\\/\\\/dari-system.com\\\/da\\\/\",\"name\":\"DaRi System\",\"description\":\"\",\"potentialAction\":[{\"@type\":\"SearchAction\",\"target\":{\"@type\":\"EntryPoint\",\"urlTemplate\":\"https:\\\/\\\/dari-system.com\\\/da\\\/?s={search_term_string}\"},\"query-input\":{\"@type\":\"PropertyValueSpecification\",\"valueRequired\":true,\"valueName\":\"search_term_string\"}}],\"inLanguage\":\"da-DK\"}]}<\/script>\n<!-- \/ Yoast SEO plugin. -->","yoast_head_json":{"title":"Om os - DaRi System","robots":{"index":"index","follow":"follow","max-snippet":"max-snippet:-1","max-image-preview":"max-image-preview:large","max-video-preview":"max-video-preview:-1"},"canonical":"https:\/\/dari-system.com\/da\/om-os\/","og_locale":"da_DK","og_type":"article","og_title":"Om os - DaRi System","og_description":"Vejen til det perfekte DaRi-systemDer er et stort ahorntr\u00e6 foran vores hus og to store lindetr\u00e6er bag huset. Jeg var n\u00f8dt til at kravle op p\u00e5 stigen flere gange om \u00e5ret for at rense tagrenderne. Det kr\u00e6vede altid en enorm indsats at komme op og f\u00e5 stigen ud af garagen. Jeg udsatte denne ubehagelige opgave [&hellip;]","og_url":"https:\/\/dari-system.com\/da\/om-os\/","og_site_name":"DaRi System","article_modified_time":"2024-08-20T10:26:37+00:00","twitter_card":"summary_large_image","twitter_misc":{"Estimeret l\u00e6setid":"9 minutter"},"schema":{"@context":"https:\/\/schema.org","@graph":[{"@type":"WebPage","@id":"https:\/\/dari-system.com\/da\/om-os\/","url":"https:\/\/dari-system.com\/da\/om-os\/","name":"Om os - DaRi System","isPartOf":{"@id":"https:\/\/dari-system.com\/da\/#website"},"datePublished":"2024-05-29T09:26:04+00:00","dateModified":"2024-08-20T10:26:37+00:00","breadcrumb":{"@id":"https:\/\/dari-system.com\/da\/om-os\/#breadcrumb"},"inLanguage":"da-DK","potentialAction":[{"@type":"ReadAction","target":["https:\/\/dari-system.com\/da\/om-os\/"]}]},{"@type":"BreadcrumbList","@id":"https:\/\/dari-system.com\/da\/om-os\/#breadcrumb","itemListElement":[{"@type":"ListItem","position":1,"name":"Startseite","item":"https:\/\/dari-system.com\/da\/"},{"@type":"ListItem","position":2,"name":"Om os"}]},{"@type":"WebSite","@id":"https:\/\/dari-system.com\/da\/#website","url":"https:\/\/dari-system.com\/da\/","name":"DaRi System","description":"","potentialAction":[{"@type":"SearchAction","target":{"@type":"EntryPoint","urlTemplate":"https:\/\/dari-system.com\/da\/?s={search_term_string}"},"query-input":{"@type":"PropertyValueSpecification","valueRequired":true,"valueName":"search_term_string"}}],"inLanguage":"da-DK"}]}},"_links":{"self":[{"href":"https:\/\/dari-system.com\/da\/wp-json\/wp\/v2\/pages\/25548171","targetHints":{"allow":["GET"]}}],"collection":[{"href":"https:\/\/dari-system.com\/da\/wp-json\/wp\/v2\/pages"}],"about":[{"href":"https:\/\/dari-system.com\/da\/wp-json\/wp\/v2\/types\/page"}],"author":[{"embeddable":true,"href":"https:\/\/dari-system.com\/da\/wp-json\/wp\/v2\/users\/1"}],"replies":[{"embeddable":true,"href":"https:\/\/dari-system.com\/da\/wp-json\/wp\/v2\/comments?post=25548171"}],"version-history":[{"count":6,"href":"https:\/\/dari-system.com\/da\/wp-json\/wp\/v2\/pages\/25548171\/revisions"}],"predecessor-version":[{"id":25548209,"href":"https:\/\/dari-system.com\/da\/wp-json\/wp\/v2\/pages\/25548171\/revisions\/25548209"}],"wp:attachment":[{"href":"https:\/\/dari-system.com\/da\/wp-json\/wp\/v2\/media?parent=25548171"}],"wp:term":[{"taxonomy":"dipi_cpt_category","embeddable":true,"href":"https:\/\/dari-system.com\/da\/wp-json\/wp\/v2\/dipi_cpt_category?post=25548171"}],"curies":[{"name":"wp","href":"https:\/\/api.w.org\/{rel}","templated":true}]}}