{"id":25548131,"date":"2024-06-03T10:59:20","date_gmt":"2024-06-03T10:59:20","guid":{"rendered":"https:\/\/dari-system.com\/dari-beslag\/"},"modified":"2024-08-20T20:57:46","modified_gmt":"2024-08-20T20:57:46","slug":"dari-beslag","status":"publish","type":"page","link":"https:\/\/dari-system.com\/da\/dari-beslag\/","title":{"rendered":"DaRi-beslag"},"content":{"rendered":"<p>[et_pb_section fb_built=&#8221;1&#8243; admin_label=&#8221;TBVS &#8211; Light &#8211; Content 5&#8243; _builder_version=&#8221;4.25.0&#8243; _module_preset=&#8221;773cbfc0-e6bc-474b-b613-dad4bc024acd&#8221; global_colors_info=&#8221;{}&#8221;][et_pb_row column_structure=&#8221;2_5,3_5&#8243; make_equal=&#8221;on&#8221; _builder_version=&#8221;4.25.0&#8243; _module_preset=&#8221;default&#8221; global_colors_info=&#8221;{}&#8221;][et_pb_column type=&#8221;2_5&#8243; _builder_version=&#8221;4.16&#8243; _module_preset=&#8221;default&#8221; global_colors_info=&#8221;{}&#8221;][et_pb_image src=&#8221;https:\/\/dari-system.com\/wp-content\/uploads\/2024\/05\/dari_klammer.webp&#8221; alt=&#8221;DaRi-systemklemme sort og s\u00f8lv&#8221; title_text=&#8221;dari_bracket&#8221; show_in_lightbox=&#8221;on&#8221; _builder_version=&#8221;4.25.0&#8243; _module_preset=&#8221;default&#8221; border_radii=&#8221;on|44px|44px|44px|44px&#8221; global_colors_info=&#8221;{}&#8221;][\/et_pb_image][\/et_pb_column][et_pb_column type=&#8221;3_5&#8243; _builder_version=&#8221;4.25.0&#8243; _module_preset=&#8221;default&#8221; custom_padding_tablet=&#8221;||30px||false|false&#8221; custom_padding_phone=&#8221;&#8221; custom_padding_last_edited=&#8221;on|tablet&#8221; custom_css_main_element=&#8221;margin: auto;&#8221; global_colors_info=&#8221;{}&#8221;][et_pb_text _builder_version=&#8221;4.27.0&#8243; _module_preset=&#8221;c68383f9-009f-4682-a0ef-f1cc616ecd44&#8243; hover_enabled=&#8221;0&#8243; global_colors_info=&#8221;{}&#8221; sticky_enabled=&#8221;0&#8243;]<\/p>\n<h1>DaRi-clips<\/h1>\n<p>[\/et_pb_text][\/et_pb_column][\/et_pb_row][\/et_pb_section][et_pb_section fb_built=&#8221;1&#8243; _builder_version=&#8221;4.25.0&#8243; _module_preset=&#8221;default&#8221; custom_margin=&#8221;||||false|false&#8221; custom_padding=&#8221;||10px||false|false&#8221; global_colors_info=&#8221;{}&#8221;][et_pb_row make_equal=&#8221;on&#8221; _builder_version=&#8221;4.25.0&#8243; _module_preset=&#8221;default&#8221; global_colors_info=&#8221;{}&#8221;][et_pb_column type=&#8221;4_4&#8243; _builder_version=&#8221;4.25.0&#8243; _module_preset=&#8221;default&#8221; custom_css_main_element=&#8221;margin: auto;&#8221; border_color_right=&#8221;#4C76A9&#8243; global_colors_info=&#8221;{}&#8221;][et_pb_text _builder_version=&#8221;4.27.0&#8243; _module_preset=&#8221;default&#8221; hover_enabled=&#8221;0&#8243; global_colors_info=&#8221;{}&#8221; sticky_enabled=&#8221;0&#8243;]Diameteren af den forreste runding p\u00e5 en tagrende varierer afh\u00e6ngigt af tagrendens st\u00f8rrelse. <\/p>\n<p>Derfor findes der ogs\u00e5 clips til DaRi-systemet D1 i 2 forskellige st\u00f8rrelser. <\/p>\n<p>For 28 mm tagrenden leverer vi clips med en indvendig diameter p\u00e5 18 mm, og for 33 mm og 40 mm tagrender clips med en indvendig diameter p\u00e5 20 mm. <\/p>\n<p>Denne sortering h\u00e5ndterer vi automatisk. <\/p>\n<p>For at clipsene ikke skiller sig for meget ud p\u00e5 tagrenden, f\u00e5s de i 2 forskellige farver:[\/et_pb_text][\/et_pb_column][\/et_pb_row][\/et_pb_section][et_pb_section fb_built=&#8221;1&#8243; _builder_version=&#8221;4.25.0&#8243; _module_preset=&#8221;default&#8221; background_color=&#8221;#f4c092&#8243; custom_margin=&#8221;0px||0px||true|false&#8221; custom_padding=&#8221;10px||10px||true|false&#8221; global_colors_info=&#8221;{}&#8221;][et_pb_row _builder_version=&#8221;4.25.0&#8243; _module_preset=&#8221;default&#8221; global_colors_info=&#8221;{}&#8221;][et_pb_column type=&#8221;4_4&#8243; _builder_version=&#8221;4.25.0&#8243; _module_preset=&#8221;default&#8221; global_colors_info=&#8221;{}&#8221;][et_pb_text _builder_version=&#8221;4.27.0&#8243; _module_preset=&#8221;default&#8221; text_font_size_tablet=&#8221;&#8221; text_font_size_phone=&#8221;18px&#8221; text_font_size_last_edited=&#8221;on|desktop&#8221; global_colors_info=&#8221;{}&#8221;]<\/p>\n<p><strong>sort:<\/strong> til tagrender af kobber<br \/><strong>s\u00f8lv:<\/strong> til tagrender af zink<\/p>\n<p>[\/et_pb_text][\/et_pb_column][\/et_pb_row][\/et_pb_section][et_pb_section fb_built=&#8221;1&#8243; custom_padding_last_edited=&#8221;on|phone&#8221; _builder_version=&#8221;4.25.0&#8243; _module_preset=&#8221;default&#8221; custom_padding=&#8221;10px||||false|false&#8221; custom_padding_tablet=&#8221;10px||||false|false&#8221; custom_padding_phone=&#8221;||0px||false|false&#8221; global_colors_info=&#8221;{}&#8221;][et_pb_row _builder_version=&#8221;4.25.0&#8243; _module_preset=&#8221;default&#8221; global_colors_info=&#8221;{}&#8221;][et_pb_column type=&#8221;4_4&#8243; _builder_version=&#8221;4.25.0&#8243; _module_preset=&#8221;default&#8221; global_colors_info=&#8221;{}&#8221;][et_pb_text _builder_version=&#8221;4.27.0&#8243; _module_preset=&#8221;default&#8221; hover_enabled=&#8221;0&#8243; global_colors_info=&#8221;{}&#8221; sticky_enabled=&#8221;0&#8243;]Ved en bestilling skal der derfor kun v\u00e6lges clipsets farve, ikke st\u00f8rrelsen. <\/p>\n<p>Hvert DaRi-system D1 eller D2 fastg\u00f8res med 4 clips p\u00e5 tagrenden.[\/et_pb_text][\/et_pb_column][\/et_pb_row][\/et_pb_section][et_pb_section fb_built=&#8221;1&#8243; _builder_version=&#8221;4.25.0&#8243; _module_preset=&#8221;default&#8221; global_colors_info=&#8221;{}&#8221;][et_pb_row _builder_version=&#8221;4.25.0&#8243; _module_preset=&#8221;default&#8221; global_colors_info=&#8221;{}&#8221;][et_pb_column type=&#8221;4_4&#8243; _builder_version=&#8221;4.25.0&#8243; _module_preset=&#8221;default&#8221; global_colors_info=&#8221;{}&#8221;][et_pb_text _builder_version=&#8221;4.25.0&#8243; _module_preset=&#8221;default&#8221; custom_margin=&#8221;||||false|true&#8221; custom_padding=&#8221;||||false|false&#8221; header_3_text_align_tablet=&#8221;&#8221; header_3_text_align_phone=&#8221;&#8221; header_3_text_align_last_edited=&#8221;on|desktop&#8221; global_colors_info=&#8221;{}&#8221;]<\/p>\n<h3 style=\"text-align: center;\">Du kan bestille dine DaRi-klemmer lige her:<\/h3>\n<p>[\/et_pb_text][\/et_pb_column][\/et_pb_row][et_pb_row _builder_version=&#8221;4.25.0&#8243; _module_preset=&#8221;default&#8221; global_colors_info=&#8221;{}&#8221;][et_pb_column type=&#8221;4_4&#8243; _builder_version=&#8221;4.25.0&#8243; _module_preset=&#8221;default&#8221; global_colors_info=&#8221;{}&#8221;][et_pb_button button_url=&#8221;https:\/\/dari-system.com\/da\/produkt\/dari-beslag\/&#8221; button_text=&#8221;til butikken&#8221; button_alignment=&#8221;center&#8221; _builder_version=&#8221;4.27.0&#8243; _module_preset=&#8221;default&#8221; global_colors_info=&#8221;{}&#8221;][\/et_pb_button][\/et_pb_column][\/et_pb_row][\/et_pb_section]<\/p>\n","protected":false},"excerpt":{"rendered":"<p>DaRi-clipsDiameteren af den forreste runding p\u00e5 en tagrende varierer afh\u00e6ngigt af tagrendens st\u00f8rrelse. Derfor findes der ogs\u00e5 clips til DaRi-systemet D1 i 2 forskellige st\u00f8rrelser. For 28 mm tagrenden leverer vi clips med en indvendig diameter p\u00e5 18 mm, og for 33 mm og 40 mm tagrender clips med en indvendig diameter p\u00e5 20 mm. [&hellip;]<\/p>\n","protected":false},"author":1,"featured_media":0,"parent":0,"menu_order":0,"comment_status":"closed","ping_status":"closed","template":"","meta":{"_et_pb_use_builder":"on","_et_pb_old_content":"","_et_gb_content_width":"","iawp_total_views":0,"footnotes":""},"dipi_cpt_category":[],"class_list":["post-25548131","page","type-page","status-publish","hentry"],"yoast_head":"<!-- This site is optimized with the Yoast SEO plugin v27.2 - https:\/\/yoast.com\/product\/yoast-seo-wordpress\/ -->\n<title>DaRi-beslag - DaRi System<\/title>\n<meta name=\"robots\" content=\"index, follow, max-snippet:-1, max-image-preview:large, max-video-preview:-1\" \/>\n<link rel=\"canonical\" href=\"https:\/\/dari-system.com\/da\/dari-beslag\/\" \/>\n<meta property=\"og:locale\" content=\"da_DK\" \/>\n<meta property=\"og:type\" content=\"article\" \/>\n<meta property=\"og:title\" content=\"DaRi-beslag - DaRi System\" \/>\n<meta property=\"og:description\" content=\"DaRi-clipsDiameteren af den forreste runding p\u00e5 en tagrende varierer afh\u00e6ngigt af tagrendens st\u00f8rrelse. Derfor findes der ogs\u00e5 clips til DaRi-systemet D1 i 2 forskellige st\u00f8rrelser. For 28 mm tagrenden leverer vi clips med en indvendig diameter p\u00e5 18 mm, og for 33 mm og 40 mm tagrender clips med en indvendig diameter p\u00e5 20 mm. [&hellip;]\" \/>\n<meta property=\"og:url\" content=\"https:\/\/dari-system.com\/da\/dari-beslag\/\" \/>\n<meta property=\"og:site_name\" content=\"DaRi System\" \/>\n<meta property=\"article:modified_time\" content=\"2024-08-20T20:57:46+00:00\" \/>\n<meta name=\"twitter:card\" content=\"summary_large_image\" \/>\n<meta name=\"twitter:label1\" content=\"Estimeret l\u00e6setid\" \/>\n\t<meta name=\"twitter:data1\" content=\"3 minutter\" \/>\n<script type=\"application\/ld+json\" class=\"yoast-schema-graph\">{\"@context\":\"https:\/\/schema.org\",\"@graph\":[{\"@type\":\"WebPage\",\"@id\":\"https:\/\/dari-system.com\/da\/dari-beslag\/\",\"url\":\"https:\/\/dari-system.com\/da\/dari-beslag\/\",\"name\":\"DaRi-beslag - DaRi System\",\"isPartOf\":{\"@id\":\"https:\/\/dari-system.com\/da\/#website\"},\"datePublished\":\"2024-06-03T10:59:20+00:00\",\"dateModified\":\"2024-08-20T20:57:46+00:00\",\"breadcrumb\":{\"@id\":\"https:\/\/dari-system.com\/da\/dari-beslag\/#breadcrumb\"},\"inLanguage\":\"da-DK\",\"potentialAction\":[{\"@type\":\"ReadAction\",\"target\":[\"https:\/\/dari-system.com\/da\/dari-beslag\/\"]}]},{\"@type\":\"BreadcrumbList\",\"@id\":\"https:\/\/dari-system.com\/da\/dari-beslag\/#breadcrumb\",\"itemListElement\":[{\"@type\":\"ListItem\",\"position\":1,\"name\":\"Startseite\",\"item\":\"https:\/\/dari-system.com\/da\/\"},{\"@type\":\"ListItem\",\"position\":2,\"name\":\"DaRi-beslag\"}]},{\"@type\":\"WebSite\",\"@id\":\"https:\/\/dari-system.com\/da\/#website\",\"url\":\"https:\/\/dari-system.com\/da\/\",\"name\":\"DaRi System\",\"description\":\"\",\"potentialAction\":[{\"@type\":\"SearchAction\",\"target\":{\"@type\":\"EntryPoint\",\"urlTemplate\":\"https:\/\/dari-system.com\/da\/?s={search_term_string}\"},\"query-input\":{\"@type\":\"PropertyValueSpecification\",\"valueRequired\":true,\"valueName\":\"search_term_string\"}}],\"inLanguage\":\"da-DK\"}]}<\/script>\n<!-- \/ Yoast SEO plugin. -->","yoast_head_json":{"title":"DaRi-beslag - DaRi System","robots":{"index":"index","follow":"follow","max-snippet":"max-snippet:-1","max-image-preview":"max-image-preview:large","max-video-preview":"max-video-preview:-1"},"canonical":"https:\/\/dari-system.com\/da\/dari-beslag\/","og_locale":"da_DK","og_type":"article","og_title":"DaRi-beslag - DaRi System","og_description":"DaRi-clipsDiameteren af den forreste runding p\u00e5 en tagrende varierer afh\u00e6ngigt af tagrendens st\u00f8rrelse. Derfor findes der ogs\u00e5 clips til DaRi-systemet D1 i 2 forskellige st\u00f8rrelser. For 28 mm tagrenden leverer vi clips med en indvendig diameter p\u00e5 18 mm, og for 33 mm og 40 mm tagrender clips med en indvendig diameter p\u00e5 20 mm. [&hellip;]","og_url":"https:\/\/dari-system.com\/da\/dari-beslag\/","og_site_name":"DaRi System","article_modified_time":"2024-08-20T20:57:46+00:00","twitter_card":"summary_large_image","twitter_misc":{"Estimeret l\u00e6setid":"3 minutter"},"schema":{"@context":"https:\/\/schema.org","@graph":[{"@type":"WebPage","@id":"https:\/\/dari-system.com\/da\/dari-beslag\/","url":"https:\/\/dari-system.com\/da\/dari-beslag\/","name":"DaRi-beslag - DaRi System","isPartOf":{"@id":"https:\/\/dari-system.com\/da\/#website"},"datePublished":"2024-06-03T10:59:20+00:00","dateModified":"2024-08-20T20:57:46+00:00","breadcrumb":{"@id":"https:\/\/dari-system.com\/da\/dari-beslag\/#breadcrumb"},"inLanguage":"da-DK","potentialAction":[{"@type":"ReadAction","target":["https:\/\/dari-system.com\/da\/dari-beslag\/"]}]},{"@type":"BreadcrumbList","@id":"https:\/\/dari-system.com\/da\/dari-beslag\/#breadcrumb","itemListElement":[{"@type":"ListItem","position":1,"name":"Startseite","item":"https:\/\/dari-system.com\/da\/"},{"@type":"ListItem","position":2,"name":"DaRi-beslag"}]},{"@type":"WebSite","@id":"https:\/\/dari-system.com\/da\/#website","url":"https:\/\/dari-system.com\/da\/","name":"DaRi System","description":"","potentialAction":[{"@type":"SearchAction","target":{"@type":"EntryPoint","urlTemplate":"https:\/\/dari-system.com\/da\/?s={search_term_string}"},"query-input":{"@type":"PropertyValueSpecification","valueRequired":true,"valueName":"search_term_string"}}],"inLanguage":"da-DK"}]}},"_links":{"self":[{"href":"https:\/\/dari-system.com\/da\/wp-json\/wp\/v2\/pages\/25548131","targetHints":{"allow":["GET"]}}],"collection":[{"href":"https:\/\/dari-system.com\/da\/wp-json\/wp\/v2\/pages"}],"about":[{"href":"https:\/\/dari-system.com\/da\/wp-json\/wp\/v2\/types\/page"}],"author":[{"embeddable":true,"href":"https:\/\/dari-system.com\/da\/wp-json\/wp\/v2\/users\/1"}],"replies":[{"embeddable":true,"href":"https:\/\/dari-system.com\/da\/wp-json\/wp\/v2\/comments?post=25548131"}],"version-history":[{"count":8,"href":"https:\/\/dari-system.com\/da\/wp-json\/wp\/v2\/pages\/25548131\/revisions"}],"predecessor-version":[{"id":25548865,"href":"https:\/\/dari-system.com\/da\/wp-json\/wp\/v2\/pages\/25548131\/revisions\/25548865"}],"wp:attachment":[{"href":"https:\/\/dari-system.com\/da\/wp-json\/wp\/v2\/media?parent=25548131"}],"wp:term":[{"taxonomy":"dipi_cpt_category","embeddable":true,"href":"https:\/\/dari-system.com\/da\/wp-json\/wp\/v2\/dipi_cpt_category?post=25548131"}],"curies":[{"name":"wp","href":"https:\/\/api.w.org\/{rel}","templated":true}]}}