{"id":25547112,"date":"2024-05-22T16:45:11","date_gmt":"2024-05-22T16:45:11","guid":{"rendered":"https:\/\/dari-system.com\/produkt\/system-dari-d1\/"},"modified":"2024-08-16T17:39:33","modified_gmt":"2024-08-16T17:39:33","slug":"system-dari-d1","status":"publish","type":"product","link":"https:\/\/dari-system.com\/cs\/produkt\/system-dari-d1\/","title":{"rendered":"Syst\u00e9m DaRi D1"},"content":{"rendered":"<p>[et_pb_section fb_built=&#8220;1&#8243; _builder_version=&#8220;4.16&#8243; custom_padding=&#8220;0px||||false|false&#8220; global_colors_info=&#8220;{}&#8220;][et_pb_row _builder_version=&#8220;4.16&#8243; background_size=&#8220;initial&#8220; background_position=&#8220;top_left&#8220; background_repeat=&#8220;repeat&#8220; width=&#8220;100%&#8220; custom_padding=&#8220;0px||0px||false|false&#8220; global_colors_info=&#8220;{}&#8220;][et_pb_column type=&#8220;4_4&#8243; _builder_version=&#8220;4.16&#8243; custom_padding=&#8220;|||&#8220; global_colors_info=&#8220;{}&#8220; custom_padding__hover=&#8220;|||&#8220;][et_pb_wc_breadcrumb _builder_version=&#8220;4.16&#8243; global_colors_info=&#8220;{}&#8220;][\/et_pb_wc_breadcrumb][et_pb_wc_cart_notice _builder_version=&#8220;4.16&#8243; global_colors_info=&#8220;{}&#8220;][\/et_pb_wc_cart_notice][\/et_pb_column][\/et_pb_row][et_pb_row column_structure=&#8220;1_2,1_2&#8243; _builder_version=&#8220;4.25.0&#8243; background_size=&#8220;initial&#8220; background_position=&#8220;top_left&#8220; background_repeat=&#8220;repeat&#8220; width=&#8220;100%&#8220; custom_padding=&#8220;0px||||false|false&#8220; global_colors_info=&#8220;{}&#8220;][et_pb_column type=&#8220;1_2&#8243; _builder_version=&#8220;4.16&#8243; custom_padding=&#8220;|||&#8220; global_colors_info=&#8220;{}&#8220; custom_padding__hover=&#8220;|||&#8220;][et_pb_wc_images _builder_version=&#8220;4.16&#8243; global_colors_info=&#8220;{}&#8220;][\/et_pb_wc_images][\/et_pb_column][et_pb_column type=&#8220;1_2&#8243; _builder_version=&#8220;4.16&#8243; custom_padding=&#8220;|||&#8220; global_colors_info=&#8220;{}&#8220; custom_padding__hover=&#8220;|||&#8220;][et_pb_wc_title _builder_version=&#8220;4.16&#8243; global_colors_info=&#8220;{}&#8220;][\/et_pb_wc_title][et_pb_wc_rating _builder_version=&#8220;4.16&#8243; global_colors_info=&#8220;{}&#8220;][\/et_pb_wc_rating][et_pb_wc_price disabled_on=&#8220;off|off|on&#8220; _builder_version=&#8220;4.25.0&#8243; global_colors_info=&#8220;{}&#8220;][\/et_pb_wc_price][et_pb_wc_description _builder_version=&#8220;4.16&#8243; global_colors_info=&#8220;{}&#8220;][\/et_pb_wc_description][et_pb_wc_add_to_cart _builder_version=&#8220;4.16&#8243; global_colors_info=&#8220;{}&#8220;][\/et_pb_wc_add_to_cart][et_pb_wc_meta _builder_version=&#8220;4.16&#8243; global_colors_info=&#8220;{}&#8220;][\/et_pb_wc_meta][\/et_pb_column][\/et_pb_row][et_pb_row _builder_version=&#8220;4.16&#8243; background_size=&#8220;initial&#8220; background_position=&#8220;top_left&#8220; background_repeat=&#8220;repeat&#8220; width=&#8220;100%&#8220; global_colors_info=&#8220;{}&#8220;][et_pb_column type=&#8220;4_4&#8243; _builder_version=&#8220;4.16&#8243; custom_padding=&#8220;|||&#8220; global_colors_info=&#8220;{}&#8220; custom_padding__hover=&#8220;|||&#8220;][et_pb_wc_tabs _builder_version=&#8220;4.16&#8243; global_colors_info=&#8220;{}&#8220;]\t\t\t\t\t[\/et_pb_wc_tabs][et_pb_wc_upsells _builder_version=&#8220;4.16&#8243; global_colors_info=&#8220;{}&#8220;][\/et_pb_wc_upsells][et_pb_wc_related_products _builder_version=&#8220;4.16&#8243; global_colors_info=&#8220;{}&#8220;][\/et_pb_wc_related_products][\/et_pb_column][\/et_pb_row][\/et_pb_section]<\/p>\n","protected":false},"excerpt":{"rendered":"<p>Ka\u017ed\u00fd kus je dlouh\u00fd 76 cm.<br \/>\nKa\u017ed\u00fd d\u00edl je p\u0159ipevn\u011bn 4 sponami.<br \/>\nTyto klipy je t\u0159eba objednat zvl\u00e1\u0161\u0165.  <\/p>\n","protected":false},"featured_media":25547116,"template":"","meta":{"_et_pb_use_builder":"on","_et_pb_old_content":"Pro ka\u017edou velikost \u017elabu (velikost 28, 33 nebo 40) existuje vhodn\u00e1 velikost DaRi-System 1. D\u00edly se pokl\u00e1daj\u00ed konec na konec.\nExistuj\u00ed 2 r\u016fzn\u00e9 velikosti klip\u016f.\nVnit\u0159n\u00ed pr\u016fm\u011br klipu je 18 mm pro \u017elab D1\/28 a 20 mm pro \u017elaby D1\/33 a D1\/40.  ","_et_gb_content_width":"","iawp_total_views":52},"product_brand":[],"product_cat":[444],"product_tag":[],"class_list":{"0":"post-25547112","1":"product","2":"type-product","3":"status-publish","4":"has-post-thumbnail","6":"product_cat-nekategorizovane","8":"first","9":"instock","10":"taxable","11":"shipping-taxable","12":"product-type-grouped"},"yoast_head":"<!-- This site is optimized with the Yoast SEO plugin v27.4 - https:\/\/yoast.com\/product\/yoast-seo-wordpress\/ -->\n<title>Syst\u00e9m DaRi D1 - DaRi System<\/title>\n<meta name=\"robots\" content=\"index, follow, max-snippet:-1, max-image-preview:large, max-video-preview:-1\" \/>\n<link rel=\"canonical\" href=\"https:\/\/dari-system.com\/cs\/produkt\/system-dari-d1\/\" \/>\n<meta property=\"og:locale\" content=\"cs_CZ\" \/>\n<meta property=\"og:type\" content=\"article\" \/>\n<meta property=\"og:title\" content=\"Syst\u00e9m DaRi D1 - DaRi System\" \/>\n<meta property=\"og:description\" content=\"Ka\u017ed\u00fd kus je dlouh\u00fd 76 cm. Ka\u017ed\u00fd d\u00edl je p\u0159ipevn\u011bn 4 sponami. Tyto klipy je t\u0159eba objednat zvl\u00e1\u0161\u0165.\" \/>\n<meta property=\"og:url\" content=\"https:\/\/dari-system.com\/cs\/produkt\/system-dari-d1\/\" \/>\n<meta property=\"og:site_name\" content=\"DaRi System\" \/>\n<meta property=\"article:modified_time\" content=\"2024-08-16T17:39:33+00:00\" \/>\n<meta property=\"og:image\" content=\"https:\/\/dari-system.com\/wp-content\/uploads\/2024\/05\/dari_d1-1.webp\" \/>\n\t<meta property=\"og:image:width\" content=\"1042\" \/>\n\t<meta property=\"og:image:height\" content=\"1042\" \/>\n\t<meta property=\"og:image:type\" content=\"image\/webp\" \/>\n<meta name=\"twitter:card\" content=\"summary_large_image\" \/>\n<meta name=\"twitter:label1\" content=\"Odhadovan\u00e1 doba \u010dten\u00ed\" \/>\n\t<meta name=\"twitter:data1\" content=\"2 minuty\" \/>\n<script type=\"application\/ld+json\" class=\"yoast-schema-graph\">{\"@context\":\"https:\\\/\\\/schema.org\",\"@graph\":[{\"@type\":\"WebPage\",\"@id\":\"https:\\\/\\\/dari-system.com\\\/cs\\\/produkt\\\/system-dari-d1\\\/\",\"url\":\"https:\\\/\\\/dari-system.com\\\/cs\\\/produkt\\\/system-dari-d1\\\/\",\"name\":\"Syst\u00e9m DaRi D1 - DaRi System\",\"isPartOf\":{\"@id\":\"https:\\\/\\\/dari-system.com\\\/cs\\\/#website\"},\"primaryImageOfPage\":{\"@id\":\"https:\\\/\\\/dari-system.com\\\/cs\\\/produkt\\\/system-dari-d1\\\/#primaryimage\"},\"image\":{\"@id\":\"https:\\\/\\\/dari-system.com\\\/cs\\\/produkt\\\/system-dari-d1\\\/#primaryimage\"},\"thumbnailUrl\":\"https:\\\/\\\/dari-system.com\\\/wp-content\\\/uploads\\\/2024\\\/05\\\/dari_d1-1.webp\",\"datePublished\":\"2024-05-22T16:45:11+00:00\",\"dateModified\":\"2024-08-16T17:39:33+00:00\",\"breadcrumb\":{\"@id\":\"https:\\\/\\\/dari-system.com\\\/cs\\\/produkt\\\/system-dari-d1\\\/#breadcrumb\"},\"inLanguage\":\"cs\",\"potentialAction\":[{\"@type\":\"ReadAction\",\"target\":[\"https:\\\/\\\/dari-system.com\\\/cs\\\/produkt\\\/system-dari-d1\\\/\"]}]},{\"@type\":\"ImageObject\",\"inLanguage\":\"cs\",\"@id\":\"https:\\\/\\\/dari-system.com\\\/cs\\\/produkt\\\/system-dari-d1\\\/#primaryimage\",\"url\":\"https:\\\/\\\/dari-system.com\\\/wp-content\\\/uploads\\\/2024\\\/05\\\/dari_d1-1.webp\",\"contentUrl\":\"https:\\\/\\\/dari-system.com\\\/wp-content\\\/uploads\\\/2024\\\/05\\\/dari_d1-1.webp\",\"width\":1042,\"height\":1042},{\"@type\":\"BreadcrumbList\",\"@id\":\"https:\\\/\\\/dari-system.com\\\/cs\\\/produkt\\\/system-dari-d1\\\/#breadcrumb\",\"itemListElement\":[{\"@type\":\"ListItem\",\"position\":1,\"name\":\"Startseite\",\"item\":\"https:\\\/\\\/dari-system.com\\\/cs\\\/\"},{\"@type\":\"ListItem\",\"position\":2,\"name\":\"Obchod\",\"item\":\"https:\\\/\\\/dari-system.com\\\/obchod\\\/\"},{\"@type\":\"ListItem\",\"position\":3,\"name\":\"Syst\u00e9m DaRi D1\"}]},{\"@type\":\"WebSite\",\"@id\":\"https:\\\/\\\/dari-system.com\\\/cs\\\/#website\",\"url\":\"https:\\\/\\\/dari-system.com\\\/cs\\\/\",\"name\":\"DaRi System\",\"description\":\"\",\"potentialAction\":[{\"@type\":\"SearchAction\",\"target\":{\"@type\":\"EntryPoint\",\"urlTemplate\":\"https:\\\/\\\/dari-system.com\\\/cs\\\/?s={search_term_string}\"},\"query-input\":{\"@type\":\"PropertyValueSpecification\",\"valueRequired\":true,\"valueName\":\"search_term_string\"}}],\"inLanguage\":\"cs\"}]}<\/script>\n<!-- \/ Yoast SEO plugin. -->","yoast_head_json":{"title":"Syst\u00e9m DaRi D1 - DaRi System","robots":{"index":"index","follow":"follow","max-snippet":"max-snippet:-1","max-image-preview":"max-image-preview:large","max-video-preview":"max-video-preview:-1"},"canonical":"https:\/\/dari-system.com\/cs\/produkt\/system-dari-d1\/","og_locale":"cs_CZ","og_type":"article","og_title":"Syst\u00e9m DaRi D1 - DaRi System","og_description":"Ka\u017ed\u00fd kus je dlouh\u00fd 76 cm. Ka\u017ed\u00fd d\u00edl je p\u0159ipevn\u011bn 4 sponami. Tyto klipy je t\u0159eba objednat zvl\u00e1\u0161\u0165.","og_url":"https:\/\/dari-system.com\/cs\/produkt\/system-dari-d1\/","og_site_name":"DaRi System","article_modified_time":"2024-08-16T17:39:33+00:00","og_image":[{"width":1042,"height":1042,"url":"https:\/\/dari-system.com\/wp-content\/uploads\/2024\/05\/dari_d1-1.webp","type":"image\/webp"}],"twitter_card":"summary_large_image","twitter_misc":{"Odhadovan\u00e1 doba \u010dten\u00ed":"2 minuty"},"schema":{"@context":"https:\/\/schema.org","@graph":[{"@type":"WebPage","@id":"https:\/\/dari-system.com\/cs\/produkt\/system-dari-d1\/","url":"https:\/\/dari-system.com\/cs\/produkt\/system-dari-d1\/","name":"Syst\u00e9m DaRi D1 - DaRi System","isPartOf":{"@id":"https:\/\/dari-system.com\/cs\/#website"},"primaryImageOfPage":{"@id":"https:\/\/dari-system.com\/cs\/produkt\/system-dari-d1\/#primaryimage"},"image":{"@id":"https:\/\/dari-system.com\/cs\/produkt\/system-dari-d1\/#primaryimage"},"thumbnailUrl":"https:\/\/dari-system.com\/wp-content\/uploads\/2024\/05\/dari_d1-1.webp","datePublished":"2024-05-22T16:45:11+00:00","dateModified":"2024-08-16T17:39:33+00:00","breadcrumb":{"@id":"https:\/\/dari-system.com\/cs\/produkt\/system-dari-d1\/#breadcrumb"},"inLanguage":"cs","potentialAction":[{"@type":"ReadAction","target":["https:\/\/dari-system.com\/cs\/produkt\/system-dari-d1\/"]}]},{"@type":"ImageObject","inLanguage":"cs","@id":"https:\/\/dari-system.com\/cs\/produkt\/system-dari-d1\/#primaryimage","url":"https:\/\/dari-system.com\/wp-content\/uploads\/2024\/05\/dari_d1-1.webp","contentUrl":"https:\/\/dari-system.com\/wp-content\/uploads\/2024\/05\/dari_d1-1.webp","width":1042,"height":1042},{"@type":"BreadcrumbList","@id":"https:\/\/dari-system.com\/cs\/produkt\/system-dari-d1\/#breadcrumb","itemListElement":[{"@type":"ListItem","position":1,"name":"Startseite","item":"https:\/\/dari-system.com\/cs\/"},{"@type":"ListItem","position":2,"name":"Obchod","item":"https:\/\/dari-system.com\/obchod\/"},{"@type":"ListItem","position":3,"name":"Syst\u00e9m DaRi D1"}]},{"@type":"WebSite","@id":"https:\/\/dari-system.com\/cs\/#website","url":"https:\/\/dari-system.com\/cs\/","name":"DaRi System","description":"","potentialAction":[{"@type":"SearchAction","target":{"@type":"EntryPoint","urlTemplate":"https:\/\/dari-system.com\/cs\/?s={search_term_string}"},"query-input":{"@type":"PropertyValueSpecification","valueRequired":true,"valueName":"search_term_string"}}],"inLanguage":"cs"}]}},"_links":{"self":[{"href":"https:\/\/dari-system.com\/cs\/wp-json\/wp\/v2\/product\/25547112","targetHints":{"allow":["GET"]}}],"collection":[{"href":"https:\/\/dari-system.com\/cs\/wp-json\/wp\/v2\/product"}],"about":[{"href":"https:\/\/dari-system.com\/cs\/wp-json\/wp\/v2\/types\/product"}],"wp:featuredmedia":[{"embeddable":true,"href":"https:\/\/dari-system.com\/cs\/wp-json\/wp\/v2\/media\/25547116"}],"wp:attachment":[{"href":"https:\/\/dari-system.com\/cs\/wp-json\/wp\/v2\/media?parent=25547112"}],"wp:term":[{"taxonomy":"product_brand","embeddable":true,"href":"https:\/\/dari-system.com\/cs\/wp-json\/wp\/v2\/product_brand?post=25547112"},{"taxonomy":"product_cat","embeddable":true,"href":"https:\/\/dari-system.com\/cs\/wp-json\/wp\/v2\/product_cat?post=25547112"},{"taxonomy":"product_tag","embeddable":true,"href":"https:\/\/dari-system.com\/cs\/wp-json\/wp\/v2\/product_tag?post=25547112"}],"curies":[{"name":"wp","href":"https:\/\/api.w.org\/{rel}","templated":true}]}}