{"id":25549788,"date":"2024-11-05T07:26:49","date_gmt":"2024-11-05T07:26:49","guid":{"rendered":"https:\/\/dari-system.com\/?page_id=25549788"},"modified":"2024-11-05T07:27:02","modified_gmt":"2024-11-05T07:27:02","slug":"ochranny-zlab-proti-listi-3","status":"publish","type":"page","link":"https:\/\/dari-system.com\/cs\/ochranny-zlab-proti-listi-3\/","title":{"rendered":"Ochrann\u00fd \u017elab proti list\u00ed"},"content":{"rendered":"<p>[et_pb_section fb_built=&#8220;1&#8243; fullwidth=&#8220;on&#8220; _builder_version=&#8220;4.25.0&#8243; _module_preset=&#8220;default&#8220; bottom_divider_color=&#8220;#FFFFFF&#8220; bottom_divider_height=&#8220;82px&#8220; bottom_divider_flip=&#8220;horizontal&#8220; locked=&#8220;off&#8220; global_colors_info=&#8220;{}&#8220;][et_pb_fullwidth_header title=&#8220;Ochrann\u00fd \u017elab proti list\u00ed&#8220; subhead=&#8220;Co pot\u0159ebuje ka\u017ed\u00fd majitel domu&#8220; _builder_version=&#8220;4.25.0&#8243; _module_preset=&#8220;default&#8220; title_font=&#8220;|800|||||||&#8220; title_font_size=&#8220;45px&#8220; background_image=&#8220;https:\/\/dari-system.com\/wp-content\/uploads\/2024\/05\/header_background.webp&#8220; background_position=&#8220;bottom_center&#8220; custom_padding=&#8220;8vh||8vh||true|false&#8220; title_font_size_tablet=&#8220;45px&#8220; title_font_size_phone=&#8220;29px&#8220; title_font_size_last_edited=&#8220;on|phone&#8220; content_font_size_tablet=&#8220;&#8220; content_font_size_phone=&#8220;17px&#8220; content_font_size_last_edited=&#8220;on|phone&#8220; global_colors_info=&#8220;{}&#8220;][\/et_pb_fullwidth_header][\/et_pb_section][et_pb_section fb_built=&#8220;1&#8243; _builder_version=&#8220;4.25.0&#8243; _module_preset=&#8220;default&#8220; custom_margin=&#8220;||0px||false|false&#8220; custom_padding=&#8220;||0px||false|false&#8220; global_colors_info=&#8220;{}&#8220;][et_pb_row column_structure=&#8220;1_2,1_2&#8243; _builder_version=&#8220;4.25.0&#8243; _module_preset=&#8220;default&#8220; global_colors_info=&#8220;{}&#8220;][et_pb_column type=&#8220;1_2&#8243; _builder_version=&#8220;4.25.0&#8243; _module_preset=&#8220;default&#8220; global_colors_info=&#8220;{}&#8220;][et_pb_text _builder_version=&#8220;4.25.0&#8243; _module_preset=&#8220;default&#8220; header_2_font=&#8220;|700|||||||&#8220; global_colors_info=&#8220;{}&#8220;]<\/p>\n<h2><strong>V\u00e1\u0161 dokonal\u00fd lapa\u010d list\u00ed do okapu<\/strong><\/h2>\n<p>Ka\u017ed\u00fd majitel domu zn\u00e1 riziko ucp\u00e1n\u00ed okapu list\u00edm, jehli\u010d\u00edm, mechem, drobn\u00fdmi v\u011btvemi, uhynul\u00fdmi pt\u00e1ky nebo z\u00e1bavn\u00ed pyrotechnikou.<br \/>\n <strong>Ochrann\u00fd kryt proti list\u00ed pro okap,<\/strong> a\u0165 u\u017e p\u016flkruhov\u00fd, nebo jako krabicov\u00fd, je v mnoha ohledech prakticky nepostradateln\u00fd.<br \/>\nExistuje asi jen m\u00e1lo prac\u00ed kolem domu a zahrady, kter\u00e9 lid\u00e9 tak r\u00e1di odkl\u00e1daj\u00ed jako \u010di\u0161t\u011bn\u00ed okap\u016f.<br \/>\nNejen\u017ee je \u00fanavn\u00e9 n\u011bkolikr\u00e1t do roka vytahovat \u017eeb\u0159\u00edk a \u0161plhat na st\u0159echu, ale tak\u00e9 je nebezpe\u010dn\u00e9 st\u00e1t na dlouh\u00e9m, vratk\u00e9m \u017eeb\u0159\u00edku a \u010distit okap.<br \/>\nIde\u00e1ln\u00ed \u0159e\u0161en\u00ed nab\u00edz\u00ed ochrana proti list\u00ed pro okapy nebo krabicov\u00e9 \u017elaby.<br \/>\nLapa\u010d list\u00ed pro okap u\u0161et\u0159\u00ed drahocenn\u00fd \u010das.<br \/>\nPokud list\u00ed ucpe okap, de\u0161\u0165ov\u00e1 voda se shroma\u017e\u010fuje a m\u016f\u017ee st\u00e9kat p\u0159es okap a prom\u00e1\u010det st\u011bny domu.<br \/>\nTo se m\u016f\u017ee st\u00e1t i u krabicov\u00e9ho \u017elabu.<br \/>\nProto je chr\u00e1ni\u010d list\u00ed pro ka\u017ed\u00e9ho majitele domu MUS\u00cd.        <\/p>\n<p>[\/et_pb_text][\/et_pb_column][et_pb_column type=&#8220;1_2&#8243; _builder_version=&#8220;4.25.0&#8243; _module_preset=&#8220;default&#8220; global_colors_info=&#8220;{}&#8220;][et_pb_image src=&#8220;https:\/\/dari-system.com\/wp-content\/uploads\/2024\/06\/laubfang-dachrinne.webp&#8220; alt=&#8220;Ochrann\u00fd \u017elab proti list\u00ed&#8220; title_text=&#8220;ochrann\u00fd \u017elab proti list\u00ed&#8220; _builder_version=&#8220;4.25.0&#8243; _module_preset=&#8220;default&#8220; custom_margin=&#8220;||5px||false|false&#8220; global_colors_info=&#8220;{}&#8220;][\/et_pb_image][et_pb_text _builder_version=&#8220;4.25.0&#8243; _module_preset=&#8220;default&#8220; custom_margin=&#8220;0px||||false|false&#8220; global_colors_info=&#8220;{}&#8220;]<\/p>\n<p style=\"text-align: center;\"><em>Ochrann\u00fd \u017elab proti list\u00ed od spole\u010dnosti DaRi-System<\/em><\/p>\n<p>[\/et_pb_text][\/et_pb_column][\/et_pb_row][\/et_pb_section][et_pb_section fb_built=&#8220;1&#8243; _builder_version=&#8220;4.25.0&#8243; _module_preset=&#8220;default&#8220; custom_margin=&#8220;0px||||false|false&#8220; custom_padding=&#8220;0px||||false|false&#8220; global_colors_info=&#8220;{}&#8220;][et_pb_row _builder_version=&#8220;4.25.0&#8243; _module_preset=&#8220;default&#8220; global_colors_info=&#8220;{}&#8220;][et_pb_column type=&#8220;4_4&#8243; _builder_version=&#8220;4.25.0&#8243; _module_preset=&#8220;default&#8220; global_colors_info=&#8220;{}&#8220;][et_pb_text _builder_version=&#8220;4.25.0&#8243; _module_preset=&#8220;default&#8220; header_2_font=&#8220;|800|||||||&#8220; global_colors_info=&#8220;{}&#8220;]<\/p>\n<h2><strong>Nab\u00edz\u00edme dokonalou ochranu proti list\u00ed pro okapy a krabicov\u00e9 \u017elaby.<\/strong><\/h2>\n<p>Pokud hled\u00e1te dokonalou ochranu proti list\u00ed pro v\u00e1\u0161 okap, jste na spr\u00e1vn\u00e9m m\u00edst\u011b.<br \/>\nM\u00e1me spr\u00e1vn\u00e9 \u0159e\u0161en\u00ed pro ka\u017ed\u00fd okap.<br \/>\nBez ohledu na to, zda hled\u00e1te ochranu proti list\u00ed pro p\u016flkruhov\u00fd nebo krabicov\u00fd okap.<br \/>\nN\u00e1\u0161 speci\u00e1ln\u011b vyvinut\u00fd syst\u00e9m ochrany proti list\u00ed pro krabicov\u00e9 \u017elaby lze p\u0159izp\u016fsobit \u017elab\u016fm r\u016fzn\u00fdch \u0161\u00ed\u0159ek, a proto je jedine\u010dn\u00fd.<br \/>\nOchrana proti list\u00ed pro krabicov\u00e9 \u017elaby je proto ide\u00e1ln\u00ed pro krabicov\u00e9 \u017elaby na st\u0159\u00ed\u0161k\u00e1ch, balkonech a zimn\u00edch zahrad\u00e1ch.<br \/>\nZde se obvykle instaluj\u00ed nestandardizovan\u00e9 \u017elaby.<br \/>\nPro n\u00e1\u0161 syst\u00e9m ochrany proti list\u00ed to v\u0161ak nep\u0159edstavuje \u017e\u00e1dn\u00fd probl\u00e9m.      <\/p>\n<h2><strong>Nejvy\u0161\u0161\u00ed kvalita a nejlep\u0161\u00ed slu\u017eby<\/strong><\/h2>\n<p>Ji\u017e v\u00edce ne\u017e 20 let se zab\u00fdv\u00e1me ochranou okap\u016f p\u0159ed ucp\u00e1v\u00e1n\u00edm list\u00edm a vyvinuli jsme vysoce kvalitn\u00ed v\u00fdrobky, kter\u00e9 se vyr\u00e1b\u011bj\u00ed v N\u011bmecku.<br \/>\nT\u011b\u0161\u00edme se na ka\u017edou popt\u00e1vku.<br \/>\nPo\u0161lete n\u00e1m obr\u00e1zek va\u0161eho okapu a my v\u00e1m zdarma porad\u00edme, jak\u00fd syst\u00e9m zachycov\u00e1n\u00ed list\u00ed je pro v\u00e1\u0161 okap nebo boxov\u00fd \u017elab nejvhodn\u011bj\u0161\u00ed.<br \/>\nTo v\u0161e je sou\u010d\u00e1st\u00ed na\u0161eho komplexn\u00edho servisu pro okapov\u00e9 lapa\u010de list\u00ed.<br \/>\nSyst\u00e9m DaRi dod\u00e1v\u00e1me z\u00e1kazn\u00edk\u016fm po cel\u00e9 Evrop\u011b v nejkrat\u0161\u00edm mo\u017en\u00e9m \u010dase.<br \/>\nSyst\u00e9m DaRi spl\u0148uje nejvy\u0161\u0161\u00ed standardy kvality a zaru\u010duje dlouhou \u017eivotnost.<br \/>\nA zaru\u010dujeme, \u017ee se syst\u00e9mem na zachycen\u00ed list\u00ed DaRi ji\u017e nebudou okapy ucpan\u00e9 list\u00edm.      <\/p>\n<h2><strong>V\u00fdhody ochrann\u00fdch kryt\u016f proti list\u00ed pro okapy:<\/strong><\/h2>\n<ul>\n<li><strong>Zabra\u0148te ucp\u00e1n\u00ed:<\/strong> Lapa\u010de list\u00ed zabra\u0148uj\u00ed vnik\u00e1n\u00ed list\u00ed, v\u011btv\u00ed a dal\u0161\u00edch ne\u010distot do okap\u016f, \u010d\u00edm\u017e se p\u0159edch\u00e1z\u00ed jejich ucp\u00e1v\u00e1n\u00ed.<\/li>\n<li><strong>Zv\u00fd\u0161en\u00e1 \u017eivotnost:<\/strong> Sn\u00ed\u017een\u00edm ucp\u00e1v\u00e1n\u00ed se minimalizuje po\u0161kozen\u00ed \u017elab\u016f, jako je rez a koroze, co\u017e prodlu\u017euje jejich \u017eivotnost.<\/li>\n<li><strong>Lep\u0161\u00ed odtok vody:<\/strong> Lapa\u010de list\u00ed umo\u017e\u0148uj\u00ed lep\u0161\u00ed odtok vody, proto\u017ee voda m\u016f\u017ee voln\u011b prot\u00e9kat \u017elabem, ani\u017e by narazila na p\u0159ek\u00e1\u017eky.<\/li>\n<li><strong>M\u00e9n\u011b pr\u00e1ce p\u0159i \u00fadr\u017eb\u011b:<\/strong> Se syst\u00e9mem DaRi je t\u0159eba \u017elaby \u010distit m\u00e9n\u011b \u010dasto, co\u017e sni\u017euje n\u00e1roky na \u00fadr\u017ebu a \u0161et\u0159\u00ed \u010das.<\/li>\n<li><strong>Ochrana p\u0159ed po\u0161kozen\u00edm budovy:<\/strong> Ucpan\u00e9 \u017elaby mohou v\u00e9st k po\u0161kozen\u00ed fas\u00e1dy budovy, z\u00e1klad\u016f a st\u0159echy vodou.<br \/>\nZachycova\u010de list\u00ed chr\u00e1n\u00ed p\u0159ed t\u011bmito \u0161kodami. <\/li>\n<li><strong>Lep\u0161\u00ed estetika:<\/strong> \u010cist\u00e9 \u017elaby bez viditeln\u00fdch usazenin p\u0159isp\u00edvaj\u00ed k estetick\u00e9mu vzhledu budovy<strong>.<\/strong> <\/li>\n<li><strong>\u0160etrnost k \u017eivotn\u00edmu prost\u0159ed\u00ed:<\/strong> D\u00edky prevenci ucp\u00e1n\u00ed a n\u00e1sledn\u00e9ho po\u0161kozen\u00ed pom\u00e1h\u00e1 syst\u00e9m DaRi sni\u017eovat pot\u0159ebu oprav a v\u00fdm\u011bn, co\u017e \u0161et\u0159\u00ed zdroje a energii.<br \/>\nSyst\u00e9m DaRi je pln\u011b recyklovateln\u00fd. <\/li>\n<\/ul>\n<p>To by v\u00e1s tak\u00e9 mohlo zaj\u00edmat:<\/p>\n<ul>\n<li><a href=\"https:\/\/dari-system.com\/cs\/ochranny-zlab-proti-listi-2\/\" title=\"Ochrann\u00fd \u017elab proti list\u00ed\"><a href=\"https:\/\/dari-system.com\/cs\/ochranny-zlab-proti-listi-2\/\">Ochrann\u00fd kryt proti list\u00ed pro okapy<\/a><\/a><\/li>\n<li><a href=\"https:\/\/dari-system.com\/cs\/destove-zlaby-ochrana-proti-listi\/\" title=\"De\u0161\u0165ov\u00e9 \u017elaby Ochrana proti list\u00ed\"><a href=\"https:\/\/dari-system.com\/cs\/destove-zlaby-ochrana-proti-listi\/\">De\u0161\u0165ov\u00e9 \u017elaby Ochrana proti list\u00ed<\/a><\/a><\/li>\n<li><a href=\"https:\/\/dari-system.com\/cs\/ochranny-zlab-proti-listi\/\" title=\"Ochrann\u00fd \u017elab proti list\u00ed\"><a href=\"https:\/\/dari-system.com\/cs\/ochranny-zlab-proti-listi\/\">Ochrana okap\u016f proti list\u00ed<\/a><\/a><\/li>\n<li><a href=\"https:\/\/dari-system.com\/cs\/kryt-zlabu\/\" title=\"Kryt \u017elabu\"> <a href=\"https:\/\/dari-system.com\/cs\/kryt-zlabu\/\"> Kryt \u017elabu<\/a><\/a><\/li>\n<\/ul>\n<p>[\/et_pb_text][\/et_pb_column][\/et_pb_row][\/et_pb_section][et_pb_section fb_built=&#8220;1&#8243; theme_builder_area=&#8220;post_content&#8220; _builder_version=&#8220;4.27.0&#8243; _module_preset=&#8220;default&#8220;][et_pb_row _builder_version=&#8220;4.27.0&#8243; _module_preset=&#8220;default&#8220; theme_builder_area=&#8220;post_content&#8220;][et_pb_column _builder_version=&#8220;4.27.0&#8243; _module_preset=&#8220;default&#8220; type=&#8220;4_4&#8243; theme_builder_area=&#8220;post_content&#8220;][et_pb_text _builder_version=&#8220;4.27.0&#8243; _module_preset=&#8220;default&#8220; theme_builder_area=&#8220;post_content&#8220; hover_enabled=&#8220;0&#8243; sticky_enabled=&#8220;0&#8243;]<\/p>\n<h2><span>Laubfang f\u00fcr die Dachrinne gesucht? Entdecke jetzt die Vorteile von DaRi System!<\/span><\/h2>\n<p><span>Du bist es leid, nach einem langen Arbeitstag noch aufs Dach zu steigen, um die Dachrinne von Unrat zu befreien, um einen sicheren Wasserablauf zu gew\u00e4hrleisten? Dann geht es dir \u00e4hnlich wie den Entwicklern von DaRi System. Unser Ziel war es von Anfang an, einen zuverl\u00e4ssigen und hochwertigen <strong>Laubfang f\u00fcr die Dachrinne<\/strong> zu entwickeln, der UV-best\u00e4ndig und noch dazu k\u00e4ltestabil ist. Neben der hohen Qualit\u00e4t standen f\u00fcr uns Funktionalit\u00e4t und eine kinderleichte Montage bei der Entwicklung an oberster Stelle. Entstanden ist so ein Laubfang f\u00fcr die Dachrinne, der universell einsetzbar ist und bei verschiedenen Rinnentypen verwendet werden kann. Noch dazu ist unser Laubfang f\u00fcr die Dachrinne aus recyclingf\u00e4higem Material hergestellt und absolut nachhaltig. <\/span><\/p>\n<h2><span>Einfach nachr\u00fcstbar und besonders zuverl\u00e4ssig<\/span><\/h2>\n<p>Egal ob du f\u00fcr deine Dachrinne schon mal ein anderes Laubschutzsystem ausprobiert hast oder ob deine Dachrinne bisher noch nicht gesch\u00fctzt war: Mit dem DaRi-System trifft du mit Sicherheit die richtige Wahl.<span> Du kannst unseren Dachrinnenschutz jederzeit problemlos nachr\u00fcsten. Die optimierte Bauweise sorgt daf\u00fcr, dass die Montage kinderleicht und schnell von der Hand geht. Wir haben unseren <strong>Laubfang f\u00fcr die Dachrinne<\/strong> mit einer optimierten Lochung ausgestattet, sodass auch Nadeln nicht mehr ins Innere der Rinne gelangen k\u00f6nnen. <\/span><span>\u00a0<\/span><\/p>\n<h2><span>Mehr als ein Laubfang f\u00fcr die Dachrinne<\/span><\/h2>\n<p>Mit einem <strong>Laubfang f\u00fcr die Dachrinne<\/strong> von DaRi System w\u00e4hlst du einen zuverl\u00e4ssigen Schutz mit geringem Wartungsaufwand. Er sch\u00fctzt aber nicht nur vor Laub, sondern verhindert ebenso, dass sich V\u00f6gel in der Dachrinne niederlassen oder Nagetiere diese als Einstiegsweg ins Haus nutzen k\u00f6nnen. Da die Dachrinnen frei bleiben, kannst du dich auf eine verbesserte Wasserf\u00fchrung verlassen.<\/p>\n<p>[\/et_pb_text][\/et_pb_column][\/et_pb_row][\/et_pb_section]<\/p>\n","protected":false},"excerpt":{"rendered":"<p>V\u00e1\u0161 dokonal\u00fd lapa\u010d list\u00ed do okapu Ka\u017ed\u00fd majitel domu zn\u00e1 riziko ucp\u00e1n\u00ed okapu list\u00edm, jehli\u010d\u00edm, mechem, drobn\u00fdmi v\u011btvemi, uhynul\u00fdmi pt\u00e1ky nebo z\u00e1bavn\u00ed pyrotechnikou. Ochrann\u00fd kryt proti list\u00ed pro okap, a\u0165 u\u017e p\u016flkruhov\u00fd, nebo jako krabicov\u00fd, je v mnoha ohledech prakticky nepostradateln\u00fd. Existuje asi jen m\u00e1lo prac\u00ed kolem domu a zahrady, kter\u00e9 lid\u00e9 tak r\u00e1di odkl\u00e1daj\u00ed [&hellip;]<\/p>\n","protected":false},"author":2,"featured_media":0,"parent":0,"menu_order":0,"comment_status":"closed","ping_status":"closed","template":"","meta":{"_et_pb_use_builder":"on","_et_pb_old_content":"","_et_gb_content_width":"","iawp_total_views":25,"footnotes":""},"dipi_cpt_category":[],"class_list":["post-25549788","page","type-page","status-publish","hentry"],"yoast_head":"<!-- This site is optimized with the Yoast SEO plugin v27.2 - https:\/\/yoast.com\/product\/yoast-seo-wordpress\/ -->\n<title>Efektivn\u00ed ochrana okap\u016f p\u0159ed list\u00edm - syst\u00e9m DaRi<\/title>\n<meta name=\"description\" content=\"Objevte dokonal\u00fd lapa\u010d list\u00ed pro v\u00e1\u0161 okap. Se syst\u00e9mem DaRi u\u017e \u017e\u00e1dn\u00e9 ucp\u00e1v\u00e1n\u00ed a zdlouhav\u00e9 \u010di\u0161t\u011bn\u00ed. Zjist\u011bte v\u00edce informac\u00ed nyn\u00ed!\" \/>\n<meta name=\"robots\" content=\"index, follow, max-snippet:-1, max-image-preview:large, max-video-preview:-1\" \/>\n<link rel=\"canonical\" href=\"https:\/\/dari-system.com\/cs\/ochranny-zlab-proti-listi-3\/\" \/>\n<meta property=\"og:locale\" content=\"cs_CZ\" \/>\n<meta property=\"og:type\" content=\"article\" \/>\n<meta property=\"og:title\" content=\"Efektivn\u00ed ochrana okap\u016f p\u0159ed list\u00edm - syst\u00e9m DaRi\" \/>\n<meta property=\"og:description\" content=\"Objevte dokonal\u00fd lapa\u010d list\u00ed pro v\u00e1\u0161 okap. Se syst\u00e9mem DaRi u\u017e \u017e\u00e1dn\u00e9 ucp\u00e1v\u00e1n\u00ed a zdlouhav\u00e9 \u010di\u0161t\u011bn\u00ed. Zjist\u011bte v\u00edce informac\u00ed nyn\u00ed!\" \/>\n<meta property=\"og:url\" content=\"https:\/\/dari-system.com\/cs\/ochranny-zlab-proti-listi-3\/\" \/>\n<meta property=\"og:site_name\" content=\"DaRi System\" \/>\n<meta property=\"article:modified_time\" content=\"2024-11-05T07:27:02+00:00\" \/>\n<meta name=\"twitter:card\" content=\"summary_large_image\" \/>\n<meta name=\"twitter:label1\" content=\"Odhadovan\u00e1 doba \u010dten\u00ed\" \/>\n\t<meta name=\"twitter:data1\" content=\"7 minut\" \/>\n<script type=\"application\/ld+json\" class=\"yoast-schema-graph\">{\"@context\":\"https:\/\/schema.org\",\"@graph\":[{\"@type\":\"WebPage\",\"@id\":\"https:\/\/dari-system.com\/cs\/ochranny-zlab-proti-listi-3\/\",\"url\":\"https:\/\/dari-system.com\/cs\/ochranny-zlab-proti-listi-3\/\",\"name\":\"Efektivn\u00ed ochrana okap\u016f p\u0159ed list\u00edm - syst\u00e9m DaRi\",\"isPartOf\":{\"@id\":\"https:\/\/dari-system.com\/cs\/#website\"},\"datePublished\":\"2024-11-05T07:26:49+00:00\",\"dateModified\":\"2024-11-05T07:27:02+00:00\",\"description\":\"Objevte dokonal\u00fd lapa\u010d list\u00ed pro v\u00e1\u0161 okap. Se syst\u00e9mem DaRi u\u017e \u017e\u00e1dn\u00e9 ucp\u00e1v\u00e1n\u00ed a zdlouhav\u00e9 \u010di\u0161t\u011bn\u00ed. Zjist\u011bte v\u00edce informac\u00ed nyn\u00ed!\",\"breadcrumb\":{\"@id\":\"https:\/\/dari-system.com\/cs\/ochranny-zlab-proti-listi-3\/#breadcrumb\"},\"inLanguage\":\"cs\",\"potentialAction\":[{\"@type\":\"ReadAction\",\"target\":[\"https:\/\/dari-system.com\/cs\/ochranny-zlab-proti-listi-3\/\"]}]},{\"@type\":\"BreadcrumbList\",\"@id\":\"https:\/\/dari-system.com\/cs\/ochranny-zlab-proti-listi-3\/#breadcrumb\",\"itemListElement\":[{\"@type\":\"ListItem\",\"position\":1,\"name\":\"Startseite\",\"item\":\"https:\/\/dari-system.com\/cs\/\"},{\"@type\":\"ListItem\",\"position\":2,\"name\":\"Ochrann\u00fd \u017elab proti list\u00ed\"}]},{\"@type\":\"WebSite\",\"@id\":\"https:\/\/dari-system.com\/cs\/#website\",\"url\":\"https:\/\/dari-system.com\/cs\/\",\"name\":\"DaRi System\",\"description\":\"\",\"potentialAction\":[{\"@type\":\"SearchAction\",\"target\":{\"@type\":\"EntryPoint\",\"urlTemplate\":\"https:\/\/dari-system.com\/cs\/?s={search_term_string}\"},\"query-input\":{\"@type\":\"PropertyValueSpecification\",\"valueRequired\":true,\"valueName\":\"search_term_string\"}}],\"inLanguage\":\"cs\"}]}<\/script>\n<!-- \/ Yoast SEO plugin. -->","yoast_head_json":{"title":"Efektivn\u00ed ochrana okap\u016f p\u0159ed list\u00edm - syst\u00e9m DaRi","description":"Objevte dokonal\u00fd lapa\u010d list\u00ed pro v\u00e1\u0161 okap. Se syst\u00e9mem DaRi u\u017e \u017e\u00e1dn\u00e9 ucp\u00e1v\u00e1n\u00ed a zdlouhav\u00e9 \u010di\u0161t\u011bn\u00ed. Zjist\u011bte v\u00edce informac\u00ed nyn\u00ed!","robots":{"index":"index","follow":"follow","max-snippet":"max-snippet:-1","max-image-preview":"max-image-preview:large","max-video-preview":"max-video-preview:-1"},"canonical":"https:\/\/dari-system.com\/cs\/ochranny-zlab-proti-listi-3\/","og_locale":"cs_CZ","og_type":"article","og_title":"Efektivn\u00ed ochrana okap\u016f p\u0159ed list\u00edm - syst\u00e9m DaRi","og_description":"Objevte dokonal\u00fd lapa\u010d list\u00ed pro v\u00e1\u0161 okap. Se syst\u00e9mem DaRi u\u017e \u017e\u00e1dn\u00e9 ucp\u00e1v\u00e1n\u00ed a zdlouhav\u00e9 \u010di\u0161t\u011bn\u00ed. Zjist\u011bte v\u00edce informac\u00ed nyn\u00ed!","og_url":"https:\/\/dari-system.com\/cs\/ochranny-zlab-proti-listi-3\/","og_site_name":"DaRi System","article_modified_time":"2024-11-05T07:27:02+00:00","twitter_card":"summary_large_image","twitter_misc":{"Odhadovan\u00e1 doba \u010dten\u00ed":"7 minut"},"schema":{"@context":"https:\/\/schema.org","@graph":[{"@type":"WebPage","@id":"https:\/\/dari-system.com\/cs\/ochranny-zlab-proti-listi-3\/","url":"https:\/\/dari-system.com\/cs\/ochranny-zlab-proti-listi-3\/","name":"Efektivn\u00ed ochrana okap\u016f p\u0159ed list\u00edm - syst\u00e9m DaRi","isPartOf":{"@id":"https:\/\/dari-system.com\/cs\/#website"},"datePublished":"2024-11-05T07:26:49+00:00","dateModified":"2024-11-05T07:27:02+00:00","description":"Objevte dokonal\u00fd lapa\u010d list\u00ed pro v\u00e1\u0161 okap. Se syst\u00e9mem DaRi u\u017e \u017e\u00e1dn\u00e9 ucp\u00e1v\u00e1n\u00ed a zdlouhav\u00e9 \u010di\u0161t\u011bn\u00ed. Zjist\u011bte v\u00edce informac\u00ed nyn\u00ed!","breadcrumb":{"@id":"https:\/\/dari-system.com\/cs\/ochranny-zlab-proti-listi-3\/#breadcrumb"},"inLanguage":"cs","potentialAction":[{"@type":"ReadAction","target":["https:\/\/dari-system.com\/cs\/ochranny-zlab-proti-listi-3\/"]}]},{"@type":"BreadcrumbList","@id":"https:\/\/dari-system.com\/cs\/ochranny-zlab-proti-listi-3\/#breadcrumb","itemListElement":[{"@type":"ListItem","position":1,"name":"Startseite","item":"https:\/\/dari-system.com\/cs\/"},{"@type":"ListItem","position":2,"name":"Ochrann\u00fd \u017elab proti list\u00ed"}]},{"@type":"WebSite","@id":"https:\/\/dari-system.com\/cs\/#website","url":"https:\/\/dari-system.com\/cs\/","name":"DaRi System","description":"","potentialAction":[{"@type":"SearchAction","target":{"@type":"EntryPoint","urlTemplate":"https:\/\/dari-system.com\/cs\/?s={search_term_string}"},"query-input":{"@type":"PropertyValueSpecification","valueRequired":true,"valueName":"search_term_string"}}],"inLanguage":"cs"}]}},"_links":{"self":[{"href":"https:\/\/dari-system.com\/cs\/wp-json\/wp\/v2\/pages\/25549788","targetHints":{"allow":["GET"]}}],"collection":[{"href":"https:\/\/dari-system.com\/cs\/wp-json\/wp\/v2\/pages"}],"about":[{"href":"https:\/\/dari-system.com\/cs\/wp-json\/wp\/v2\/types\/page"}],"author":[{"embeddable":true,"href":"https:\/\/dari-system.com\/cs\/wp-json\/wp\/v2\/users\/2"}],"replies":[{"embeddable":true,"href":"https:\/\/dari-system.com\/cs\/wp-json\/wp\/v2\/comments?post=25549788"}],"version-history":[{"count":2,"href":"https:\/\/dari-system.com\/cs\/wp-json\/wp\/v2\/pages\/25549788\/revisions"}],"predecessor-version":[{"id":25549811,"href":"https:\/\/dari-system.com\/cs\/wp-json\/wp\/v2\/pages\/25549788\/revisions\/25549811"}],"wp:attachment":[{"href":"https:\/\/dari-system.com\/cs\/wp-json\/wp\/v2\/media?parent=25549788"}],"wp:term":[{"taxonomy":"dipi_cpt_category","embeddable":true,"href":"https:\/\/dari-system.com\/cs\/wp-json\/wp\/v2\/dipi_cpt_category?post=25549788"}],"curies":[{"name":"wp","href":"https:\/\/api.w.org\/{rel}","templated":true}]}}