{"id":25547160,"date":"2024-06-19T14:44:07","date_gmt":"2024-06-19T14:44:07","guid":{"rendered":"https:\/\/dari-system.com\/destove-zlaby-ochrana-proti-listi\/"},"modified":"2024-08-16T17:40:19","modified_gmt":"2024-08-16T17:40:19","slug":"destove-zlaby-ochrana-proti-listi","status":"publish","type":"page","link":"https:\/\/dari-system.com\/cs\/destove-zlaby-ochrana-proti-listi\/","title":{"rendered":"De\u0161\u0165ov\u00e9 \u017elaby Ochrana proti list\u00ed"},"content":{"rendered":"<p>[et_pb_section fb_built=&#8220;1&#8243; fullwidth=&#8220;on&#8220; _builder_version=&#8220;4.25.0&#8243; _module_preset=&#8220;default&#8220; bottom_divider_color=&#8220;#FFFFFF&#8220; bottom_divider_height=&#8220;82px&#8220; bottom_divider_flip=&#8220;horizontal&#8220; locked=&#8220;off&#8220; global_colors_info=&#8220;{}&#8220;][et_pb_fullwidth_header title=&#8220;De\u0161\u0165ov\u00e9 \u017elaby Ochrana proti list\u00ed&#8220; subhead=&#8220;a m\u00e1te o jednu starost m\u00e9n\u011b&#8220; _builder_version=&#8220;4.25.0&#8243; _module_preset=&#8220;default&#8220; title_font=&#8220;|800|||||||&#8220; title_font_size=&#8220;45px&#8220; background_image=&#8220;https:\/\/dari-system.com\/wp-content\/uploads\/2024\/05\/header_background.webp&#8220; background_position=&#8220;bottom_center&#8220; custom_padding=&#8220;8vh||8vh||true|false&#8220; hover_enabled=&#8220;0&#8243; title_font_size_tablet=&#8220;45px&#8220; title_font_size_phone=&#8220;29px&#8220; title_font_size_last_edited=&#8220;on|phone&#8220; content_font_size_tablet=&#8220;&#8220; content_font_size_phone=&#8220;17px&#8220; content_font_size_last_edited=&#8220;on|phone&#8220; global_colors_info=&#8220;{}&#8220; sticky_enabled=&#8220;0&#8243;][\/et_pb_fullwidth_header][\/et_pb_section][et_pb_section fb_built=&#8220;1&#8243; _builder_version=&#8220;4.25.0&#8243; _module_preset=&#8220;default&#8220; custom_margin=&#8220;||0px||false|false&#8220; custom_padding=&#8220;||0px||false|false&#8220; global_colors_info=&#8220;{}&#8220;][et_pb_row _builder_version=&#8220;4.25.0&#8243; _module_preset=&#8220;default&#8220; global_colors_info=&#8220;{}&#8220;][et_pb_column type=&#8220;4_4&#8243; _builder_version=&#8220;4.25.0&#8243; _module_preset=&#8220;default&#8220; global_colors_info=&#8220;{}&#8220;][et_pb_text _builder_version=&#8220;4.25.0&#8243; _module_preset=&#8220;default&#8220; header_2_font=&#8220;|700|||||||&#8220; hover_enabled=&#8220;0&#8243; global_colors_info=&#8220;{}&#8220; sticky_enabled=&#8220;0&#8243;]<\/p>\n<h2>Spolehliv\u00e1 ochrana okap\u016f p\u0159ed de\u0161t\u011bm<\/h2>\n<p>  S na\u0161\u00ed ochranou okap\u016f p\u0159ed list\u00edm se ji\u017e nemus\u00edte ob\u00e1vat ucp\u00e1n\u00ed okap\u016f.<br \/>\nOchrann\u00fd kryt proti list\u00ed spolehliv\u011b ochr\u00e1n\u00ed p\u016flkruhov\u00e9 a krabicov\u00e9 \u017elaby p\u0159ed ucp\u00e1n\u00edm list\u00edm nebo jehli\u010d\u00edm.<br \/>\nInstalace chr\u00e1ni\u010de okapov\u00e9ho list\u00ed je hra\u010dka.<br \/>\nNepot\u0159ebujete k tomu ani \u017e\u00e1dn\u00e9 n\u00e1\u0159ad\u00ed.<br \/>\nOchrann\u00fd kryt proti list\u00ed okapu se jednodu\u0161e um\u00edst\u00ed do okapu a p\u0159ipne se na kulatou li\u0161tu v p\u0159edn\u00ed \u010d\u00e1sti.<br \/>\nKlipy jsou k dispozici v \u010dern\u00e9 a st\u0159\u00edbrn\u00e9 barv\u011b.<br \/>\nTo znamen\u00e1, \u017ee klipy jsou zespodu sotva viditeln\u00e9.<br \/>\nA p\u0159esto je v\u00e1\u0161 okap d\u00edky chr\u00e1ni\u010di okapov\u00e9ho list\u00ed skv\u011ble chr\u00e1n\u011bn.<br \/>\nChr\u00e1ni\u010d okapov\u00e9ho list\u00ed v\u0161ak nechr\u00e1n\u00ed okap p\u0159ed list\u00edm nebo jehli\u010d\u00edm.<br \/>\nDrobn\u00e9 v\u011btve nebo mech jsou tak\u00e9 odfouk\u00e1v\u00e1ny ze st\u0159echy a skon\u010dily by ve \u017elabu, kdyby okapov\u00fd chr\u00e1ni\u010d proti list\u00ed nechr\u00e1nil \u017elab.[\/et_pb_text][\/et_pb_column][\/et_pb_row][et_pb_row column_structure=&#8220;1_2,1_2&#8243; _builder_version=&#8220;4.25.0&#8243; _module_preset=&#8220;default&#8220; global_colors_info=&#8220;{}&#8220;][et_pb_column type=&#8220;1_2&#8243; _builder_version=&#8220;4.25.0&#8243; _module_preset=&#8220;default&#8220; global_colors_info=&#8220;{}&#8220;][et_pb_text _builder_version=&#8220;4.25.0&#8243; _module_preset=&#8220;default&#8220; header_2_font=&#8220;|700|||||||&#8220; hover_enabled=&#8220;0&#8243; global_colors_info=&#8220;{}&#8220; sticky_enabled=&#8220;0&#8243;]<\/p>\n<h2>Na\u0161e ochrana proti list\u00ed se hod\u00ed t\u00e9m\u011b\u0159 ke ka\u017ed\u00e9mu okapu.<\/h2>\n<p>  V z\u00e1vislosti na velikosti st\u0159echy se tomu p\u0159izp\u016fsob\u00ed i velikost \u017elabu.<br \/>\nU velmi velk\u00fdch st\u0159ech se \u010dasto instaluje \u017elab velikosti 40 a u mal\u00fdch st\u0159ech \u017elab velikosti 28.<br \/>\nV bytov\u00e9 v\u00fdstavb\u011b se v\u0161ak nej\u010dast\u011bji pou\u017e\u00edvaj\u00ed \u017elaby velikosti 33.<br \/>\nVelikost \u017elabu zjist\u00edte na jeho konci.<br \/>\nJe tam um\u00edst\u011bn koncov\u00fd \u0161t\u00edtek.<br \/>\nA na tomto \u0161t\u00edtku je obvykle uvedena velikost \u017elabu.<br \/>\nVelikost \u017elabu je velmi d\u016fle\u017eit\u00e1 pro zaji\u0161t\u011bn\u00ed dokonal\u00e9ho uchycen\u00ed ochrany okapov\u00fdch list\u016f.<br \/>\nU krabicov\u00fdch \u017elab\u016f se v\u0161ak \u010dasto vyskytuj\u00ed nestandardn\u00ed okapy, nap\u0159. na zimn\u00ed zahrad\u011b nebo balkon\u011b.<br \/>\nNa\u0161e ochrana okapov\u00fdch list\u016f pro krabicov\u00e9 \u017elaby je proto velmi flexibiln\u00ed a lze ji p\u0159izp\u016fsobit velmi r\u016fzn\u00fdm \u0161\u00ed\u0159k\u00e1m krabicov\u00fdch \u017elab\u016f.<br \/>\nV\u00fd\u0161ku i \u0161\u00ed\u0159ku ochrany okapov\u00e9ho k\u0159\u00eddla pro krabicov\u00e9 \u017elaby lze upravit.[\/et_pb_text][\/et_pb_column][et_pb_column type=&#8220;1_2&#8243; _builder_version=&#8220;4.25.0&#8243; _module_preset=&#8220;default&#8220; global_colors_info=&#8220;{}&#8220;][et_pb_image src=&#8220;https:\/\/dari-system.com\/wp-content\/uploads\/2024\/06\/regenrinnen-laubschutz.webp&#8220; alt=&#8220;De\u0161\u0165ov\u00e9 \u017elaby Ochrana proti list\u00ed&#8220; title_text=&#8220;ochrana okap\u016f&#8220; _builder_version=&#8220;4.25.0&#8243; _module_preset=&#8220;default&#8220; custom_margin=&#8220;||5px||false|false&#8220; hover_enabled=&#8220;0&#8243; global_colors_info=&#8220;{}&#8220; sticky_enabled=&#8220;0&#8243;][\/et_pb_image][et_pb_text _builder_version=&#8220;4.25.0&#8243; _module_preset=&#8220;default&#8220; custom_margin=&#8220;0px||||false|false&#8220; hover_enabled=&#8220;0&#8243; global_colors_info=&#8220;{}&#8220; sticky_enabled=&#8220;0&#8243;]<\/p>\n<p style=\"text-align: center;\"><em>Ochrann\u00e1 li\u0161ta na okapy pro ka\u017ed\u00fd okap<\/em><\/p>\n<p>[\/et_pb_text][\/et_pb_column][\/et_pb_row][\/et_pb_section][et_pb_section fb_built=&#8220;1&#8243; _builder_version=&#8220;4.25.0&#8243; _module_preset=&#8220;default&#8220; custom_margin=&#8220;0px||||false|false&#8220; custom_padding=&#8220;0px||||false|false&#8220; global_colors_info=&#8220;{}&#8220;][et_pb_row _builder_version=&#8220;4.25.0&#8243; _module_preset=&#8220;default&#8220; hover_enabled=&#8220;0&#8243; global_colors_info=&#8220;{}&#8220; sticky_enabled=&#8220;0&#8243;][et_pb_column type=&#8220;4_4&#8243; _builder_version=&#8220;4.25.0&#8243; _module_preset=&#8220;default&#8220; global_colors_info=&#8220;{}&#8220;][et_pb_text _builder_version=&#8220;4.25.0&#8243; _module_preset=&#8220;default&#8220; header_2_font=&#8220;|700|||||||&#8220; hover_enabled=&#8220;0&#8243; global_colors_info=&#8220;{}&#8220; sticky_enabled=&#8220;0&#8243;]<\/p>\n<h2>D\u016fv\u011b\u0159ujte v\u00edce ne\u017e 20 let\u016fm zku\u0161enost\u00ed s na\u0161\u00ed ochranou proti de\u0161\u0165ov\u00fdm svod\u016fm.<\/h2>\n<p>Ji\u017e v\u00edce ne\u017e 20 let se zab\u00fdv\u00e1me ot\u00e1zkou, jak ochr\u00e1nit okapy p\u0159ed ucp\u00e1n\u00edm list\u00edm, jehli\u010d\u00edm, v\u011btvi\u010dkami, mechem nebo kv\u011bty strom\u016f.<br \/>\nDost\u00e1v\u00e1me dotazy od majitel\u016f dom\u016f, jejich\u017e d\u016fm stoj\u00ed vedle velk\u00e9 borovice a kte\u0159\u00ed jsou zoufal\u00ed, proto\u017ee okapy jsou ka\u017ed\u00fd t\u00fdden pln\u00e9 jehli\u010d\u00ed.<br \/>\nS ochranou okap\u016f proti list\u00ed tito majitel\u00e9 dom\u016f tento probl\u00e9m r\u00e1di vy\u0159e\u0161\u00ed.<br \/>\nD\u00edky na\u0161im v\u00fdrobk\u016fm jsme ji\u017e mnoha z\u00e1kazn\u00edk\u016fm vr\u00e1tili bezstarostn\u00fd \u017eivot.   <\/p>\n<h2>Slu\u017eby jsou na\u0161\u00ed hlavn\u00ed prioritou<\/h2>\n<p>T\u011b\u0161\u00ed n\u00e1s, kdy\u017e n\u00e1m z\u00e1kazn\u00edci pos\u00edlaj\u00ed fotografie sv\u00fdch okap\u016f a ptaj\u00ed se, zda je na\u0161e ochrana proti list\u00ed vhodn\u00e1 pro jejich okapy.<br \/>\nZ\u00e1kazn\u00edk\u016fm zdarma porad\u00edme a t\u00e9m\u011b\u0159 ve v\u0161ech p\u0159\u00edpadech dok\u00e1\u017eeme pomoci, aby se okapy neucp\u00e1valy.<br \/>\nProto\u017ee je ochrana proti okenn\u00edmu list\u00ed vyrobena z odoln\u00e9ho polypropylenu s UV ochranou, dost\u00e1v\u00e1me od z\u00e1kazn\u00edk\u016f \u010dasto pozitivn\u00ed zp\u011btnou vazbu o tom, jak jsou spokojeni i po mnoha letech.<br \/>\nD\u011bl\u00e1me tak\u00e9 n\u011bco dobr\u00e9ho pro \u017eivotn\u00ed prost\u0159ed\u00ed, proto\u017ee na\u0161e v\u00fdrobky jsou pln\u011b recyklovateln\u00e9.<br \/>\nA to nejlep\u0161\u00ed nakonec: ochrana proti okenn\u00edmu k\u0159\u00eddlu okap\u016f byla navr\u017eena v N\u011bmecku a vyr\u00e1b\u00ed se v N\u011bmecku.<br \/>\nMade in Germany znamen\u00e1 nejvy\u0161\u0161\u00ed kvalitu a trvanlivost.     <\/p>\n<h2>Pokyny pro instalaci ochrann\u00fdch kryt\u016f okap\u016f pro okapy<\/h2>\n<p><strong>Instalace ochrany okap\u016f p\u0159ed list\u00edm pro \u017elaby v 5 kroc\u00edch<\/strong><\/p>\n<ol>\n<li>P\u0159\u00edprava: P\u0159ed instalac\u00ed ochrann\u00e9ho krytu okap\u016f byste m\u011bli okapy d\u016fkladn\u011b vy\u010distit.<\/li>\n<li>P\u0159ipravte si materi\u00e1ly: K mont\u00e1\u017ei ochrany okap\u016f p\u0159ed list\u00edm nepot\u0159ebujete kladivo ani \u0161rouby.<br \/>\nJednodu\u0161e nasa\u010fte klipy na syst\u00e9m DaRi a m\u016f\u017eete za\u010d\u00edt. <\/li>\n<li>Instalace: Instalace je hra\u010dka.<br \/>\nJednodu\u0161e um\u00edst\u011bte ochrann\u00fd kryt okapu do \u017elabu a nasa\u010fte p\u0159\u00edchytky na kulatou li\u0161tu v p\u0159edn\u00ed \u010d\u00e1sti.<br \/>\nPot\u00e9 se kryt okapov\u00e9ho k\u0159\u00eddla polo\u017e\u00ed od konce ke konci.<br \/>\nJednotliv\u00e9 d\u00edly by se nem\u011bly p\u0159ekr\u00fdvat.   <\/li>\n<li>St\u0159ih na m\u00edru: V z\u00e1vislosti na tom, jak 76 cm dlouh\u00e9 d\u00edly ochrany okapov\u00e9ho svodu pasuj\u00ed na okap, m\u016f\u017ee b\u00fdt nutn\u00e9 posledn\u00ed d\u00edl m\u00edrn\u011b zkr\u00e1tit.<br \/>\nZa t\u00edmto \u00fa\u010delem lze posledn\u00ed d\u00edl ochrany okapov\u00fdch list\u016f zkr\u00e1tit na spr\u00e1vnou d\u00e9lku n\u016f\u017ekami nebo zahradnick\u00fdmi n\u016f\u017ekami. <\/li>\n<li>Z\u00e1v\u011br: Po bezpe\u010dn\u00e9 mont\u00e1\u017ei ochrany okap\u016f p\u0159ed list\u00edm by m\u011bl b\u00fdt ve\u0161ker\u00fd odpad \u0159\u00e1dn\u011b zlikvidov\u00e1n a \u017eeb\u0159\u00edk vr\u00e1cen na sv\u00e9 m\u00edsto.<\/li>\n<\/ol>\n<p>To by v\u00e1s tak\u00e9 mohlo zaj\u00edmat:<\/p>\n<ul>\n<li><a href=\"https:\/\/dari-system.com\/cs\/ochranny-zlab-proti-listi-2\/\" title=\"Ochrann\u00fd \u017elab proti list\u00ed\"><a href=\"https:\/\/dari-system.com\/cs\/ochranny-zlab-proti-listi-2\/\">Ochrann\u00fd kryt proti list\u00ed pro okapy<\/a><\/a><\/li>\n<li><a href=\"https:\/\/dari-system.com\/cs\/destove-zlaby-ochrana-proti-listi\/\" title=\"De\u0161\u0165ov\u00e9 \u017elaby Ochrana proti list\u00ed\"><a href=\"https:\/\/dari-system.com\/cs\/destove-zlaby-ochrana-proti-listi\/\">De\u0161\u0165ov\u00e9 \u017elaby Ochrana proti list\u00ed<\/a><\/a><\/li>\n<li><a href=\"https:\/\/dari-system.com\/cs\/ochranny-zlab-proti-listi\/\" title=\"Ochrann\u00fd \u017elab proti list\u00ed\"><a href=\"https:\/\/dari-system.com\/cs\/ochranny-zlab-proti-listi\/\">Ochrana okap\u016f proti list\u00ed<\/a><\/a><\/li>\n<li><a href=\"https:\/\/dari-system.com\/cs\/kryt-zlabu\/\" title=\"Kryt \u017elabu\"> <a href=\"https:\/\/dari-system.com\/cs\/kryt-zlabu\/\"> Kryt \u017elabu<\/a><\/a><\/li>\n<\/ul>\n<p>[\/et_pb_text][\/et_pb_column][\/et_pb_row][\/et_pb_section]<\/p>\n","protected":false},"excerpt":{"rendered":"<p>Spolehliv\u00e1 ochrana okap\u016f p\u0159ed de\u0161t\u011bm S na\u0161\u00ed ochranou okap\u016f p\u0159ed list\u00edm se ji\u017e nemus\u00edte ob\u00e1vat ucp\u00e1n\u00ed okap\u016f. Ochrann\u00fd kryt proti list\u00ed spolehliv\u011b ochr\u00e1n\u00ed p\u016flkruhov\u00e9 a krabicov\u00e9 \u017elaby p\u0159ed ucp\u00e1n\u00edm list\u00edm nebo jehli\u010d\u00edm. Instalace chr\u00e1ni\u010de okapov\u00e9ho list\u00ed je hra\u010dka. Nepot\u0159ebujete k tomu ani \u017e\u00e1dn\u00e9 n\u00e1\u0159ad\u00ed. Ochrann\u00fd kryt proti list\u00ed okapu se jednodu\u0161e um\u00edst\u00ed do okapu a [&hellip;]<\/p>\n","protected":false},"author":1,"featured_media":0,"parent":0,"menu_order":0,"comment_status":"closed","ping_status":"closed","template":"","meta":{"_et_pb_use_builder":"on","_et_pb_old_content":"","_et_gb_content_width":"","iawp_total_views":71,"footnotes":""},"dipi_cpt_category":[],"class_list":["post-25547160","page","type-page","status-publish","hentry"],"yoast_head":"<!-- This site is optimized with the Yoast SEO plugin v27.3 - https:\/\/yoast.com\/product\/yoast-seo-wordpress\/ -->\n<title>Ochrana okap\u016f DaRi proti list\u00ed - ochrana proti list\u00ed v okapu<\/title>\n<meta name=\"description\" content=\"Chra\u0148te sv\u00e9 okapy pomoc\u00ed ochrany proti list\u00ed DaRi. Zabra\u0148te ucp\u00e1n\u00ed a \u0161kod\u00e1m zp\u016fsoben\u00fdm vodou z list\u00ed v okapu. Zjist\u011bte v\u00edce informac\u00ed!\" \/>\n<meta name=\"robots\" content=\"index, follow, max-snippet:-1, max-image-preview:large, max-video-preview:-1\" \/>\n<link rel=\"canonical\" href=\"https:\/\/dari-system.com\/cs\/destove-zlaby-ochrana-proti-listi\/\" \/>\n<meta property=\"og:locale\" content=\"cs_CZ\" \/>\n<meta property=\"og:type\" content=\"article\" \/>\n<meta property=\"og:title\" content=\"Ochrana okap\u016f DaRi proti list\u00ed - ochrana proti list\u00ed v okapu\" \/>\n<meta property=\"og:description\" content=\"Chra\u0148te sv\u00e9 okapy pomoc\u00ed ochrany proti list\u00ed DaRi. Zabra\u0148te ucp\u00e1n\u00ed a \u0161kod\u00e1m zp\u016fsoben\u00fdm vodou z list\u00ed v okapu. Zjist\u011bte v\u00edce informac\u00ed!\" \/>\n<meta property=\"og:url\" content=\"https:\/\/dari-system.com\/cs\/destove-zlaby-ochrana-proti-listi\/\" \/>\n<meta property=\"og:site_name\" content=\"DaRi System\" \/>\n<meta property=\"article:modified_time\" content=\"2024-08-16T17:40:19+00:00\" \/>\n<meta name=\"twitter:card\" content=\"summary_large_image\" \/>\n<meta name=\"twitter:label1\" content=\"Odhadovan\u00e1 doba \u010dten\u00ed\" \/>\n\t<meta name=\"twitter:data1\" content=\"6 minut\" \/>\n<script type=\"application\/ld+json\" class=\"yoast-schema-graph\">{\"@context\":\"https:\\\/\\\/schema.org\",\"@graph\":[{\"@type\":\"WebPage\",\"@id\":\"https:\\\/\\\/dari-system.com\\\/cs\\\/destove-zlaby-ochrana-proti-listi\\\/\",\"url\":\"https:\\\/\\\/dari-system.com\\\/cs\\\/destove-zlaby-ochrana-proti-listi\\\/\",\"name\":\"Ochrana okap\u016f DaRi proti list\u00ed - ochrana proti list\u00ed v okapu\",\"isPartOf\":{\"@id\":\"https:\\\/\\\/dari-system.com\\\/cs\\\/#website\"},\"datePublished\":\"2024-06-19T14:44:07+00:00\",\"dateModified\":\"2024-08-16T17:40:19+00:00\",\"description\":\"Chra\u0148te sv\u00e9 okapy pomoc\u00ed ochrany proti list\u00ed DaRi. Zabra\u0148te ucp\u00e1n\u00ed a \u0161kod\u00e1m zp\u016fsoben\u00fdm vodou z list\u00ed v okapu. Zjist\u011bte v\u00edce informac\u00ed!\",\"breadcrumb\":{\"@id\":\"https:\\\/\\\/dari-system.com\\\/cs\\\/destove-zlaby-ochrana-proti-listi\\\/#breadcrumb\"},\"inLanguage\":\"cs\",\"potentialAction\":[{\"@type\":\"ReadAction\",\"target\":[\"https:\\\/\\\/dari-system.com\\\/cs\\\/destove-zlaby-ochrana-proti-listi\\\/\"]}]},{\"@type\":\"BreadcrumbList\",\"@id\":\"https:\\\/\\\/dari-system.com\\\/cs\\\/destove-zlaby-ochrana-proti-listi\\\/#breadcrumb\",\"itemListElement\":[{\"@type\":\"ListItem\",\"position\":1,\"name\":\"Startseite\",\"item\":\"https:\\\/\\\/dari-system.com\\\/cs\\\/\"},{\"@type\":\"ListItem\",\"position\":2,\"name\":\"De\u0161\u0165ov\u00e9 \u017elaby Ochrana proti list\u00ed\"}]},{\"@type\":\"WebSite\",\"@id\":\"https:\\\/\\\/dari-system.com\\\/cs\\\/#website\",\"url\":\"https:\\\/\\\/dari-system.com\\\/cs\\\/\",\"name\":\"DaRi System\",\"description\":\"\",\"potentialAction\":[{\"@type\":\"SearchAction\",\"target\":{\"@type\":\"EntryPoint\",\"urlTemplate\":\"https:\\\/\\\/dari-system.com\\\/cs\\\/?s={search_term_string}\"},\"query-input\":{\"@type\":\"PropertyValueSpecification\",\"valueRequired\":true,\"valueName\":\"search_term_string\"}}],\"inLanguage\":\"cs\"}]}<\/script>\n<!-- \/ Yoast SEO plugin. -->","yoast_head_json":{"title":"Ochrana okap\u016f DaRi proti list\u00ed - ochrana proti list\u00ed v okapu","description":"Chra\u0148te sv\u00e9 okapy pomoc\u00ed ochrany proti list\u00ed DaRi. Zabra\u0148te ucp\u00e1n\u00ed a \u0161kod\u00e1m zp\u016fsoben\u00fdm vodou z list\u00ed v okapu. Zjist\u011bte v\u00edce informac\u00ed!","robots":{"index":"index","follow":"follow","max-snippet":"max-snippet:-1","max-image-preview":"max-image-preview:large","max-video-preview":"max-video-preview:-1"},"canonical":"https:\/\/dari-system.com\/cs\/destove-zlaby-ochrana-proti-listi\/","og_locale":"cs_CZ","og_type":"article","og_title":"Ochrana okap\u016f DaRi proti list\u00ed - ochrana proti list\u00ed v okapu","og_description":"Chra\u0148te sv\u00e9 okapy pomoc\u00ed ochrany proti list\u00ed DaRi. Zabra\u0148te ucp\u00e1n\u00ed a \u0161kod\u00e1m zp\u016fsoben\u00fdm vodou z list\u00ed v okapu. Zjist\u011bte v\u00edce informac\u00ed!","og_url":"https:\/\/dari-system.com\/cs\/destove-zlaby-ochrana-proti-listi\/","og_site_name":"DaRi System","article_modified_time":"2024-08-16T17:40:19+00:00","twitter_card":"summary_large_image","twitter_misc":{"Odhadovan\u00e1 doba \u010dten\u00ed":"6 minut"},"schema":{"@context":"https:\/\/schema.org","@graph":[{"@type":"WebPage","@id":"https:\/\/dari-system.com\/cs\/destove-zlaby-ochrana-proti-listi\/","url":"https:\/\/dari-system.com\/cs\/destove-zlaby-ochrana-proti-listi\/","name":"Ochrana okap\u016f DaRi proti list\u00ed - ochrana proti list\u00ed v okapu","isPartOf":{"@id":"https:\/\/dari-system.com\/cs\/#website"},"datePublished":"2024-06-19T14:44:07+00:00","dateModified":"2024-08-16T17:40:19+00:00","description":"Chra\u0148te sv\u00e9 okapy pomoc\u00ed ochrany proti list\u00ed DaRi. Zabra\u0148te ucp\u00e1n\u00ed a \u0161kod\u00e1m zp\u016fsoben\u00fdm vodou z list\u00ed v okapu. Zjist\u011bte v\u00edce informac\u00ed!","breadcrumb":{"@id":"https:\/\/dari-system.com\/cs\/destove-zlaby-ochrana-proti-listi\/#breadcrumb"},"inLanguage":"cs","potentialAction":[{"@type":"ReadAction","target":["https:\/\/dari-system.com\/cs\/destove-zlaby-ochrana-proti-listi\/"]}]},{"@type":"BreadcrumbList","@id":"https:\/\/dari-system.com\/cs\/destove-zlaby-ochrana-proti-listi\/#breadcrumb","itemListElement":[{"@type":"ListItem","position":1,"name":"Startseite","item":"https:\/\/dari-system.com\/cs\/"},{"@type":"ListItem","position":2,"name":"De\u0161\u0165ov\u00e9 \u017elaby Ochrana proti list\u00ed"}]},{"@type":"WebSite","@id":"https:\/\/dari-system.com\/cs\/#website","url":"https:\/\/dari-system.com\/cs\/","name":"DaRi System","description":"","potentialAction":[{"@type":"SearchAction","target":{"@type":"EntryPoint","urlTemplate":"https:\/\/dari-system.com\/cs\/?s={search_term_string}"},"query-input":{"@type":"PropertyValueSpecification","valueRequired":true,"valueName":"search_term_string"}}],"inLanguage":"cs"}]}},"_links":{"self":[{"href":"https:\/\/dari-system.com\/cs\/wp-json\/wp\/v2\/pages\/25547160","targetHints":{"allow":["GET"]}}],"collection":[{"href":"https:\/\/dari-system.com\/cs\/wp-json\/wp\/v2\/pages"}],"about":[{"href":"https:\/\/dari-system.com\/cs\/wp-json\/wp\/v2\/types\/page"}],"author":[{"embeddable":true,"href":"https:\/\/dari-system.com\/cs\/wp-json\/wp\/v2\/users\/1"}],"replies":[{"embeddable":true,"href":"https:\/\/dari-system.com\/cs\/wp-json\/wp\/v2\/comments?post=25547160"}],"version-history":[{"count":1,"href":"https:\/\/dari-system.com\/cs\/wp-json\/wp\/v2\/pages\/25547160\/revisions"}],"predecessor-version":[{"id":25547165,"href":"https:\/\/dari-system.com\/cs\/wp-json\/wp\/v2\/pages\/25547160\/revisions\/25547165"}],"wp:attachment":[{"href":"https:\/\/dari-system.com\/cs\/wp-json\/wp\/v2\/media?parent=25547160"}],"wp:term":[{"taxonomy":"dipi_cpt_category","embeddable":true,"href":"https:\/\/dari-system.com\/cs\/wp-json\/wp\/v2\/dipi_cpt_category?post=25547160"}],"curies":[{"name":"wp","href":"https:\/\/api.w.org\/{rel}","templated":true}]}}