{"id":25547138,"date":"2024-06-19T09:23:15","date_gmt":"2024-06-19T09:23:15","guid":{"rendered":"https:\/\/dari-system.com\/ochranny-zlab-proti-listi\/"},"modified":"2024-08-16T17:40:05","modified_gmt":"2024-08-16T17:40:05","slug":"ochranny-zlab-proti-listi","status":"publish","type":"page","link":"https:\/\/dari-system.com\/cs\/ochranny-zlab-proti-listi\/","title":{"rendered":"Ochrann\u00fd \u017elab proti list\u00ed"},"content":{"rendered":"<p>[et_pb_section fb_built=&#8220;1&#8243; fullwidth=&#8220;on&#8220; _builder_version=&#8220;4.25.0&#8243; _module_preset=&#8220;default&#8220; bottom_divider_color=&#8220;#FFFFFF&#8220; bottom_divider_height=&#8220;82px&#8220; bottom_divider_flip=&#8220;horizontal&#8220; locked=&#8220;off&#8220; global_colors_info=&#8220;{}&#8220;][et_pb_fullwidth_header title=&#8220;Ochrann\u00fd \u017elab proti list\u00ed&#8220; subhead=&#8220;Abyste mohli klidn\u011b sp\u00e1t&#8220; _builder_version=&#8220;4.25.0&#8243; _module_preset=&#8220;default&#8220; title_font=&#8220;|800|||||||&#8220; title_font_size=&#8220;45px&#8220; background_image=&#8220;https:\/\/dari-system.com\/wp-content\/uploads\/2024\/05\/header_background.webp&#8220; background_position=&#8220;bottom_center&#8220; custom_padding=&#8220;8vh||8vh||true|false&#8220; title_font_size_tablet=&#8220;45px&#8220; title_font_size_phone=&#8220;29px&#8220; title_font_size_last_edited=&#8220;on|phone&#8220; content_font_size_tablet=&#8220;&#8220; content_font_size_phone=&#8220;17px&#8220; content_font_size_last_edited=&#8220;on|phone&#8220; global_colors_info=&#8220;{}&#8220;][\/et_pb_fullwidth_header][\/et_pb_section][et_pb_section fb_built=&#8220;1&#8243; _builder_version=&#8220;4.25.0&#8243; _module_preset=&#8220;default&#8220; custom_margin=&#8220;||0px||false|false&#8220; custom_padding=&#8220;||0px||false|false&#8220; global_colors_info=&#8220;{}&#8220;][et_pb_row column_structure=&#8220;1_2,1_2&#8243; _builder_version=&#8220;4.25.0&#8243; _module_preset=&#8220;default&#8220; global_colors_info=&#8220;{}&#8220;][et_pb_column type=&#8220;1_2&#8243; _builder_version=&#8220;4.25.0&#8243; _module_preset=&#8220;default&#8220; global_colors_info=&#8220;{}&#8220;][et_pb_text _builder_version=&#8220;4.25.0&#8243; _module_preset=&#8220;default&#8220; header_2_font=&#8220;|700|||||||&#8220; global_colors_info=&#8220;{}&#8220;]<\/p>\n<h2><strong>Ide\u00e1ln\u00ed ochrana proti list\u00ed pro v\u00e1\u0161 okap<\/strong><\/h2>\n<p>Tak\u00e9 zn\u00e1te probl\u00e9m, kdy na podzim pro\u017e\u00edv\u00e1te bezesn\u00e9 noci, proto\u017ee se ob\u00e1v\u00e1te, \u017ee by se v\u00e1\u0161 okap nebo boxov\u00fd \u017elab mohl ucpat list\u00edm a p\u0159i de\u0161ti p\u0159et\u00e9ct?<br \/>\nZn\u00e1 to asi ka\u017ed\u00fd majitel domu.<br \/>\nProto si pro sv\u016fj okap nebo krabicov\u00fd \u017elab po\u0159i\u010fte ochranu proti list\u00ed, abyste mohli op\u011bt klidn\u011b sp\u00e1t.<br \/>\nOchrann\u00fd kryt proti list\u00ed pro okap toti\u017e dok\u00e1\u017ee \u00fa\u010dinn\u011b zabr\u00e1nit pad\u00e1n\u00ed list\u00ed, mechu, drobn\u00fdch v\u011btv\u00ed nebo jehli\u010d\u00ed do okapu nebo boxov\u00e9ho \u017elabu.<br \/>\n <strong>Ochrann\u00fd kryt proti list\u00ed pro okap<\/strong> je mimo\u0159\u00e1dn\u011b \u00fa\u010dinn\u00e9 \u0159e\u0161en\u00ed, kter\u00e9 v\u00e1m u\u0161et\u0159\u00ed spoustu pr\u00e1ce.    <\/p>\n<p>[\/et_pb_text][\/et_pb_column][et_pb_column type=&#8220;1_2&#8243; _builder_version=&#8220;4.25.0&#8243; _module_preset=&#8220;default&#8220; global_colors_info=&#8220;{}&#8220;][et_pb_image src=&#8220;https:\/\/dari-system.com\/wp-content\/uploads\/2024\/06\/laubschutz-dachrinne.webp&#8220; alt=&#8220;Ochrann\u00fd \u017elab proti list\u00ed&#8220; title_text=&#8220;ochrann\u00fd \u017elab proti list\u00ed&#8220; _builder_version=&#8220;4.25.0&#8243; _module_preset=&#8220;default&#8220; custom_margin=&#8220;||5px||false|false&#8220; global_colors_info=&#8220;{}&#8220;][\/et_pb_image][et_pb_text _builder_version=&#8220;4.25.0&#8243; _module_preset=&#8220;default&#8220; custom_margin=&#8220;0px||||false|false&#8220; global_colors_info=&#8220;{}&#8220;]<\/p>\n<p style=\"text-align: center;\"><em>Ochrann\u00fd \u017elab proti list\u00ed DaRi-System<\/em><\/p>\n<p>[\/et_pb_text][\/et_pb_column][\/et_pb_row][\/et_pb_section][et_pb_section fb_built=&#8220;1&#8243; _builder_version=&#8220;4.25.0&#8243; _module_preset=&#8220;default&#8220; custom_margin=&#8220;0px||||false|false&#8220; custom_padding=&#8220;0px||||false|false&#8220; global_colors_info=&#8220;{}&#8220;][et_pb_row _builder_version=&#8220;4.25.0&#8243; _module_preset=&#8220;default&#8220; global_colors_info=&#8220;{}&#8220;][et_pb_column type=&#8220;4_4&#8243; _builder_version=&#8220;4.25.0&#8243; _module_preset=&#8220;default&#8220; global_colors_info=&#8220;{}&#8220;][et_pb_text _builder_version=&#8220;4.25.0&#8243; _module_preset=&#8220;default&#8220; header_2_font=&#8220;|700|||||||&#8220; hover_enabled=&#8220;0&#8243; global_colors_info=&#8220;{}&#8220; sticky_enabled=&#8220;0&#8243;]<\/p>\n<h2>Ochrana okap\u016f proti list\u00ed &#8211; nen\u00ed luxus, ale je nezbytn\u00e1 pro ka\u017ed\u00fd okap<\/h2>\n<p>Ochrann\u00e1 li\u0161ta na okapy nen\u00ed luxus.<br \/>\nPokud si uv\u011bdom\u00edte, kolik \u00fasil\u00ed mus\u00edte vynalo\u017eit na \u010di\u0161t\u011bn\u00ed okapu n\u011bkolikr\u00e1t ro\u010dn\u011b, m\u016f\u017eete si usnadnit \u017eivot instalac\u00ed chr\u00e1ni\u010de proti list\u00ed pro okap nebo boxov\u00fd \u017elab.<br \/>\n\u010ci\u0161t\u011bn\u00ed okap\u016f je toti\u017e nejen zdlouhav\u00e9, ale tak\u00e9 nebezpe\u010dn\u00e9.<br \/>\n\u010c\u00edm jste star\u0161\u00ed, t\u00edm vy\u0161\u0161\u00ed je riziko nehody.<br \/>\nKoneckonc\u016f okap je n\u011bkolik metr\u016f nad zem\u00ed.<br \/>\nS ochranou proti list\u00ed pro okap si nejen u\u0161et\u0159\u00edte nep\u0159\u00edjemnou pr\u00e1ci, ale tak\u00e9 sn\u00ed\u017e\u00edte riziko nehod a ud\u011bl\u00e1te n\u011bco pro sv\u00e9 zdrav\u00ed.<br \/>\nOkapy na zimn\u00edch zahrad\u00e1ch, st\u0159\u00ed\u0161k\u00e1ch a balkonech \u010dasto nejsou standardizovan\u00e9.<br \/>\nObvykle se zde instaluj\u00ed \u00fazk\u00e9 krabicov\u00e9 \u017elaby.<br \/>\nNaj\u00edt zde ochranu proti list\u00ed pro okap nen\u00ed tak snadn\u00e9.<br \/>\nV na\u0161\u00ed nab\u00eddce v\u0161ak najdete chr\u00e1ni\u010de list\u00ed nejen pro b\u011b\u017en\u00e9 p\u016flkruhov\u00e9 \u017elaby, ale tak\u00e9 pro krabicov\u00e9 \u017elaby r\u016fzn\u00fdch \u0161\u00ed\u0159ek.<br \/>\nD\u00edky tomu m\u016f\u017eete p\u0159ed ucp\u00e1n\u00edm ochr\u00e1nit i \u00fazk\u00e9 krabicov\u00e9 \u017elaby.          <\/p>\n<h2>Kupujte pouze vysoce kvalitn\u00ed ochranu proti list\u00ed pro okapy<\/h2>\n<p>Pokud opravdu hled\u00e1te kvalitn\u00ed a odoln\u00fd kryt proti list\u00ed pro v\u00e1\u0161 okap, pak jste na spr\u00e1vn\u00e9m m\u00edst\u011b.<br \/>\nT\u00e9matem ochrany proti list\u00ed pro okapy a krabicov\u00e9 \u017elaby se zab\u00fdv\u00e1me ji\u017e 20 let a v\u017edy hled\u00e1me ta nejlep\u0161\u00ed \u0159e\u0161en\u00ed pro na\u0161e z\u00e1kazn\u00edky.<br \/>\nJsme v tomto oboru absolutn\u00edmi odborn\u00edky a ochrana proti list\u00ed pro okapy od na\u0161\u00ed spole\u010dnosti m\u00e1 tu nejvy\u0161\u0161\u00ed kvalitu a odolnost.  <\/p>\n<h2><em>Servis<\/em> je pro n\u00e1s nejvy\u0161\u0161\u00ed prioritou.<br \/>\nTak\u00e9 pro ochranu okap\u016f p\u0159ed list\u00edm <\/h2>\n<p>Ji\u017e 20 let jsme odborn\u00edky na v\u0161echny typy ochrann\u00fdch \u017elab\u016f.<br \/>\nV\u0161echny syst\u00e9my jsme navrhli a otestovali a nyn\u00ed je vyr\u00e1b\u00edme v N\u011bmecku.<br \/>\nM\u016f\u017eete n\u00e1m zaslat fotografie va\u0161eho okapu a my v\u00e1m zdarma porad\u00edme, jak\u00fd chr\u00e1ni\u010d proti list\u00ed pro okap nebo krabicov\u00fd \u017elab je pro v\u00e1s nejvhodn\u011bj\u0161\u00ed.  <\/p>\n<h2>U\u0161et\u0159ete pen\u00edze s ochranou okap\u016f p\u0159ed list\u00edm<\/h2>\n<p>P\u0159em\u00fd\u0161leli jste n\u011bkdy o tom, co se m\u016f\u017ee st\u00e1t, kdy\u017e se v\u00e1\u0161 okap p\u0159i de\u0161ti ucpe a p\u0159ete\u010de?<br \/>\nI v\u00e1\u0161 sklep se m\u016f\u017ee naplnit vodou p\u0159es sv\u011btlou studnu.<br \/>\nOchrann\u00fd kryt proti list\u00ed pro okapy tomuto riziku zabr\u00e1n\u00ed a u\u0161et\u0159\u00ed v\u00e1m spoustu pen\u011bz.<\/p>\n<p>Koneckonc\u016f, ochrana proti list\u00ed pro okap je jednor\u00e1zov\u00e1 investice a vy budete m\u00edt na st\u0159e\u0161e dlouhodob\u011b klid. Ochrana proti list\u00ed pro okap v\u00e1m usnadn\u00ed \u017eivot S ochranou proti list\u00ed pro okap nebo boxov\u00fd \u017elab m\u016f\u017eete na podzim odjet na dovolenou, ani\u017e byste se museli ob\u00e1vat ucp\u00e1n\u00ed okapu.<br \/>\nV\u00e1\u0161 \u017eivot bude jednodu\u0161\u0161\u00ed a m\u016f\u017eete se soust\u0159edit na p\u0159\u00edjemn\u011bj\u0161\u00ed v\u011bci, kdy\u017e v\u00edte, \u017ee je v\u00e1\u0161 okap trvale chr\u00e1n\u011bn ochranou proti list\u00ed.    <\/p>\n<p>To by mohlo zaj\u00edmat i v\u00e1s:<\/p>\n<ul>\n<li><a href=\"https:\/\/dari-system.com\/laubfang-dachrinne\/\" title=\"Ochrann\u00fd \u017elab proti list\u00ed\"><a href=\"https:\/\/dari-system.com\/laubfang-dachrinne\/\">Ochrann\u00fd kryt proti list\u00ed pro okapy<\/a><\/a><\/li>\n<li><a href=\"https:\/\/dari-system.com\/regenrinnen-laubschutz\/\" title=\"De\u0161\u0165ov\u00e9 \u017elaby Ochrana proti list\u00ed\"><a href=\"https:\/\/dari-system.com\/regenrinnen-laubschutz\/\">De\u0161\u0165ov\u00e9 \u017elaby Ochrana proti list\u00ed<\/a><\/a><\/li>\n<li><a href=\"https:\/\/dari-system.com\/cs\/ochranny-zlab-proti-listi\/\" title=\"Ochrann\u00fd \u017elab proti list\u00ed\"><a href=\"https:\/\/dari-system.com\/cs\/ochranny-zlab-proti-listi\/\">Ochrana okap\u016f proti list\u00ed<\/a><\/a><\/li>\n<li><a href=\"https:\/\/dari-system.com\/cs\/kryt-zlabu\/\" title=\"Kryt \u017elabu\"> <a href=\"https:\/\/dari-system.com\/cs\/kryt-zlabu\/\"> Kryt \u017elabu <\/a> <\/a><\/li>\n<\/ul>\n<p>[\/et_pb_text][\/et_pb_column][\/et_pb_row][\/et_pb_section]<\/p>\n","protected":false},"excerpt":{"rendered":"<p>Ide\u00e1ln\u00ed ochrana proti list\u00ed pro v\u00e1\u0161 okap Tak\u00e9 zn\u00e1te probl\u00e9m, kdy na podzim pro\u017e\u00edv\u00e1te bezesn\u00e9 noci, proto\u017ee se ob\u00e1v\u00e1te, \u017ee by se v\u00e1\u0161 okap nebo boxov\u00fd \u017elab mohl ucpat list\u00edm a p\u0159i de\u0161ti p\u0159et\u00e9ct? Zn\u00e1 to asi ka\u017ed\u00fd majitel domu. Proto si pro sv\u016fj okap nebo krabicov\u00fd \u017elab po\u0159i\u010fte ochranu proti list\u00ed, abyste mohli op\u011bt [&hellip;]<\/p>\n","protected":false},"author":1,"featured_media":0,"parent":0,"menu_order":0,"comment_status":"closed","ping_status":"closed","template":"","meta":{"_et_pb_use_builder":"on","_et_pb_old_content":"","_et_gb_content_width":"","iawp_total_views":42,"footnotes":""},"dipi_cpt_category":[],"class_list":["post-25547138","page","type-page","status-publish","hentry"],"yoast_head":"<!-- This site is optimized with the Yoast SEO plugin v27.4 - https:\/\/yoast.com\/product\/yoast-seo-wordpress\/ -->\n<title>Optim\u00e1ln\u00ed ochrana okap\u016f p\u0159ed list\u00edm od spole\u010dnosti DaRi-System<\/title>\n<meta name=\"description\" content=\"Spole\u010dnost DaRi zajist\u00ed v\u00e1\u0161 okap pomoc\u00ed vysoce kvalitn\u00edho chr\u00e1ni\u010de list\u016f. U\u017e \u017e\u00e1dn\u00e9 otravn\u00e9 odstra\u0148ov\u00e1n\u00ed list\u00ed. Zjist\u011bte v\u00edce!\" \/>\n<meta name=\"robots\" content=\"index, follow, max-snippet:-1, max-image-preview:large, max-video-preview:-1\" \/>\n<link rel=\"canonical\" href=\"https:\/\/dari-system.com\/cs\/ochranny-zlab-proti-listi\/\" \/>\n<meta property=\"og:locale\" content=\"cs_CZ\" \/>\n<meta property=\"og:type\" content=\"article\" \/>\n<meta property=\"og:title\" content=\"Optim\u00e1ln\u00ed ochrana okap\u016f p\u0159ed list\u00edm od spole\u010dnosti DaRi-System\" \/>\n<meta property=\"og:description\" content=\"Spole\u010dnost DaRi zajist\u00ed v\u00e1\u0161 okap pomoc\u00ed vysoce kvalitn\u00edho chr\u00e1ni\u010de list\u016f. U\u017e \u017e\u00e1dn\u00e9 otravn\u00e9 odstra\u0148ov\u00e1n\u00ed list\u00ed. Zjist\u011bte v\u00edce!\" \/>\n<meta property=\"og:url\" content=\"https:\/\/dari-system.com\/cs\/ochranny-zlab-proti-listi\/\" \/>\n<meta property=\"og:site_name\" content=\"DaRi System\" \/>\n<meta property=\"article:modified_time\" content=\"2024-08-16T17:40:05+00:00\" \/>\n<meta name=\"twitter:card\" content=\"summary_large_image\" \/>\n<meta name=\"twitter:label1\" content=\"Odhadovan\u00e1 doba \u010dten\u00ed\" \/>\n\t<meta name=\"twitter:data1\" content=\"5 minut\" \/>\n<script type=\"application\/ld+json\" class=\"yoast-schema-graph\">{\"@context\":\"https:\\\/\\\/schema.org\",\"@graph\":[{\"@type\":\"WebPage\",\"@id\":\"https:\\\/\\\/dari-system.com\\\/cs\\\/ochranny-zlab-proti-listi\\\/\",\"url\":\"https:\\\/\\\/dari-system.com\\\/cs\\\/ochranny-zlab-proti-listi\\\/\",\"name\":\"Optim\u00e1ln\u00ed ochrana okap\u016f p\u0159ed list\u00edm od spole\u010dnosti DaRi-System\",\"isPartOf\":{\"@id\":\"https:\\\/\\\/dari-system.com\\\/cs\\\/#website\"},\"datePublished\":\"2024-06-19T09:23:15+00:00\",\"dateModified\":\"2024-08-16T17:40:05+00:00\",\"description\":\"Spole\u010dnost DaRi zajist\u00ed v\u00e1\u0161 okap pomoc\u00ed vysoce kvalitn\u00edho chr\u00e1ni\u010de list\u016f. U\u017e \u017e\u00e1dn\u00e9 otravn\u00e9 odstra\u0148ov\u00e1n\u00ed list\u00ed. Zjist\u011bte v\u00edce!\",\"breadcrumb\":{\"@id\":\"https:\\\/\\\/dari-system.com\\\/cs\\\/ochranny-zlab-proti-listi\\\/#breadcrumb\"},\"inLanguage\":\"cs\",\"potentialAction\":[{\"@type\":\"ReadAction\",\"target\":[\"https:\\\/\\\/dari-system.com\\\/cs\\\/ochranny-zlab-proti-listi\\\/\"]}]},{\"@type\":\"BreadcrumbList\",\"@id\":\"https:\\\/\\\/dari-system.com\\\/cs\\\/ochranny-zlab-proti-listi\\\/#breadcrumb\",\"itemListElement\":[{\"@type\":\"ListItem\",\"position\":1,\"name\":\"Startseite\",\"item\":\"https:\\\/\\\/dari-system.com\\\/cs\\\/\"},{\"@type\":\"ListItem\",\"position\":2,\"name\":\"Ochrann\u00fd \u017elab proti list\u00ed\"}]},{\"@type\":\"WebSite\",\"@id\":\"https:\\\/\\\/dari-system.com\\\/cs\\\/#website\",\"url\":\"https:\\\/\\\/dari-system.com\\\/cs\\\/\",\"name\":\"DaRi System\",\"description\":\"\",\"potentialAction\":[{\"@type\":\"SearchAction\",\"target\":{\"@type\":\"EntryPoint\",\"urlTemplate\":\"https:\\\/\\\/dari-system.com\\\/cs\\\/?s={search_term_string}\"},\"query-input\":{\"@type\":\"PropertyValueSpecification\",\"valueRequired\":true,\"valueName\":\"search_term_string\"}}],\"inLanguage\":\"cs\"}]}<\/script>\n<!-- \/ Yoast SEO plugin. -->","yoast_head_json":{"title":"Optim\u00e1ln\u00ed ochrana okap\u016f p\u0159ed list\u00edm od spole\u010dnosti DaRi-System","description":"Spole\u010dnost DaRi zajist\u00ed v\u00e1\u0161 okap pomoc\u00ed vysoce kvalitn\u00edho chr\u00e1ni\u010de list\u016f. U\u017e \u017e\u00e1dn\u00e9 otravn\u00e9 odstra\u0148ov\u00e1n\u00ed list\u00ed. Zjist\u011bte v\u00edce!","robots":{"index":"index","follow":"follow","max-snippet":"max-snippet:-1","max-image-preview":"max-image-preview:large","max-video-preview":"max-video-preview:-1"},"canonical":"https:\/\/dari-system.com\/cs\/ochranny-zlab-proti-listi\/","og_locale":"cs_CZ","og_type":"article","og_title":"Optim\u00e1ln\u00ed ochrana okap\u016f p\u0159ed list\u00edm od spole\u010dnosti DaRi-System","og_description":"Spole\u010dnost DaRi zajist\u00ed v\u00e1\u0161 okap pomoc\u00ed vysoce kvalitn\u00edho chr\u00e1ni\u010de list\u016f. U\u017e \u017e\u00e1dn\u00e9 otravn\u00e9 odstra\u0148ov\u00e1n\u00ed list\u00ed. Zjist\u011bte v\u00edce!","og_url":"https:\/\/dari-system.com\/cs\/ochranny-zlab-proti-listi\/","og_site_name":"DaRi System","article_modified_time":"2024-08-16T17:40:05+00:00","twitter_card":"summary_large_image","twitter_misc":{"Odhadovan\u00e1 doba \u010dten\u00ed":"5 minut"},"schema":{"@context":"https:\/\/schema.org","@graph":[{"@type":"WebPage","@id":"https:\/\/dari-system.com\/cs\/ochranny-zlab-proti-listi\/","url":"https:\/\/dari-system.com\/cs\/ochranny-zlab-proti-listi\/","name":"Optim\u00e1ln\u00ed ochrana okap\u016f p\u0159ed list\u00edm od spole\u010dnosti DaRi-System","isPartOf":{"@id":"https:\/\/dari-system.com\/cs\/#website"},"datePublished":"2024-06-19T09:23:15+00:00","dateModified":"2024-08-16T17:40:05+00:00","description":"Spole\u010dnost DaRi zajist\u00ed v\u00e1\u0161 okap pomoc\u00ed vysoce kvalitn\u00edho chr\u00e1ni\u010de list\u016f. U\u017e \u017e\u00e1dn\u00e9 otravn\u00e9 odstra\u0148ov\u00e1n\u00ed list\u00ed. Zjist\u011bte v\u00edce!","breadcrumb":{"@id":"https:\/\/dari-system.com\/cs\/ochranny-zlab-proti-listi\/#breadcrumb"},"inLanguage":"cs","potentialAction":[{"@type":"ReadAction","target":["https:\/\/dari-system.com\/cs\/ochranny-zlab-proti-listi\/"]}]},{"@type":"BreadcrumbList","@id":"https:\/\/dari-system.com\/cs\/ochranny-zlab-proti-listi\/#breadcrumb","itemListElement":[{"@type":"ListItem","position":1,"name":"Startseite","item":"https:\/\/dari-system.com\/cs\/"},{"@type":"ListItem","position":2,"name":"Ochrann\u00fd \u017elab proti list\u00ed"}]},{"@type":"WebSite","@id":"https:\/\/dari-system.com\/cs\/#website","url":"https:\/\/dari-system.com\/cs\/","name":"DaRi System","description":"","potentialAction":[{"@type":"SearchAction","target":{"@type":"EntryPoint","urlTemplate":"https:\/\/dari-system.com\/cs\/?s={search_term_string}"},"query-input":{"@type":"PropertyValueSpecification","valueRequired":true,"valueName":"search_term_string"}}],"inLanguage":"cs"}]}},"_links":{"self":[{"href":"https:\/\/dari-system.com\/cs\/wp-json\/wp\/v2\/pages\/25547138","targetHints":{"allow":["GET"]}}],"collection":[{"href":"https:\/\/dari-system.com\/cs\/wp-json\/wp\/v2\/pages"}],"about":[{"href":"https:\/\/dari-system.com\/cs\/wp-json\/wp\/v2\/types\/page"}],"author":[{"embeddable":true,"href":"https:\/\/dari-system.com\/cs\/wp-json\/wp\/v2\/users\/1"}],"replies":[{"embeddable":true,"href":"https:\/\/dari-system.com\/cs\/wp-json\/wp\/v2\/comments?post=25547138"}],"version-history":[{"count":1,"href":"https:\/\/dari-system.com\/cs\/wp-json\/wp\/v2\/pages\/25547138\/revisions"}],"predecessor-version":[{"id":25547143,"href":"https:\/\/dari-system.com\/cs\/wp-json\/wp\/v2\/pages\/25547138\/revisions\/25547143"}],"wp:attachment":[{"href":"https:\/\/dari-system.com\/cs\/wp-json\/wp\/v2\/media?parent=25547138"}],"wp:term":[{"taxonomy":"dipi_cpt_category","embeddable":true,"href":"https:\/\/dari-system.com\/cs\/wp-json\/wp\/v2\/dipi_cpt_category?post=25547138"}],"curies":[{"name":"wp","href":"https:\/\/api.w.org\/{rel}","templated":true}]}}