{"id":25547127,"date":"2024-06-19T09:58:35","date_gmt":"2024-06-19T09:58:35","guid":{"rendered":"https:\/\/dari-system.com\/kryt-zlabu\/"},"modified":"2024-08-16T17:40:04","modified_gmt":"2024-08-16T17:40:04","slug":"kryt-zlabu","status":"publish","type":"page","link":"https:\/\/dari-system.com\/cs\/kryt-zlabu\/","title":{"rendered":"Kryt \u017elabu"},"content":{"rendered":"<p>[et_pb_section fb_built=&#8220;1&#8243; fullwidth=&#8220;on&#8220; _builder_version=&#8220;4.25.0&#8243; _module_preset=&#8220;default&#8220; bottom_divider_color=&#8220;#FFFFFF&#8220; bottom_divider_height=&#8220;82px&#8220; bottom_divider_flip=&#8220;horizontal&#8220; locked=&#8220;off&#8220; global_colors_info=&#8220;{}&#8220;][et_pb_fullwidth_header title=&#8220;Kryt \u017elabu  &#8220; subhead=&#8220;Nejlep\u0161\u00ed ochrana va\u0161\u00ed st\u0159echy&#8220; _builder_version=&#8220;4.25.0&#8243; _module_preset=&#8220;default&#8220; title_font=&#8220;|800|||||||&#8220; title_font_size=&#8220;45px&#8220; background_image=&#8220;https:\/\/dari-system.com\/wp-content\/uploads\/2024\/05\/header_background.webp&#8220; background_position=&#8220;bottom_center&#8220; custom_padding=&#8220;8vh||8vh||true|false&#8220; title_font_size_tablet=&#8220;45px&#8220; title_font_size_phone=&#8220;29px&#8220; title_font_size_last_edited=&#8220;on|phone&#8220; content_font_size_tablet=&#8220;&#8220; content_font_size_phone=&#8220;17px&#8220; content_font_size_last_edited=&#8220;on|phone&#8220; global_colors_info=&#8220;{}&#8220;][\/et_pb_fullwidth_header][\/et_pb_section][et_pb_section fb_built=&#8220;1&#8243; _builder_version=&#8220;4.25.0&#8243; _module_preset=&#8220;default&#8220; custom_margin=&#8220;||0px||false|false&#8220; custom_padding=&#8220;||0px||false|false&#8220; global_colors_info=&#8220;{}&#8220;][et_pb_row column_structure=&#8220;1_2,1_2&#8243; _builder_version=&#8220;4.25.0&#8243; _module_preset=&#8220;default&#8220; global_colors_info=&#8220;{}&#8220;][et_pb_column type=&#8220;1_2&#8243; _builder_version=&#8220;4.25.0&#8243; _module_preset=&#8220;default&#8220; global_colors_info=&#8220;{}&#8220;][et_pb_text _builder_version=&#8220;4.25.0&#8243; _module_preset=&#8220;default&#8220; header_2_font=&#8220;|700|||||||&#8220; global_colors_info=&#8220;{}&#8220;]<\/p>\n<h2>Bezpe\u010dn\u00fd kryt okap\u016f pro va\u0161i st\u0159echu<\/h2>\n<p>Kryt okapu \u00fa\u010dinn\u011b chr\u00e1n\u00ed okap p\u0159ed ucp\u00e1n\u00edm list\u00edm, jehli\u010d\u00edm, drobn\u00fdmi v\u011btvemi a mechem.<br \/>\nBez <strong>krytu okapu<\/strong> se mohou rychle ucpat i krabicov\u00e9 \u017elaby.<br \/>\nKa\u017ed\u00fd majitel domu zn\u00e1 probl\u00e9m, kdy mus\u00ed znovu a znovu \u010distit p\u016flkruhov\u00e9 a krabicov\u00e9 \u017elaby.<br \/>\nZejm\u00e9na na podzim se okapy a krabicov\u00e9 \u017elaby rychle ucp\u00e1vaj\u00ed list\u00edm.<br \/>\n\u00da\u010dinn\u00fd kryt okapu proto nejen chr\u00e1n\u00ed okap p\u0159ed ucp\u00e1n\u00edm, ale tak\u00e9 usnad\u0148uje majiteli domu ochranu jeho domu, proto\u017ee de\u0161\u0165ov\u00e1 voda nest\u00e9k\u00e1 po ucpan\u00e9m okapu a nenas\u00e1k\u00e1 st\u011bnu domu.    <\/p>\n<p>[\/et_pb_text][\/et_pb_column][et_pb_column type=&#8220;1_2&#8243; _builder_version=&#8220;4.25.0&#8243; _module_preset=&#8220;default&#8220; global_colors_info=&#8220;{}&#8220;][et_pb_image src=&#8220;https:\/\/dari-system.com\/wp-content\/uploads\/2024\/06\/dachrinnenabdeckung.webp&#8220; alt=&#8220;Kryt st\u0159e\u0161n\u00edho \u017elabu&#8220; title_text=&#8220;Kryt \u017elabu&#8220; _builder_version=&#8220;4.25.0&#8243; _module_preset=&#8220;default&#8220; custom_margin=&#8220;||5px||false|false&#8220; global_colors_info=&#8220;{}&#8220;][\/et_pb_image][et_pb_text _builder_version=&#8220;4.25.0&#8243; _module_preset=&#8220;default&#8220; custom_margin=&#8220;0px||||false|false&#8220; global_colors_info=&#8220;{}&#8220;]<\/p>\n<p style=\"text-align: center;\"><em>Kryt st\u0159e\u0161n\u00edch \u017elab\u016f DaRi<\/em><\/p>\n<p>[\/et_pb_text][\/et_pb_column][\/et_pb_row][\/et_pb_section][et_pb_section fb_built=&#8220;1&#8243; _builder_version=&#8220;4.25.0&#8243; _module_preset=&#8220;default&#8220; custom_margin=&#8220;0px||||false|false&#8220; custom_padding=&#8220;0px||||false|false&#8220; global_colors_info=&#8220;{}&#8220;][et_pb_row _builder_version=&#8220;4.25.0&#8243; _module_preset=&#8220;default&#8220; global_colors_info=&#8220;{}&#8220;][et_pb_column type=&#8220;4_4&#8243; _builder_version=&#8220;4.25.0&#8243; _module_preset=&#8220;default&#8220; global_colors_info=&#8220;{}&#8220;][et_pb_text _builder_version=&#8220;4.25.0&#8243; _module_preset=&#8220;default&#8220; header_2_font=&#8220;|700|||||||&#8220; hover_enabled=&#8220;0&#8243; global_colors_info=&#8220;{}&#8220; sticky_enabled=&#8220;0&#8243;]<\/p>\n<h2>U\u0161et\u0159ete n\u00e1klady n\u00e1kupem krytu okap\u016f<\/h2>\n<p>S krytem \u017elabu pro okap nebo boxov\u00fd \u017elab m\u016f\u017eete efektivn\u011b u\u0161et\u0159it n\u00e1klady.<br \/>\nUcpan\u00fd okap toti\u017e m\u016f\u017ee b\u00fdt velmi drah\u00fd, pokud p\u0159ete\u010de a promo\u010d\u00ed st\u011bnu domu.<br \/>\nPokud \u017elab p\u0159ete\u010de, m\u016f\u017ee se voda p\u0159es sv\u011btelnou \u0161achtu dostat i do sklepa.<br \/>\nVyhn\u011bte se tomuto riziku a chra\u0148te sv\u016fj okap pomoc\u00ed krytu okapu.   <\/p>\n<h2>Lep\u0161\u00ed kvalita \u017eivota s kvalitn\u00edm krytem okap\u016f<\/h2>\n<p>S kvalitn\u00edm krytem okap\u016f z\u00edsk\u00e1te tak\u00e9 lep\u0161\u00ed kvalitu \u017eivota.<br \/>\nPokud se toti\u017e u\u017e nemus\u00edte ob\u00e1vat ucp\u00e1n\u00ed okapu nebo boxov\u00e9ho \u017elabu, m\u016f\u017eete na podzim klidn\u011b vyrazit na dovolenou. <\/p>\n<h2>Dbejte na kvalitu krytu \u017elabu<\/h2>\n<p>Pokud hled\u00e1te kvalitn\u00ed kryt okap\u016f, mus\u00edte pe\u010dliv\u011b zkontrolovat, zda kryt okap\u016f spl\u0148uje sv\u016fj \u00fa\u010del.<br \/>\nProto v\u011bnujte pozornost kvalit\u011b krytu okapu.<br \/>\nNab\u00edz\u00edme vysoce kvalitn\u00ed kryty okap\u016f pro p\u016flkruhov\u00e9 a krabicov\u00e9 \u017elaby.<br \/>\nNa\u0161e kryty okap\u016f se hod\u00ed t\u00e9m\u011b\u0159 ke ka\u017ed\u00e9mu okapu.   <\/p>\n<h2>Dobr\u00fd servis je p\u0159i n\u00e1kupu krytu okap\u016f velmi d\u016fle\u017eit\u00fd<\/h2>\n<p>Dostanete od n\u00e1s ty nejlep\u0161\u00ed slu\u017eby.<br \/>\nM\u016f\u017eete n\u00e1m zaslat fotografie va\u0161eho okapu nebo boxov\u00e9ho \u017elabu a my v\u00e1m zdarma porad\u00edme, jak\u00fd kryt okapu je pro v\u00e1\u0161 okap nebo boxov\u00fd \u017elab nejvhodn\u011bj\u0161\u00ed.<br \/>\nI v p\u0159\u00edpad\u011b, \u017ee se p\u0159i mont\u00e1\u017ei vyskytnou n\u011bjak\u00e9 probl\u00e9my, budeme v\u00e1m k dispozici a porad\u00edme.  <\/p>\n<h2>Abyste si mohli st\u0159echu u\u017e\u00edvat dlouho, chra\u0148te okap pomoc\u00ed krytu okapu.<\/h2>\n<p>Kryt okapu v\u00e1m u\u0161et\u0159\u00ed spoustu zdlouhav\u00e9 pr\u00e1ce.<br \/>\nLezen\u00ed po vysok\u00e9m \u017eeb\u0159\u00edku n\u011bkolikr\u00e1t do roka je nejen zdlouhav\u00e9, ale tak\u00e9 nebezpe\u010dn\u00e9.<br \/>\n\u010c\u00edm jste star\u0161\u00ed, t\u00edm v\u00edce se chcete tomuto riziku \u00farazu vyhnout.  <\/p>\n<h2>Z\u00e1ruka, \u017ee se \u017elab ji\u017e nebude ucp\u00e1vat.<\/h2>\n<p>S krytem okap\u016f z na\u0161\u00ed prodejny z\u00edsk\u00e1te z\u00e1ruku, \u017ee v\u00e1\u0161 okap ji\u017e nebude ucp\u00e1v\u00e1n list\u00edm.<br \/>\nKde jinde z\u00edsk\u00e1te takovou z\u00e1ruku na kryt okapu? <\/p>\n<p>To by v\u00e1s tak\u00e9 mohlo zaj\u00edmat:<\/p>\n<ul>\n<li><a href=\"https:\/\/dari-system.com\/laubfang-dachrinne\/\" title=\"Ochrann\u00fd \u017elab proti list\u00ed\"><a href=\"https:\/\/dari-system.com\/laubfang-dachrinne\/\">Ochrann\u00fd kryt proti list\u00ed pro okapy<\/a><\/a><\/li>\n<li><a href=\"https:\/\/dari-system.com\/regenrinnen-laubschutz\/\" title=\"De\u0161\u0165ov\u00e9 \u017elaby Ochrana proti list\u00ed\"><a href=\"https:\/\/dari-system.com\/regenrinnen-laubschutz\/\">De\u0161\u0165ov\u00e9 \u017elaby Ochrana proti list\u00ed<\/a><\/a><\/li>\n<li><a href=\"https:\/\/dari-system.com\/laubschutz-dachrinne\/\" title=\"Ochrann\u00fd \u017elab proti list\u00ed\"><a href=\"https:\/\/dari-system.com\/laubschutz-dachrinne\/\">Ochrana okap\u016f proti list\u00ed<\/a><\/a><\/li>\n<li><a href=\"https:\/\/dari-system.com\/cs\/kryt-zlabu\/\" title=\"Kryt \u017elabu\"> <a href=\"https:\/\/dari-system.com\/cs\/kryt-zlabu\/\"> Kryt \u017elabu<\/a><\/a><\/li>\n<\/ul>\n<p>[\/et_pb_text][\/et_pb_column][\/et_pb_row][\/et_pb_section]<\/p>\n","protected":false},"excerpt":{"rendered":"<p>Bezpe\u010dn\u00fd kryt okap\u016f pro va\u0161i st\u0159echu Kryt okapu \u00fa\u010dinn\u011b chr\u00e1n\u00ed okap p\u0159ed ucp\u00e1n\u00edm list\u00edm, jehli\u010d\u00edm, drobn\u00fdmi v\u011btvemi a mechem. Bez krytu okapu se mohou rychle ucpat i krabicov\u00e9 \u017elaby. Ka\u017ed\u00fd majitel domu zn\u00e1 probl\u00e9m, kdy mus\u00ed znovu a znovu \u010distit p\u016flkruhov\u00e9 a krabicov\u00e9 \u017elaby. Zejm\u00e9na na podzim se okapy a krabicov\u00e9 \u017elaby rychle ucp\u00e1vaj\u00ed list\u00edm. [&hellip;]<\/p>\n","protected":false},"author":1,"featured_media":0,"parent":0,"menu_order":0,"comment_status":"closed","ping_status":"closed","template":"","meta":{"_et_pb_use_builder":"on","_et_pb_old_content":"","_et_gb_content_width":"","iawp_total_views":23,"footnotes":""},"dipi_cpt_category":[],"class_list":["post-25547127","page","type-page","status-publish","hentry"],"yoast_head":"<!-- This site is optimized with the Yoast SEO plugin v27.4 - https:\/\/yoast.com\/product\/yoast-seo-wordpress\/ -->\n<title>Kryt okap\u016f DaRi - dokonal\u00e1 ochrana proti list\u00ed<\/title>\n<meta name=\"description\" content=\"Zjist\u011bte v\u00edce o krytu okap\u016f DaRi a ochra\u0148te sv\u016fj okap p\u0159ed list\u00edm a ucp\u00e1n\u00edm. Poskytujeme poradenstv\u00ed v oblasti\" \/>\n<meta name=\"robots\" content=\"index, follow, max-snippet:-1, max-image-preview:large, max-video-preview:-1\" \/>\n<link rel=\"canonical\" href=\"https:\/\/dari-system.com\/cs\/kryt-zlabu\/\" \/>\n<meta property=\"og:locale\" content=\"cs_CZ\" \/>\n<meta property=\"og:type\" content=\"article\" \/>\n<meta property=\"og:title\" content=\"Kryt okap\u016f DaRi - dokonal\u00e1 ochrana proti list\u00ed\" \/>\n<meta property=\"og:description\" content=\"Zjist\u011bte v\u00edce o krytu okap\u016f DaRi a ochra\u0148te sv\u016fj okap p\u0159ed list\u00edm a ucp\u00e1n\u00edm. Poskytujeme poradenstv\u00ed v oblasti\" \/>\n<meta property=\"og:url\" content=\"https:\/\/dari-system.com\/cs\/kryt-zlabu\/\" \/>\n<meta property=\"og:site_name\" content=\"DaRi System\" \/>\n<meta property=\"article:modified_time\" content=\"2024-08-16T17:40:04+00:00\" \/>\n<meta name=\"twitter:card\" content=\"summary_large_image\" \/>\n<meta name=\"twitter:label1\" content=\"Odhadovan\u00e1 doba \u010dten\u00ed\" \/>\n\t<meta name=\"twitter:data1\" content=\"4 minuty\" \/>\n<script type=\"application\/ld+json\" class=\"yoast-schema-graph\">{\"@context\":\"https:\\\/\\\/schema.org\",\"@graph\":[{\"@type\":\"WebPage\",\"@id\":\"https:\\\/\\\/dari-system.com\\\/cs\\\/kryt-zlabu\\\/\",\"url\":\"https:\\\/\\\/dari-system.com\\\/cs\\\/kryt-zlabu\\\/\",\"name\":\"Kryt okap\u016f DaRi - dokonal\u00e1 ochrana proti list\u00ed\",\"isPartOf\":{\"@id\":\"https:\\\/\\\/dari-system.com\\\/cs\\\/#website\"},\"datePublished\":\"2024-06-19T09:58:35+00:00\",\"dateModified\":\"2024-08-16T17:40:04+00:00\",\"description\":\"Zjist\u011bte v\u00edce o krytu okap\u016f DaRi a ochra\u0148te sv\u016fj okap p\u0159ed list\u00edm a ucp\u00e1n\u00edm. Poskytujeme poradenstv\u00ed v oblasti\",\"breadcrumb\":{\"@id\":\"https:\\\/\\\/dari-system.com\\\/cs\\\/kryt-zlabu\\\/#breadcrumb\"},\"inLanguage\":\"cs\",\"potentialAction\":[{\"@type\":\"ReadAction\",\"target\":[\"https:\\\/\\\/dari-system.com\\\/cs\\\/kryt-zlabu\\\/\"]}]},{\"@type\":\"BreadcrumbList\",\"@id\":\"https:\\\/\\\/dari-system.com\\\/cs\\\/kryt-zlabu\\\/#breadcrumb\",\"itemListElement\":[{\"@type\":\"ListItem\",\"position\":1,\"name\":\"Startseite\",\"item\":\"https:\\\/\\\/dari-system.com\\\/cs\\\/\"},{\"@type\":\"ListItem\",\"position\":2,\"name\":\"Kryt \u017elabu\"}]},{\"@type\":\"WebSite\",\"@id\":\"https:\\\/\\\/dari-system.com\\\/cs\\\/#website\",\"url\":\"https:\\\/\\\/dari-system.com\\\/cs\\\/\",\"name\":\"DaRi System\",\"description\":\"\",\"potentialAction\":[{\"@type\":\"SearchAction\",\"target\":{\"@type\":\"EntryPoint\",\"urlTemplate\":\"https:\\\/\\\/dari-system.com\\\/cs\\\/?s={search_term_string}\"},\"query-input\":{\"@type\":\"PropertyValueSpecification\",\"valueRequired\":true,\"valueName\":\"search_term_string\"}}],\"inLanguage\":\"cs\"}]}<\/script>\n<!-- \/ Yoast SEO plugin. -->","yoast_head_json":{"title":"Kryt okap\u016f DaRi - dokonal\u00e1 ochrana proti list\u00ed","description":"Zjist\u011bte v\u00edce o krytu okap\u016f DaRi a ochra\u0148te sv\u016fj okap p\u0159ed list\u00edm a ucp\u00e1n\u00edm. Poskytujeme poradenstv\u00ed v oblasti","robots":{"index":"index","follow":"follow","max-snippet":"max-snippet:-1","max-image-preview":"max-image-preview:large","max-video-preview":"max-video-preview:-1"},"canonical":"https:\/\/dari-system.com\/cs\/kryt-zlabu\/","og_locale":"cs_CZ","og_type":"article","og_title":"Kryt okap\u016f DaRi - dokonal\u00e1 ochrana proti list\u00ed","og_description":"Zjist\u011bte v\u00edce o krytu okap\u016f DaRi a ochra\u0148te sv\u016fj okap p\u0159ed list\u00edm a ucp\u00e1n\u00edm. Poskytujeme poradenstv\u00ed v oblasti","og_url":"https:\/\/dari-system.com\/cs\/kryt-zlabu\/","og_site_name":"DaRi System","article_modified_time":"2024-08-16T17:40:04+00:00","twitter_card":"summary_large_image","twitter_misc":{"Odhadovan\u00e1 doba \u010dten\u00ed":"4 minuty"},"schema":{"@context":"https:\/\/schema.org","@graph":[{"@type":"WebPage","@id":"https:\/\/dari-system.com\/cs\/kryt-zlabu\/","url":"https:\/\/dari-system.com\/cs\/kryt-zlabu\/","name":"Kryt okap\u016f DaRi - dokonal\u00e1 ochrana proti list\u00ed","isPartOf":{"@id":"https:\/\/dari-system.com\/cs\/#website"},"datePublished":"2024-06-19T09:58:35+00:00","dateModified":"2024-08-16T17:40:04+00:00","description":"Zjist\u011bte v\u00edce o krytu okap\u016f DaRi a ochra\u0148te sv\u016fj okap p\u0159ed list\u00edm a ucp\u00e1n\u00edm. Poskytujeme poradenstv\u00ed v oblasti","breadcrumb":{"@id":"https:\/\/dari-system.com\/cs\/kryt-zlabu\/#breadcrumb"},"inLanguage":"cs","potentialAction":[{"@type":"ReadAction","target":["https:\/\/dari-system.com\/cs\/kryt-zlabu\/"]}]},{"@type":"BreadcrumbList","@id":"https:\/\/dari-system.com\/cs\/kryt-zlabu\/#breadcrumb","itemListElement":[{"@type":"ListItem","position":1,"name":"Startseite","item":"https:\/\/dari-system.com\/cs\/"},{"@type":"ListItem","position":2,"name":"Kryt \u017elabu"}]},{"@type":"WebSite","@id":"https:\/\/dari-system.com\/cs\/#website","url":"https:\/\/dari-system.com\/cs\/","name":"DaRi System","description":"","potentialAction":[{"@type":"SearchAction","target":{"@type":"EntryPoint","urlTemplate":"https:\/\/dari-system.com\/cs\/?s={search_term_string}"},"query-input":{"@type":"PropertyValueSpecification","valueRequired":true,"valueName":"search_term_string"}}],"inLanguage":"cs"}]}},"_links":{"self":[{"href":"https:\/\/dari-system.com\/cs\/wp-json\/wp\/v2\/pages\/25547127","targetHints":{"allow":["GET"]}}],"collection":[{"href":"https:\/\/dari-system.com\/cs\/wp-json\/wp\/v2\/pages"}],"about":[{"href":"https:\/\/dari-system.com\/cs\/wp-json\/wp\/v2\/types\/page"}],"author":[{"embeddable":true,"href":"https:\/\/dari-system.com\/cs\/wp-json\/wp\/v2\/users\/1"}],"replies":[{"embeddable":true,"href":"https:\/\/dari-system.com\/cs\/wp-json\/wp\/v2\/comments?post=25547127"}],"version-history":[{"count":10,"href":"https:\/\/dari-system.com\/cs\/wp-json\/wp\/v2\/pages\/25547127\/revisions"}],"predecessor-version":[{"id":25547156,"href":"https:\/\/dari-system.com\/cs\/wp-json\/wp\/v2\/pages\/25547127\/revisions\/25547156"}],"wp:attachment":[{"href":"https:\/\/dari-system.com\/cs\/wp-json\/wp\/v2\/media?parent=25547127"}],"wp:term":[{"taxonomy":"dipi_cpt_category","embeddable":true,"href":"https:\/\/dari-system.com\/cs\/wp-json\/wp\/v2\/dipi_cpt_category?post=25547127"}],"curies":[{"name":"wp","href":"https:\/\/api.w.org\/{rel}","templated":true}]}}