{"id":25547059,"date":"2024-05-29T09:26:04","date_gmt":"2024-05-29T09:26:04","guid":{"rendered":"https:\/\/dari-system.com\/o-nas\/"},"modified":"2025-01-26T19:07:20","modified_gmt":"2025-01-26T19:07:20","slug":"o-nas","status":"publish","type":"page","link":"https:\/\/dari-system.com\/cs\/o-nas\/","title":{"rendered":"O n\u00e1s"},"content":{"rendered":"<p>[et_pb_section fb_built=&#8220;1&#8243; fullwidth=&#8220;on&#8220; _builder_version=&#8220;4.25.0&#8243; _module_preset=&#8220;default&#8220; bottom_divider_color=&#8220;#FFFFFF&#8220; bottom_divider_height=&#8220;82px&#8220; bottom_divider_flip=&#8220;horizontal&#8220; locked=&#8220;off&#8220; global_colors_info=&#8220;{}&#8220;][et_pb_fullwidth_header title=&#8220;O n\u00e1s&#8220; _builder_version=&#8220;4.27.0&#8243; _module_preset=&#8220;default&#8220; title_font=&#8220;|800|||||||&#8220; title_font_size=&#8220;45px&#8220; background_image=&#8220;https:\/\/dari-system.com\/wp-content\/uploads\/2024\/05\/header_background.webp&#8220; background_position=&#8220;bottom_center&#8220; custom_padding=&#8220;8vh||8vh||true|false&#8220; title_font_size_tablet=&#8220;45px&#8220; title_font_size_phone=&#8220;29px&#8220; title_font_size_last_edited=&#8220;on|phone&#8220; content_font_size_tablet=&#8220;&#8220; content_font_size_phone=&#8220;17px&#8220; content_font_size_last_edited=&#8220;on|phone&#8220; global_colors_info=&#8220;{}&#8220;]<\/p>\n<p>Cesta k dokonal\u00e9mu syst\u00e9mu DaRi<\/p>\n<p>[\/et_pb_fullwidth_header][\/et_pb_section][et_pb_section fb_built=&#8220;1&#8243; _builder_version=&#8220;4.25.0&#8243; _module_preset=&#8220;default&#8220; global_colors_info=&#8220;{}&#8220;][et_pb_row column_structure=&#8220;2_3,1_3&#8243; make_equal=&#8220;on&#8220; _builder_version=&#8220;4.25.0&#8243; _module_preset=&#8220;default&#8220; custom_margin=&#8220;||0px||false|false&#8220; custom_padding=&#8220;||0px||false|false&#8220; global_colors_info=&#8220;{}&#8220;][et_pb_column type=&#8220;2_3&#8243; _builder_version=&#8220;4.25.0&#8243; _module_preset=&#8220;default&#8220; custom_css_main_element=&#8220;margin: auto;&#8220; global_colors_info=&#8220;{}&#8220;][et_pb_text _builder_version=&#8220;4.27.0&#8243; _module_preset=&#8220;default&#8220; global_colors_info=&#8220;{}&#8220;]<\/p>\n<h3>V\u00e1\u0161 odborn\u00edk na ochranu okap\u016f \u2013 sv\u011btov\u00fd l\u00eddr a inov\u00e1tor<\/h3>\n<p>Jsme hrd\u00ed na to, \u017ee pat\u0159\u00edme mezi p\u0159edn\u00ed sv\u011btov\u00e9 v\u00fdrobce, kte\u0159\u00ed se specializuj\u00ed v\u00fdhradn\u011b na v\u00fdvoj a v\u00fdrobu vysoce kvalitn\u00edch syst\u00e9m\u016f pro ochranu okap\u016f. A\u0165 u\u017e se jedn\u00e1 o rodinn\u00e9 domy, pr\u016fmyslov\u00e9 budovy, zimn\u00ed zahrady nebo p\u0159\u00edst\u0159e\u0161ky \u2013 na\u0161e \u0159e\u0161en\u00ed spolehliv\u011b chr\u00e1n\u00ed okapy p\u0159ed ucp\u00e1n\u00edm list\u00edm, jehli\u010d\u00edm a dal\u0161\u00edmi ne\u010distotami.<\/p>\n<p>Ji\u017e v\u00edce ne\u017e 15 let se s v\u00e1\u0161n\u00ed a inovativn\u00edm p\u0159\u00edstupem v\u011bnujeme t\u00e9to misi. Na\u0161e syst\u00e9my jsou navr\u017eeny a vyr\u00e1b\u011bny v N\u011bmecku a spl\u0148uj\u00ed nejvy\u0161\u0161\u00ed standardy kvality, odolnosti a u\u017eivatelsk\u00e9 p\u0159\u00edv\u011btivosti. Klade se zvl\u00e1\u0161tn\u00ed d\u016fraz na to, aby na\u0161e produkty byly:<\/p>\n<ul>\n<li><strong>Odoln\u00e9 proti UV z\u00e1\u0159en\u00ed<\/strong> a robustn\u00ed v\u016f\u010di pov\u011btrnostn\u00edm vliv\u016fm,<\/li>\n<li><strong>Kompatibiln\u00ed se v\u0161emi materi\u00e1ly okap\u016f<\/strong>, v\u010detn\u011b plastu, zinku, m\u011bdi a nerezov\u00e9 oceli,<\/li>\n<li><strong>Snadno instalovateln\u00e9 bez speci\u00e1ln\u00edch n\u00e1stroj\u016f<\/strong>, co\u017e je ide\u00e1ln\u00ed jak pro dom\u00e1c\u00ed kutily, tak pro profesion\u00e1ly.<\/li>\n<\/ul>\n<h3>Na\u0161e z\u00e1ruka \u2013 va\u0161e jistota<\/h3>\n<p>Co n\u00e1s odli\u0161uje od ostatn\u00edch v\u00fdrobc\u016f, je na\u0161e z\u00e1ruka: p\u0159i spr\u00e1vn\u00e9 instalaci z\u016fstane v\u00e1\u0161 okap garantovan\u011b bez ucp\u00e1n\u00ed list\u00edm. Tato jedine\u010dn\u00e1 z\u00e1ruka v\u00e1m p\u0159in\u00e1\u0161\u00ed klid a potvrzuje na\u0161i d\u016fv\u011bru v kvalitu a funk\u010dnost na\u0161ich produkt\u016f.<\/p>\n<h3>Sv\u011btov\u00e1 odbornost \u2013 \u0159e\u0161en\u00ed pro ka\u017edou v\u00fdzvu<\/h3>\n<p>Z na\u0161\u00ed centr\u00e1ly v N\u011bmecku dod\u00e1v\u00e1me na\u0161e produkty z\u00e1kazn\u00edk\u016fm po cel\u00e9m sv\u011bt\u011b. Probl\u00e9m ucpan\u00fdch okap\u016f je glob\u00e1ln\u00ed \u2013 a my nab\u00edz\u00edme ide\u00e1ln\u00ed \u0159e\u0161en\u00ed. Zvl\u00e1\u0161t\u011b slo\u017eit\u00e9 situace s okapy n\u00e1s inspiruj\u00ed k v\u00fdvoji nov\u00fdch, inovativn\u00edch produkt\u016f.<\/p>\n<p><strong>Na\u0161e slu\u017eba pro v\u00e1s:<\/strong><br \/>Za\u0161lete n\u00e1m fotografie va\u0161eho okapu a my v\u00e1m zdarma porad\u00edme! N\u00e1\u0161 zku\u0161en\u00fd t\u00fdm najde optim\u00e1ln\u00ed \u0159e\u0161en\u00ed p\u0159izp\u016fsoben\u00e9 va\u0161im specifick\u00fdm pot\u0159eb\u00e1m.<\/p>\n<h3>Na\u0161e vize<\/h3>\n<p>D\u00edky na\u0161im produkt\u016fm umo\u017e\u0148ujeme majitel\u016fm dom\u016f a podnik\u016fm klidnou budoucnost, ve kter\u00e9 jsou ucpan\u00e9 okapy minulost\u00ed. Na\u0161e vysoce kvalitn\u00ed, odoln\u00e9 a snadno instalovateln\u00e9 syst\u00e9my v\u00e1m u\u0161et\u0159\u00ed \u010das, n\u00e1mahu a n\u00e1klady \u2013 a umo\u017en\u00ed v\u00e1m soust\u0159edit se na to, co je skute\u010dn\u011b d\u016fle\u017eit\u00e9.<\/p>\n<p><strong>Vyu\u017eijte v\u00edce ne\u017e 15 let zku\u0161enost\u00ed a ud\u011blejte prvn\u00ed krok k trvale \u010dist\u00fdm okap\u016fm. T\u011b\u0161\u00edme se na v\u00e1\u0161 dotaz!<\/strong><\/p>\n<p>&nbsp;<\/p>\n<p>[\/et_pb_text][\/et_pb_column][et_pb_column type=&#8220;1_3&#8243; _builder_version=&#8220;4.25.0&#8243; _module_preset=&#8220;default&#8220; custom_css_main_element=&#8220;mrgin:auto;&#8220; global_colors_info=&#8220;{}&#8220;][et_pb_image src=&#8220;https:\/\/dari-system.com\/wp-content\/uploads\/2024\/06\/eckhard_jentsch_03.webp&#8220; alt=&#8220;Eckhard Jentsch&#8220; title_text=&#8220;eckhard_jentsch_03&#8243; _builder_version=&#8220;4.25.0&#8243; _module_preset=&#8220;default&#8220; custom_margin=&#8220;||0px||false|false&#8220; custom_margin_tablet=&#8220;||0px||false|false&#8220; custom_margin_phone=&#8220;35px||0px||false|false&#8220; custom_margin_last_edited=&#8220;on|phone&#8220; global_colors_info=&#8220;{}&#8220;][\/et_pb_image][et_pb_text _builder_version=&#8220;4.27.0&#8243; _module_preset=&#8220;default&#8220; text_font_size=&#8220;12px&#8220; custom_margin=&#8220;||0px||false|false&#8220; custom_padding=&#8220;||0px||false|false&#8220; global_colors_info=&#8220;{}&#8220;]<\/p>\n<p style=\"text-align: center;\"><em>Eckhard Jentsch | Zakladatel DaRi-System<\/em><\/p>\n<p>[\/et_pb_text][\/et_pb_column][\/et_pb_row][\/et_pb_section][et_pb_section fb_built=&#8220;1&#8243; _builder_version=&#8220;4.25.0&#8243; _module_preset=&#8220;default&#8220; custom_padding=&#8220;0px||0px||false|false&#8220; global_colors_info=&#8220;{}&#8220;][\/et_pb_section][et_pb_section fb_built=&#8220;1&#8243; _builder_version=&#8220;4.25.0&#8243; _module_preset=&#8220;default&#8220; global_colors_info=&#8220;{}&#8220;][\/et_pb_section]<\/p>\n","protected":false},"excerpt":{"rendered":"<p>Cesta k dokonal\u00e9mu syst\u00e9mu DaRiV\u00e1\u0161 odborn\u00edk na ochranu okap\u016f \u2013 sv\u011btov\u00fd l\u00eddr a inov\u00e1tor Jsme hrd\u00ed na to, \u017ee pat\u0159\u00edme mezi p\u0159edn\u00ed sv\u011btov\u00e9 v\u00fdrobce, kte\u0159\u00ed se specializuj\u00ed v\u00fdhradn\u011b na v\u00fdvoj a v\u00fdrobu vysoce kvalitn\u00edch syst\u00e9m\u016f pro ochranu okap\u016f. A\u0165 u\u017e se jedn\u00e1 o rodinn\u00e9 domy, pr\u016fmyslov\u00e9 budovy, zimn\u00ed zahrady nebo p\u0159\u00edst\u0159e\u0161ky \u2013 na\u0161e \u0159e\u0161en\u00ed spolehliv\u011b [&hellip;]<\/p>\n","protected":false},"author":1,"featured_media":0,"parent":0,"menu_order":0,"comment_status":"closed","ping_status":"closed","template":"","meta":{"_et_pb_use_builder":"on","_et_pb_old_content":"","_et_gb_content_width":"","iawp_total_views":11,"footnotes":""},"dipi_cpt_category":[],"class_list":["post-25547059","page","type-page","status-publish","hentry"],"yoast_head":"<!-- This site is optimized with the Yoast SEO plugin v27.3 - https:\/\/yoast.com\/product\/yoast-seo-wordpress\/ -->\n<title>O n\u00e1s - DaRi System<\/title>\n<meta name=\"robots\" content=\"index, follow, max-snippet:-1, max-image-preview:large, max-video-preview:-1\" \/>\n<link rel=\"canonical\" href=\"https:\/\/dari-system.com\/cs\/o-nas\/\" \/>\n<meta property=\"og:locale\" content=\"cs_CZ\" \/>\n<meta property=\"og:type\" content=\"article\" \/>\n<meta property=\"og:title\" content=\"O n\u00e1s - DaRi System\" \/>\n<meta property=\"og:description\" content=\"Cesta k dokonal\u00e9mu syst\u00e9mu DaRiV\u00e1\u0161 odborn\u00edk na ochranu okap\u016f \u2013 sv\u011btov\u00fd l\u00eddr a inov\u00e1tor Jsme hrd\u00ed na to, \u017ee pat\u0159\u00edme mezi p\u0159edn\u00ed sv\u011btov\u00e9 v\u00fdrobce, kte\u0159\u00ed se specializuj\u00ed v\u00fdhradn\u011b na v\u00fdvoj a v\u00fdrobu vysoce kvalitn\u00edch syst\u00e9m\u016f pro ochranu okap\u016f. A\u0165 u\u017e se jedn\u00e1 o rodinn\u00e9 domy, pr\u016fmyslov\u00e9 budovy, zimn\u00ed zahrady nebo p\u0159\u00edst\u0159e\u0161ky \u2013 na\u0161e \u0159e\u0161en\u00ed spolehliv\u011b [&hellip;]\" \/>\n<meta property=\"og:url\" content=\"https:\/\/dari-system.com\/cs\/o-nas\/\" \/>\n<meta property=\"og:site_name\" content=\"DaRi System\" \/>\n<meta property=\"article:modified_time\" content=\"2025-01-26T19:07:20+00:00\" \/>\n<meta name=\"twitter:card\" content=\"summary_large_image\" \/>\n<meta name=\"twitter:label1\" content=\"Odhadovan\u00e1 doba \u010dten\u00ed\" \/>\n\t<meta name=\"twitter:data1\" content=\"4 minuty\" \/>\n<script type=\"application\/ld+json\" class=\"yoast-schema-graph\">{\"@context\":\"https:\\\/\\\/schema.org\",\"@graph\":[{\"@type\":\"WebPage\",\"@id\":\"https:\\\/\\\/dari-system.com\\\/cs\\\/o-nas\\\/\",\"url\":\"https:\\\/\\\/dari-system.com\\\/cs\\\/o-nas\\\/\",\"name\":\"O n\u00e1s - DaRi System\",\"isPartOf\":{\"@id\":\"https:\\\/\\\/dari-system.com\\\/cs\\\/#website\"},\"datePublished\":\"2024-05-29T09:26:04+00:00\",\"dateModified\":\"2025-01-26T19:07:20+00:00\",\"breadcrumb\":{\"@id\":\"https:\\\/\\\/dari-system.com\\\/cs\\\/o-nas\\\/#breadcrumb\"},\"inLanguage\":\"cs\",\"potentialAction\":[{\"@type\":\"ReadAction\",\"target\":[\"https:\\\/\\\/dari-system.com\\\/cs\\\/o-nas\\\/\"]}]},{\"@type\":\"BreadcrumbList\",\"@id\":\"https:\\\/\\\/dari-system.com\\\/cs\\\/o-nas\\\/#breadcrumb\",\"itemListElement\":[{\"@type\":\"ListItem\",\"position\":1,\"name\":\"Startseite\",\"item\":\"https:\\\/\\\/dari-system.com\\\/cs\\\/\"},{\"@type\":\"ListItem\",\"position\":2,\"name\":\"O n\u00e1s\"}]},{\"@type\":\"WebSite\",\"@id\":\"https:\\\/\\\/dari-system.com\\\/cs\\\/#website\",\"url\":\"https:\\\/\\\/dari-system.com\\\/cs\\\/\",\"name\":\"DaRi System\",\"description\":\"\",\"potentialAction\":[{\"@type\":\"SearchAction\",\"target\":{\"@type\":\"EntryPoint\",\"urlTemplate\":\"https:\\\/\\\/dari-system.com\\\/cs\\\/?s={search_term_string}\"},\"query-input\":{\"@type\":\"PropertyValueSpecification\",\"valueRequired\":true,\"valueName\":\"search_term_string\"}}],\"inLanguage\":\"cs\"}]}<\/script>\n<!-- \/ Yoast SEO plugin. -->","yoast_head_json":{"title":"O n\u00e1s - DaRi System","robots":{"index":"index","follow":"follow","max-snippet":"max-snippet:-1","max-image-preview":"max-image-preview:large","max-video-preview":"max-video-preview:-1"},"canonical":"https:\/\/dari-system.com\/cs\/o-nas\/","og_locale":"cs_CZ","og_type":"article","og_title":"O n\u00e1s - DaRi System","og_description":"Cesta k dokonal\u00e9mu syst\u00e9mu DaRiV\u00e1\u0161 odborn\u00edk na ochranu okap\u016f \u2013 sv\u011btov\u00fd l\u00eddr a inov\u00e1tor Jsme hrd\u00ed na to, \u017ee pat\u0159\u00edme mezi p\u0159edn\u00ed sv\u011btov\u00e9 v\u00fdrobce, kte\u0159\u00ed se specializuj\u00ed v\u00fdhradn\u011b na v\u00fdvoj a v\u00fdrobu vysoce kvalitn\u00edch syst\u00e9m\u016f pro ochranu okap\u016f. A\u0165 u\u017e se jedn\u00e1 o rodinn\u00e9 domy, pr\u016fmyslov\u00e9 budovy, zimn\u00ed zahrady nebo p\u0159\u00edst\u0159e\u0161ky \u2013 na\u0161e \u0159e\u0161en\u00ed spolehliv\u011b [&hellip;]","og_url":"https:\/\/dari-system.com\/cs\/o-nas\/","og_site_name":"DaRi System","article_modified_time":"2025-01-26T19:07:20+00:00","twitter_card":"summary_large_image","twitter_misc":{"Odhadovan\u00e1 doba \u010dten\u00ed":"4 minuty"},"schema":{"@context":"https:\/\/schema.org","@graph":[{"@type":"WebPage","@id":"https:\/\/dari-system.com\/cs\/o-nas\/","url":"https:\/\/dari-system.com\/cs\/o-nas\/","name":"O n\u00e1s - DaRi System","isPartOf":{"@id":"https:\/\/dari-system.com\/cs\/#website"},"datePublished":"2024-05-29T09:26:04+00:00","dateModified":"2025-01-26T19:07:20+00:00","breadcrumb":{"@id":"https:\/\/dari-system.com\/cs\/o-nas\/#breadcrumb"},"inLanguage":"cs","potentialAction":[{"@type":"ReadAction","target":["https:\/\/dari-system.com\/cs\/o-nas\/"]}]},{"@type":"BreadcrumbList","@id":"https:\/\/dari-system.com\/cs\/o-nas\/#breadcrumb","itemListElement":[{"@type":"ListItem","position":1,"name":"Startseite","item":"https:\/\/dari-system.com\/cs\/"},{"@type":"ListItem","position":2,"name":"O n\u00e1s"}]},{"@type":"WebSite","@id":"https:\/\/dari-system.com\/cs\/#website","url":"https:\/\/dari-system.com\/cs\/","name":"DaRi System","description":"","potentialAction":[{"@type":"SearchAction","target":{"@type":"EntryPoint","urlTemplate":"https:\/\/dari-system.com\/cs\/?s={search_term_string}"},"query-input":{"@type":"PropertyValueSpecification","valueRequired":true,"valueName":"search_term_string"}}],"inLanguage":"cs"}]}},"_links":{"self":[{"href":"https:\/\/dari-system.com\/cs\/wp-json\/wp\/v2\/pages\/25547059","targetHints":{"allow":["GET"]}}],"collection":[{"href":"https:\/\/dari-system.com\/cs\/wp-json\/wp\/v2\/pages"}],"about":[{"href":"https:\/\/dari-system.com\/cs\/wp-json\/wp\/v2\/types\/page"}],"author":[{"embeddable":true,"href":"https:\/\/dari-system.com\/cs\/wp-json\/wp\/v2\/users\/1"}],"replies":[{"embeddable":true,"href":"https:\/\/dari-system.com\/cs\/wp-json\/wp\/v2\/comments?post=25547059"}],"version-history":[{"count":3,"href":"https:\/\/dari-system.com\/cs\/wp-json\/wp\/v2\/pages\/25547059\/revisions"}],"predecessor-version":[{"id":25549916,"href":"https:\/\/dari-system.com\/cs\/wp-json\/wp\/v2\/pages\/25547059\/revisions\/25549916"}],"wp:attachment":[{"href":"https:\/\/dari-system.com\/cs\/wp-json\/wp\/v2\/media?parent=25547059"}],"wp:term":[{"taxonomy":"dipi_cpt_category","embeddable":true,"href":"https:\/\/dari-system.com\/cs\/wp-json\/wp\/v2\/dipi_cpt_category?post=25547059"}],"curies":[{"name":"wp","href":"https:\/\/api.w.org\/{rel}","templated":true}]}}