{"id":25547042,"date":"2024-05-29T12:54:59","date_gmt":"2024-05-29T12:54:59","guid":{"rendered":"https:\/\/dari-system.com\/kontaktujte-nas\/"},"modified":"2024-09-04T14:39:56","modified_gmt":"2024-09-04T14:39:56","slug":"kontaktujte-nas","status":"publish","type":"page","link":"https:\/\/dari-system.com\/cs\/kontaktujte-nas\/","title":{"rendered":"Kontaktujte n\u00e1s"},"content":{"rendered":"<p>[et_pb_section fb_built=&#8220;1&#8243; fullwidth=&#8220;on&#8220; _builder_version=&#8220;4.25.0&#8243; _module_preset=&#8220;default&#8220; bottom_divider_color=&#8220;#FFFFFF&#8220; bottom_divider_height=&#8220;82px&#8220; bottom_divider_flip=&#8220;horizontal&#8220; locked=&#8220;off&#8220; global_colors_info=&#8220;{}&#8220;][et_pb_fullwidth_header title=&#8220;Hork\u00e1 linka k syst\u00e9mu DaRi&#8220; _builder_version=&#8220;4.25.0&#8243; _module_preset=&#8220;default&#8220; title_font=&#8220;|800|||||||&#8220; title_font_size=&#8220;45px&#8220; background_image=&#8220;https:\/\/dari-system.com\/wp-content\/uploads\/2024\/05\/header_background.webp&#8220; background_position=&#8220;bottom_center&#8220; custom_padding=&#8220;8vh||8vh||true|false&#8220; title_font_size_tablet=&#8220;45px&#8220; title_font_size_phone=&#8220;29px&#8220; title_font_size_last_edited=&#8220;on|phone&#8220; content_font_size_tablet=&#8220;&#8220; content_font_size_phone=&#8220;17px&#8220; content_font_size_last_edited=&#8220;on|phone&#8220; global_colors_info=&#8220;{}&#8220;]<\/p>\n<p>T\u011b\u0161\u00edme se na va\u0161e dotazy a n\u00e1vrhy<\/p>\n<p>[\/et_pb_fullwidth_header][\/et_pb_section][et_pb_section fb_built=&#8220;1&#8243; _builder_version=&#8220;4.25.0&#8243; _module_preset=&#8220;default&#8220; global_colors_info=&#8220;{}&#8220;][et_pb_row column_structure=&#8220;1_3,1_3,1_3&#8243; _builder_version=&#8220;4.25.0&#8243; _module_preset=&#8220;default&#8220; global_colors_info=&#8220;{}&#8220;][et_pb_column type=&#8220;1_3&#8243; _builder_version=&#8220;4.25.0&#8243; _module_preset=&#8220;default&#8220; global_colors_info=&#8220;{}&#8220;][et_pb_text _builder_version=&#8220;4.25.0&#8243; _module_preset=&#8220;default&#8220; global_colors_info=&#8220;{}&#8220;]<\/p>\n<h1>Kontaktujte n\u00e1s<\/h1>\n<p>[\/et_pb_text][\/et_pb_column][et_pb_column type=&#8220;1_3&#8243; _builder_version=&#8220;4.25.0&#8243; _module_preset=&#8220;default&#8220; global_colors_info=&#8220;{}&#8220;][et_pb_text _builder_version=&#8220;4.25.0&#8243; _module_preset=&#8220;default&#8220; global_colors_info=&#8220;{}&#8220;]<\/p>\n<p><span class=\"contact-street\" itemprop=\"streetAddress\"><strong>DaRi-Systemteile GmbH<br \/><\/strong><\/span><span class=\"contact-street\" itemprop=\"streetAddress\">Rudolf-Nebel-Str.<br \/>\n12 <br \/><\/span><span class=\"contact-suburb\" itemprop=\"addressLocality\">91781 Wei\u00dfenburg<\/span><span class=\"contact-postcode\" itemprop=\"postalCode\"><br \/><\/span><span class=\"contact-country\" itemprop=\"addressCountry\">N\u011bmecko<\/span><\/p>\n<p><span class=\"contact-country\" itemprop=\"addressCountry\"><br \/><\/span><span class=\"jicons-text\" itemprop=\"email\">e-mail:<\/span><span class=\"contact-emailto\"><span id=\"cloak5c1e84c5da5ba6caf991d5cc2e8c4796\"> <a href=\"mailto:info@dari-system.com\">info@dari-system.com<\/a><br \/><\/span><\/span><span class=\"jicons-text\">Telefon: <\/span><span class=\"contact-telephone\" itemprop=\"telephone\">09141 &#8211; 84 59 370<br \/><\/span><span class=\"jicons-text\">Fax: <\/span><span class=\"contact-fax\" itemprop=\"faxNumber\">09141 &#8211; 84 59 371<\/span><\/p>\n<p>[\/et_pb_text][\/et_pb_column][et_pb_column type=&#8220;1_3&#8243; _builder_version=&#8220;4.25.0&#8243; _module_preset=&#8220;default&#8220; global_colors_info=&#8220;{}&#8220;][et_pb_image src=&#8220;https:\/\/dari-system.com\/wp-content\/uploads\/2024\/06\/eckhard_jentsch_02.webp&#8220; alt=&#8220;Eckhard Jentsch&#8220; title_text=&#8220;eckhard_jentsch_02&#8243; _builder_version=&#8220;4.25.0&#8243; _module_preset=&#8220;default&#8220; border_radii=&#8220;on|1px|1px|1px|1px&#8220; border_width_all=&#8220;2px&#8220; border_color_all=&#8220;#4C76A9&#8243; global_colors_info=&#8220;{}&#8220;][\/et_pb_image][\/et_pb_column][\/et_pb_row][\/et_pb_section][et_pb_section fb_built=&#8220;1&#8243; admin_label=&#8220;Produktvergleich&#8220; module_class=&#8220;tbvs-section-light&#8220; _builder_version=&#8220;4.25.0&#8243; _module_preset=&#8220;default&#8220; background_color=&#8220;#cde2f2&#8243; background_enable_image=&#8220;off&#8220; parallax=&#8220;on&#8220; z_index=&#8220;5&#8243; min_height=&#8220;410.3px&#8220; custom_margin=&#8220;33px||46px||false|false&#8220; custom_padding=&#8220;46px||||false|false&#8220; top_divider_height=&#8220;72px&#8220; locked=&#8220;off&#8220; global_colors_info=&#8220;{}&#8220;][et_pb_row _builder_version=&#8220;4.25.0&#8243; _module_preset=&#8220;default&#8220; global_colors_info=&#8220;{}&#8220;][et_pb_column type=&#8220;4_4&#8243; _builder_version=&#8220;4.25.0&#8243; _module_preset=&#8220;default&#8220; global_colors_info=&#8220;{}&#8220;][et_pb_text _builder_version=&#8220;4.25.0&#8243; _module_preset=&#8220;default&#8220; text_font=&#8220;Open Sans||||||||&#8220; text_text_color=&#8220;#333333&#8243; locked=&#8220;off&#8220; global_colors_info=&#8220;{}&#8220;]<\/p>\n<p><strong><br \/>M\u00e1te-li jak\u00e9koli dotazy, za\u0161lete n\u00e1m pros\u00edm obr\u00e1zek sv\u00e9ho \u017elabu e-mailem:<a href=\"mailto:info@dari-system.com\">info@dari-system.com<\/a>.<\/strong><\/p>\n<p>[\/et_pb_text][et_pb_text _builder_version=&#8220;4.25.0&#8243; _module_preset=&#8220;default&#8220; global_colors_info=&#8220;{}&#8220;]<\/p>\n<h2>Nebo n\u00e1m po\u0161lete zpr\u00e1vu<\/h2>\n<p>[\/et_pb_text][et_pb_code _builder_version=&#8220;4.27.0&#8243; _module_preset=&#8220;default&#8220; global_colors_info=&#8220;{}&#8220;]<style id=\"wpforms-css-vars-25544250\">\n\t\t\t\t#wpforms-25544250 {\n\t\t\t\t\n\t\t\t}\n\t\t\t<\/style><div class=\"wpforms-container wpforms-container-full wpforms-render-modern\" id=\"wpforms-25544250\"><form id=\"wpforms-form-25544250\" class=\"wpforms-validate wpforms-form wpforms-ajax-form\" data-formid=\"25544250\" method=\"post\" enctype=\"multipart\/form-data\" action=\"\/cs\/wp-json\/wp\/v2\/pages\/25547042\" data-token=\"df9bc34b67ef859e845956215e5d09e7\" data-token-time=\"1776270189\"><noscript class=\"wpforms-error-noscript\">Chcete-li vyplnit tento formul\u00e1\u0159, pros\u00edm povolte v prohl\u00ed\u017ee\u010di JavaScript.<\/noscript><div id=\"wpforms-error-noscript\" style=\"display: none;\">Chcete-li vyplnit tento formul\u00e1\u0159, pros\u00edm povolte v prohl\u00ed\u017ee\u010di JavaScript.<\/div><div class=\"wpforms-field-container\"><div id=\"wpforms-25544250-field_0-container\" class=\"wpforms-field wpforms-field-name\" data-field-id=\"0\"><fieldset><legend class=\"wpforms-field-label\">N\u00e1zev <span class=\"wpforms-required-label\" aria-hidden=\"true\">*<\/span><\/legend><div class=\"wpforms-field-row wpforms-field-medium\"><div class=\"wpforms-field-row-block wpforms-first wpforms-one-half\"><input type=\"text\" id=\"wpforms-25544250-field_0\" class=\"wpforms-field-name-first wpforms-field-required\" name=\"wpforms[fields][0][first]\" aria-errormessage=\"wpforms-25544250-field_0-error\" required><label for=\"wpforms-25544250-field_0\" class=\"wpforms-field-sublabel after\">K\u0159estn\u00ed jm\u00e9no<\/label><\/div><div class=\"wpforms-field-row-block wpforms-one-half\"><input type=\"text\" id=\"wpforms-25544250-field_0-last\" class=\"wpforms-field-name-last wpforms-field-required\" name=\"wpforms[fields][0][last]\" aria-errormessage=\"wpforms-25544250-field_0-last-error\" required><label for=\"wpforms-25544250-field_0-last\" class=\"wpforms-field-sublabel after\">P\u0159\u00edjmen\u00ed<\/label><\/div><\/div><\/fieldset><\/div>\t\t<div id=\"wpforms-25544250-field_5-container\"\n\t\t\tclass=\"wpforms-field wpforms-field-text\"\n\t\t\tdata-field-type=\"text\"\n\t\t\tdata-field-id=\"5\"\n\t\t\t>\n\t\t\t<label class=\"wpforms-field-label\" for=\"wpforms-25544250-field_5\" >N\u00e1zev e-mail zpr\u00e1va<\/label>\n\t\t\t<input type=\"text\" id=\"wpforms-25544250-field_5\" class=\"wpforms-field-medium\" name=\"wpforms[fields][5]\" >\n\t\t<\/div>\n\t\t<div id=\"wpforms-25544250-field_1-container\" class=\"wpforms-field wpforms-field-email\" data-field-id=\"1\"><label class=\"wpforms-field-label\" for=\"wpforms-25544250-field_1\">e-mail <span class=\"wpforms-required-label\" aria-hidden=\"true\">*<\/span><\/label><input type=\"email\" id=\"wpforms-25544250-field_1\" class=\"wpforms-field-medium wpforms-field-required\" name=\"wpforms[fields][1]\" spellcheck=\"false\" aria-errormessage=\"wpforms-25544250-field_1-error\" required><\/div><div id=\"wpforms-25544250-field_3-container\" class=\"wpforms-field wpforms-field-text\" data-field-id=\"3\"><label class=\"wpforms-field-label\" for=\"wpforms-25544250-field_3\">P\u0159edm\u011bt<\/label><input type=\"text\" id=\"wpforms-25544250-field_3\" class=\"wpforms-field-medium\" name=\"wpforms[fields][3]\" aria-errormessage=\"wpforms-25544250-field_3-error\" ><\/div><div id=\"wpforms-25544250-field_2-container\" class=\"wpforms-field wpforms-field-textarea\" data-field-id=\"2\"><label class=\"wpforms-field-label\" for=\"wpforms-25544250-field_2\">Va\u0161e zpr\u00e1va <span class=\"wpforms-required-label\" aria-hidden=\"true\">*<\/span><\/label><textarea id=\"wpforms-25544250-field_2\" class=\"wpforms-field-medium wpforms-field-required\" name=\"wpforms[fields][2]\" aria-errormessage=\"wpforms-25544250-field_2-error\" required><\/textarea><\/div><div id=\"wpforms-25544250-field_4-container\" class=\"wpforms-field wpforms-field-email\" data-field-id=\"4\"><label class=\"wpforms-field-label\" for=\"wpforms-25544250-field_4\">E-Mail-Adresse <span class=\"wpforms-required-label\" aria-hidden=\"true\">*<\/span><\/label><input type=\"email\" id=\"wpforms-25544250-field_4\" class=\"wpforms-field-medium wpforms-field-required\" name=\"wpforms[fields][4]\" spellcheck=\"false\" aria-errormessage=\"wpforms-25544250-field_4-error\" required><\/div><script>\n\t\t\t\t( function() {\n\t\t\t\t\tconst style = document.createElement( 'style' );\n\t\t\t\t\tstyle.appendChild( document.createTextNode( '#wpforms-25544250-field_5-container { position: absolute !important; overflow: hidden !important; display: inline !important; height: 1px !important; width: 1px !important; z-index: -1000 !important; padding: 0 !important; } #wpforms-25544250-field_5-container input { visibility: hidden; } #wpforms-conversational-form-page #wpforms-25544250-field_5-container label { counter-increment: none; }' ) );\n\t\t\t\t\tdocument.head.appendChild( style );\n\t\t\t\t\tdocument.currentScript?.remove();\n\t\t\t\t} )();\n\t\t\t<\/script><\/div><!-- .wpforms-field-container --><div class=\"wpforms-submit-container\" ><input type=\"hidden\" name=\"wpforms[id]\" value=\"25544250\"><input type=\"hidden\" name=\"page_title\" value=\"\"><input type=\"hidden\" name=\"page_url\" value=\"https:\/\/dari-system.com\/cs\/wp-json\/wp\/v2\/pages\/25547042\"><input type=\"hidden\" name=\"url_referer\" value=\"\"><button type=\"submit\" name=\"wpforms[submit]\" id=\"wpforms-submit-25544250\" class=\"wpforms-submit\" data-alt-text=\"Bude zasl\u00e1no ...\" data-submit-text=\"Odeslat\" aria-live=\"assertive\" value=\"wpforms-submit\">Odeslat<\/button><img loading=\"lazy\" decoding=\"async\" src=\"https:\/\/dari-system.com\/wp-content\/plugins\/wpforms-lite\/assets\/images\/submit-spin.svg\" class=\"wpforms-submit-spinner\" style=\"display: none;\" width=\"26\" height=\"26\" alt=\"Na\u010d\u00edt\u00e1n\u00ed\"><\/div><\/form><\/div>  <!-- .wpforms-container -->[\/et_pb_code][\/et_pb_column][\/et_pb_row][\/et_pb_section][et_pb_section fb_built=&#8220;1&#8243; _builder_version=&#8220;4.27.0&#8243; _module_preset=&#8220;default&#8220; custom_margin=&#8220;0px||||false|false&#8220; custom_padding=&#8220;0px||||false|false&#8220; global_colors_info=&#8220;{}&#8220; locked=&#8220;off&#8220;][et_pb_row _builder_version=&#8220;4.27.0&#8243; _module_preset=&#8220;default&#8220; custom_margin=&#8220;0px||0px||true|false&#8220; custom_padding=&#8220;0px||0px||true|false&#8220; global_colors_info=&#8220;{}&#8220;][et_pb_column type=&#8220;4_4&#8243; _builder_version=&#8220;4.27.0&#8243; _module_preset=&#8220;default&#8220; global_colors_info=&#8220;{}&#8220;][et_pb_text _builder_version=&#8220;4.27.0&#8243; _module_preset=&#8220;default&#8220; text_text_color=&#8220;#4C76A9&#8243; text_font_size=&#8220;10px&#8220; custom_margin=&#8220;0px||0px||true|false&#8220; custom_padding=&#8220;0px||0px||true|false&#8220; link_option_url=&#8220;https:\/\/dari-system.com\/mein-konto\/&#8220; hover_enabled=&#8220;0&#8243; global_colors_info=&#8220;{}&#8220; sticky_enabled=&#8220;0&#8243;]<\/p>\n<p style=\"text-align: right;\"><a href=\"https:\/\/dari-system.com\/wp-login?action=logout\">Odhl\u00e1\u0161en\u00ed<\/a><\/p>\n<p>[\/et_pb_text][\/et_pb_column][\/et_pb_row][\/et_pb_section]<\/p>\n","protected":false},"excerpt":{"rendered":"<p>T\u011b\u0161\u00edme se na va\u0161e dotazy a n\u00e1vrhyKontaktujte n\u00e1sDaRi-Systemteile GmbHRudolf-Nebel-Str. 12 91781 Wei\u00dfenburgN\u011bmecko e-mail: info@dari-system.comTelefon: 09141 &#8211; 84 59 370Fax: 09141 &#8211; 84 59 371M\u00e1te-li jak\u00e9koli dotazy, za\u0161lete n\u00e1m pros\u00edm obr\u00e1zek sv\u00e9ho \u017elabu e-mailem:info@dari-system.com.Nebo n\u00e1m po\u0161lete zpr\u00e1vu<style id=\"wpforms-css-vars-25544250\">\n\t\t\t\t#wpforms-25544250 {\n\t\t\t\t\n\t\t\t}\n\t\t\t<\/style><div class=\"wpforms-container wpforms-container-full wpforms-render-modern\" id=\"wpforms-25544250\"><form id=\"wpforms-form-25544250\" class=\"wpforms-validate wpforms-form wpforms-ajax-form\" data-formid=\"25544250\" method=\"post\" enctype=\"multipart\/form-data\" action=\"\/cs\/wp-json\/wp\/v2\/pages\/25547042\" data-token=\"df9bc34b67ef859e845956215e5d09e7\" data-token-time=\"1776270190\"><noscript class=\"wpforms-error-noscript\">Chcete-li vyplnit tento formul\u00e1\u0159, pros\u00edm povolte v prohl\u00ed\u017ee\u010di JavaScript.<\/noscript><div id=\"wpforms-error-noscript\" style=\"display: none;\">Chcete-li vyplnit tento formul\u00e1\u0159, pros\u00edm povolte v prohl\u00ed\u017ee\u010di JavaScript.<\/div><div class=\"wpforms-field-container\"><div id=\"wpforms-25544250-field_0-container\" class=\"wpforms-field wpforms-field-name\" data-field-id=\"0\"><fieldset><legend class=\"wpforms-field-label\">N\u00e1zev <span class=\"wpforms-required-label\" aria-hidden=\"true\">*<\/span><\/legend><div class=\"wpforms-field-row wpforms-field-medium\"><div class=\"wpforms-field-row-block wpforms-first wpforms-one-half\"><input type=\"text\" id=\"wpforms-25544250-field_0\" class=\"wpforms-field-name-first wpforms-field-required\" name=\"wpforms[fields][0][first]\" aria-errormessage=\"wpforms-25544250-field_0-error\" required><label for=\"wpforms-25544250-field_0\" class=\"wpforms-field-sublabel after\">K\u0159estn\u00ed jm\u00e9no<\/label><\/div><div class=\"wpforms-field-row-block wpforms-one-half\"><input type=\"text\" id=\"wpforms-25544250-field_0-last\" class=\"wpforms-field-name-last wpforms-field-required\" name=\"wpforms[fields][0][last]\" aria-errormessage=\"wpforms-25544250-field_0-last-error\" required><label for=\"wpforms-25544250-field_0-last\" class=\"wpforms-field-sublabel after\">P\u0159\u00edjmen\u00ed<\/label><\/div><\/div><\/fieldset><\/div>\t\t<div id=\"wpforms-25544250-field_5-container\"\n\t\t\tclass=\"wpforms-field wpforms-field-text\"\n\t\t\tdata-field-type=\"text\"\n\t\t\tdata-field-id=\"5\"\n\t\t\t>\n\t\t\t<label class=\"wpforms-field-label\" for=\"wpforms-25544250-field_5\" >N\u00e1zev P\u0159edm\u011bt e-mail<\/label>\n\t\t\t<input type=\"text\" id=\"wpforms-25544250-field_5\" class=\"wpforms-field-medium\" name=\"wpforms[fields][5]\" >\n\t\t<\/div>\n\t\t<div id=\"wpforms-25544250-field_1-container\" class=\"wpforms-field wpforms-field-email\" data-field-id=\"1\"><label class=\"wpforms-field-label\" for=\"wpforms-25544250-field_1\">e-mail <span class=\"wpforms-required-label\" aria-hidden=\"true\">*<\/span><\/label><input type=\"email\" id=\"wpforms-25544250-field_1\" class=\"wpforms-field-medium wpforms-field-required\" name=\"wpforms[fields][1]\" spellcheck=\"false\" aria-errormessage=\"wpforms-25544250-field_1-error\" required><\/div><div id=\"wpforms-25544250-field_3-container\" class=\"wpforms-field wpforms-field-text\" data-field-id=\"3\"><label class=\"wpforms-field-label\" for=\"wpforms-25544250-field_3\">P\u0159edm\u011bt<\/label><input type=\"text\" id=\"wpforms-25544250-field_3\" class=\"wpforms-field-medium\" name=\"wpforms[fields][3]\" aria-errormessage=\"wpforms-25544250-field_3-error\" ><\/div><div id=\"wpforms-25544250-field_2-container\" class=\"wpforms-field wpforms-field-textarea\" data-field-id=\"2\"><label class=\"wpforms-field-label\" for=\"wpforms-25544250-field_2\">Va\u0161e zpr\u00e1va <span class=\"wpforms-required-label\" aria-hidden=\"true\">*<\/span><\/label><textarea id=\"wpforms-25544250-field_2\" class=\"wpforms-field-medium wpforms-field-required\" name=\"wpforms[fields][2]\" aria-errormessage=\"wpforms-25544250-field_2-error\" required><\/textarea><\/div><div id=\"wpforms-25544250-field_4-container\" class=\"wpforms-field wpforms-field-email\" data-field-id=\"4\"><label class=\"wpforms-field-label\" for=\"wpforms-25544250-field_4\">E-Mail-Adresse <span class=\"wpforms-required-label\" aria-hidden=\"true\">*<\/span><\/label><input type=\"email\" id=\"wpforms-25544250-field_4\" class=\"wpforms-field-medium wpforms-field-required\" name=\"wpforms[fields][4]\" spellcheck=\"false\" aria-errormessage=\"wpforms-25544250-field_4-error\" required><\/div><script>\n\t\t\t\t( function() {\n\t\t\t\t\tconst style = document.createElement( 'style' );\n\t\t\t\t\tstyle.appendChild( document.createTextNode( '#wpforms-25544250-field_5-container { position: absolute !important; overflow: hidden !important; display: inline !important; height: 1px !important; width: 1px !important; z-index: -1000 !important; padding: 0 !important; } #wpforms-25544250-field_5-container input { visibility: hidden; } #wpforms-conversational-form-page #wpforms-25544250-field_5-container label { counter-increment: none; }' ) );\n\t\t\t\t\tdocument.head.appendChild( style );\n\t\t\t\t\tdocument.currentScript?.remove();\n\t\t\t\t} )();\n\t\t\t<\/script><\/div><!-- .wpforms-field-container --><div class=\"wpforms-submit-container\" ><input type=\"hidden\" name=\"wpforms[id]\" value=\"25544250\"><input type=\"hidden\" name=\"page_title\" value=\"\"><input type=\"hidden\" name=\"page_url\" value=\"https:\/\/dari-system.com\/cs\/wp-json\/wp\/v2\/pages\/25547042\"><input type=\"hidden\" name=\"url_referer\" value=\"\"><button type=\"submit\" name=\"wpforms[submit]\" id=\"wpforms-submit-25544250\" class=\"wpforms-submit\" data-alt-text=\"Bude zasl\u00e1no ...\" data-submit-text=\"Odeslat\" aria-live=\"assertive\" value=\"wpforms-submit\">Odeslat<\/button><img loading=\"lazy\" decoding=\"async\" src=\"https:\/\/dari-system.com\/wp-content\/plugins\/wpforms-lite\/assets\/images\/submit-spin.svg\" class=\"wpforms-submit-spinner\" style=\"display: none;\" width=\"26\" height=\"26\" alt=\"Na\u010d\u00edt\u00e1n\u00ed\"><\/div><\/form><\/div>  <!-- .wpforms-container -->Odhl\u00e1\u0161en\u00ed<\/p>\n","protected":false},"author":1,"featured_media":0,"parent":0,"menu_order":0,"comment_status":"closed","ping_status":"closed","template":"","meta":{"_et_pb_use_builder":"on","_et_pb_old_content":"","_et_gb_content_width":"","iawp_total_views":23,"footnotes":""},"dipi_cpt_category":[],"class_list":["post-25547042","page","type-page","status-publish","hentry"],"yoast_head":"<!-- This site is optimized with the Yoast SEO plugin v27.4 - https:\/\/yoast.com\/product\/yoast-seo-wordpress\/ -->\n<title>Kontaktujte n\u00e1s - DaRi System<\/title>\n<meta name=\"robots\" content=\"index, follow, max-snippet:-1, max-image-preview:large, max-video-preview:-1\" \/>\n<link rel=\"canonical\" href=\"https:\/\/dari-system.com\/cs\/kontaktujte-nas\/\" \/>\n<meta property=\"og:locale\" content=\"cs_CZ\" \/>\n<meta property=\"og:type\" content=\"article\" \/>\n<meta property=\"og:title\" content=\"Kontaktujte n\u00e1s - DaRi System\" \/>\n<meta property=\"og:description\" content=\"T\u011b\u0161\u00edme se na va\u0161e dotazy a n\u00e1vrhyKontaktujte n\u00e1sDaRi-Systemteile GmbHRudolf-Nebel-Str. 12 91781 Wei\u00dfenburgN\u011bmecko e-mail: info@dari-system.comTelefon: 09141 - 84 59 370Fax: 09141 - 84 59 371M\u00e1te-li jak\u00e9koli dotazy, za\u0161lete n\u00e1m pros\u00edm obr\u00e1zek sv\u00e9ho \u017elabu e-mailem:info@dari-system.com.Nebo n\u00e1m po\u0161lete zpr\u00e1vuOdhl\u00e1\u0161en\u00ed\" \/>\n<meta property=\"og:url\" content=\"https:\/\/dari-system.com\/cs\/kontaktujte-nas\/\" \/>\n<meta property=\"og:site_name\" content=\"DaRi System\" \/>\n<meta property=\"article:modified_time\" content=\"2024-09-04T14:39:56+00:00\" \/>\n<meta name=\"twitter:card\" content=\"summary_large_image\" \/>\n<meta name=\"twitter:label1\" content=\"Odhadovan\u00e1 doba \u010dten\u00ed\" \/>\n\t<meta name=\"twitter:data1\" content=\"3 minuty\" \/>\n<script type=\"application\/ld+json\" class=\"yoast-schema-graph\">{\"@context\":\"https:\\\/\\\/schema.org\",\"@graph\":[{\"@type\":\"WebPage\",\"@id\":\"https:\\\/\\\/dari-system.com\\\/cs\\\/kontaktujte-nas\\\/\",\"url\":\"https:\\\/\\\/dari-system.com\\\/cs\\\/kontaktujte-nas\\\/\",\"name\":\"Kontaktujte n\u00e1s - DaRi System\",\"isPartOf\":{\"@id\":\"https:\\\/\\\/dari-system.com\\\/cs\\\/#website\"},\"datePublished\":\"2024-05-29T12:54:59+00:00\",\"dateModified\":\"2024-09-04T14:39:56+00:00\",\"breadcrumb\":{\"@id\":\"https:\\\/\\\/dari-system.com\\\/cs\\\/kontaktujte-nas\\\/#breadcrumb\"},\"inLanguage\":\"cs\",\"potentialAction\":[{\"@type\":\"ReadAction\",\"target\":[\"https:\\\/\\\/dari-system.com\\\/cs\\\/kontaktujte-nas\\\/\"]}]},{\"@type\":\"BreadcrumbList\",\"@id\":\"https:\\\/\\\/dari-system.com\\\/cs\\\/kontaktujte-nas\\\/#breadcrumb\",\"itemListElement\":[{\"@type\":\"ListItem\",\"position\":1,\"name\":\"Startseite\",\"item\":\"https:\\\/\\\/dari-system.com\\\/cs\\\/\"},{\"@type\":\"ListItem\",\"position\":2,\"name\":\"Kontaktujte n\u00e1s\"}]},{\"@type\":\"WebSite\",\"@id\":\"https:\\\/\\\/dari-system.com\\\/cs\\\/#website\",\"url\":\"https:\\\/\\\/dari-system.com\\\/cs\\\/\",\"name\":\"DaRi System\",\"description\":\"\",\"potentialAction\":[{\"@type\":\"SearchAction\",\"target\":{\"@type\":\"EntryPoint\",\"urlTemplate\":\"https:\\\/\\\/dari-system.com\\\/cs\\\/?s={search_term_string}\"},\"query-input\":{\"@type\":\"PropertyValueSpecification\",\"valueRequired\":true,\"valueName\":\"search_term_string\"}}],\"inLanguage\":\"cs\"}]}<\/script>\n<!-- \/ Yoast SEO plugin. -->","yoast_head_json":{"title":"Kontaktujte n\u00e1s - DaRi System","robots":{"index":"index","follow":"follow","max-snippet":"max-snippet:-1","max-image-preview":"max-image-preview:large","max-video-preview":"max-video-preview:-1"},"canonical":"https:\/\/dari-system.com\/cs\/kontaktujte-nas\/","og_locale":"cs_CZ","og_type":"article","og_title":"Kontaktujte n\u00e1s - DaRi System","og_description":"T\u011b\u0161\u00edme se na va\u0161e dotazy a n\u00e1vrhyKontaktujte n\u00e1sDaRi-Systemteile GmbHRudolf-Nebel-Str. 12 91781 Wei\u00dfenburgN\u011bmecko e-mail: info@dari-system.comTelefon: 09141 - 84 59 370Fax: 09141 - 84 59 371M\u00e1te-li jak\u00e9koli dotazy, za\u0161lete n\u00e1m pros\u00edm obr\u00e1zek sv\u00e9ho \u017elabu e-mailem:info@dari-system.com.Nebo n\u00e1m po\u0161lete zpr\u00e1vuOdhl\u00e1\u0161en\u00ed","og_url":"https:\/\/dari-system.com\/cs\/kontaktujte-nas\/","og_site_name":"DaRi System","article_modified_time":"2024-09-04T14:39:56+00:00","twitter_card":"summary_large_image","twitter_misc":{"Odhadovan\u00e1 doba \u010dten\u00ed":"3 minuty"},"schema":{"@context":"https:\/\/schema.org","@graph":[{"@type":"WebPage","@id":"https:\/\/dari-system.com\/cs\/kontaktujte-nas\/","url":"https:\/\/dari-system.com\/cs\/kontaktujte-nas\/","name":"Kontaktujte n\u00e1s - DaRi System","isPartOf":{"@id":"https:\/\/dari-system.com\/cs\/#website"},"datePublished":"2024-05-29T12:54:59+00:00","dateModified":"2024-09-04T14:39:56+00:00","breadcrumb":{"@id":"https:\/\/dari-system.com\/cs\/kontaktujte-nas\/#breadcrumb"},"inLanguage":"cs","potentialAction":[{"@type":"ReadAction","target":["https:\/\/dari-system.com\/cs\/kontaktujte-nas\/"]}]},{"@type":"BreadcrumbList","@id":"https:\/\/dari-system.com\/cs\/kontaktujte-nas\/#breadcrumb","itemListElement":[{"@type":"ListItem","position":1,"name":"Startseite","item":"https:\/\/dari-system.com\/cs\/"},{"@type":"ListItem","position":2,"name":"Kontaktujte n\u00e1s"}]},{"@type":"WebSite","@id":"https:\/\/dari-system.com\/cs\/#website","url":"https:\/\/dari-system.com\/cs\/","name":"DaRi System","description":"","potentialAction":[{"@type":"SearchAction","target":{"@type":"EntryPoint","urlTemplate":"https:\/\/dari-system.com\/cs\/?s={search_term_string}"},"query-input":{"@type":"PropertyValueSpecification","valueRequired":true,"valueName":"search_term_string"}}],"inLanguage":"cs"}]}},"_links":{"self":[{"href":"https:\/\/dari-system.com\/cs\/wp-json\/wp\/v2\/pages\/25547042","targetHints":{"allow":["GET"]}}],"collection":[{"href":"https:\/\/dari-system.com\/cs\/wp-json\/wp\/v2\/pages"}],"about":[{"href":"https:\/\/dari-system.com\/cs\/wp-json\/wp\/v2\/types\/page"}],"author":[{"embeddable":true,"href":"https:\/\/dari-system.com\/cs\/wp-json\/wp\/v2\/users\/1"}],"replies":[{"embeddable":true,"href":"https:\/\/dari-system.com\/cs\/wp-json\/wp\/v2\/comments?post=25547042"}],"version-history":[{"count":9,"href":"https:\/\/dari-system.com\/cs\/wp-json\/wp\/v2\/pages\/25547042\/revisions"}],"predecessor-version":[{"id":25549617,"href":"https:\/\/dari-system.com\/cs\/wp-json\/wp\/v2\/pages\/25547042\/revisions\/25549617"}],"wp:attachment":[{"href":"https:\/\/dari-system.com\/cs\/wp-json\/wp\/v2\/media?parent=25547042"}],"wp:term":[{"taxonomy":"dipi_cpt_category","embeddable":true,"href":"https:\/\/dari-system.com\/cs\/wp-json\/wp\/v2\/dipi_cpt_category?post=25547042"}],"curies":[{"name":"wp","href":"https:\/\/api.w.org\/{rel}","templated":true}]}}