{"id":25547030,"date":"2024-06-03T10:59:20","date_gmt":"2024-06-03T10:59:20","guid":{"rendered":"https:\/\/dari-system.com\/drzaky-dari\/"},"modified":"2024-08-19T11:00:34","modified_gmt":"2024-08-19T11:00:34","slug":"drzaky-dari","status":"publish","type":"page","link":"https:\/\/dari-system.com\/cs\/drzaky-dari\/","title":{"rendered":"Dr\u017e\u00e1ky DaRi"},"content":{"rendered":"<p>[et_pb_section fb_built=&#8220;1&#8243; admin_label=&#8220;TBVS &#8211; Light &#8211; Content 5&#8243; _builder_version=&#8220;4.25.0&#8243; _module_preset=&#8220;773cbfc0-e6bc-474b-b613-dad4bc024acd&#8220; global_colors_info=&#8220;{}&#8220;][et_pb_row column_structure=&#8220;2_5,3_5&#8243; make_equal=&#8220;on&#8220; _builder_version=&#8220;4.25.0&#8243; _module_preset=&#8220;default&#8220; global_colors_info=&#8220;{}&#8220;][et_pb_column type=&#8220;2_5&#8243; _builder_version=&#8220;4.16&#8243; _module_preset=&#8220;default&#8220; global_colors_info=&#8220;{}&#8220;][et_pb_image src=&#8220;https:\/\/dari-system.com\/wp-content\/uploads\/2024\/05\/dari_klammer.webp&#8220; alt=&#8220;Svorka syst\u00e9mu DaRi \u010dern\u00e1 a st\u0159\u00edbrn\u00e1&#8220; title_text=&#8220;dari_bracket&#8220; show_in_lightbox=&#8220;on&#8220; _builder_version=&#8220;4.25.0&#8243; _module_preset=&#8220;default&#8220; border_radii=&#8220;on|44px|44px|44px|44px&#8220; global_colors_info=&#8220;{}&#8220;][\/et_pb_image][\/et_pb_column][et_pb_column type=&#8220;3_5&#8243; _builder_version=&#8220;4.25.0&#8243; _module_preset=&#8220;default&#8220; custom_padding_tablet=&#8220;||30px||false|false&#8220; custom_padding_phone=&#8220;&#8220; custom_padding_last_edited=&#8220;on|tablet&#8220; custom_css_main_element=&#8220;margin: auto;&#8220; global_colors_info=&#8220;{}&#8220;][et_pb_text _builder_version=&#8220;4.27.0&#8243; _module_preset=&#8220;c68383f9-009f-4682-a0ef-f1cc616ecd44&#8243; hover_enabled=&#8220;0&#8243; global_colors_info=&#8220;{}&#8220; sticky_enabled=&#8220;0&#8243;]<\/p>\n<h1>DaRi-Klipy<\/h1>\n<p>[\/et_pb_text][\/et_pb_column][\/et_pb_row][\/et_pb_section][et_pb_section fb_built=&#8220;1&#8243; _builder_version=&#8220;4.25.0&#8243; _module_preset=&#8220;default&#8220; custom_margin=&#8220;||||false|false&#8220; custom_padding=&#8220;||10px||false|false&#8220; global_colors_info=&#8220;{}&#8220;][et_pb_row make_equal=&#8220;on&#8220; _builder_version=&#8220;4.25.0&#8243; _module_preset=&#8220;default&#8220; global_colors_info=&#8220;{}&#8220;][et_pb_column type=&#8220;4_4&#8243; _builder_version=&#8220;4.25.0&#8243; _module_preset=&#8220;default&#8220; custom_css_main_element=&#8220;margin: auto;&#8220; border_color_right=&#8220;#4C76A9&#8243; global_colors_info=&#8220;{}&#8220;][et_pb_text _builder_version=&#8220;4.27.0&#8243; _module_preset=&#8220;default&#8220; hover_enabled=&#8220;0&#8243; global_colors_info=&#8220;{}&#8220; sticky_enabled=&#8220;0&#8243;]<\/p>\n<p>Pr\u016fm\u011br p\u0159edn\u00edho oblouku okapu se li\u0161\u00ed podle velikosti okapu.<\/p>\n<p>Proto jsou klipy pro syst\u00e9m DaRi D1 ve dvou r\u016fzn\u00fdch velikostech.<\/p>\n<p>Pro 28mm okap dod\u00e1v\u00e1me klipy s vnit\u0159n\u00edm pr\u016fm\u011brem 18 mm a pro 33mm a 40mm okapy klipy s vnit\u0159n\u00edm pr\u016fm\u011brem 20 mm.<\/p>\n<p>Toto t\u0159\u00edd\u011bn\u00ed prov\u00e1d\u00edme automaticky.<\/p>\n<p>Aby klipy na okapu nebyly p\u0159\u00edli\u0161 n\u00e1padn\u00e9, jsou dostupn\u00e9 ve dvou r\u016fzn\u00fdch barv\u00e1ch:<\/p>\n<p>[\/et_pb_text][\/et_pb_column][\/et_pb_row][\/et_pb_section][et_pb_section fb_built=&#8220;1&#8243; _builder_version=&#8220;4.25.0&#8243; _module_preset=&#8220;default&#8220; background_color=&#8220;#f4c092&#8243; custom_margin=&#8220;0px||0px||true|false&#8220; custom_padding=&#8220;10px||10px||true|false&#8220; global_colors_info=&#8220;{}&#8220;][et_pb_row _builder_version=&#8220;4.25.0&#8243; _module_preset=&#8220;default&#8220; global_colors_info=&#8220;{}&#8220;][et_pb_column type=&#8220;4_4&#8243; _builder_version=&#8220;4.25.0&#8243; _module_preset=&#8220;default&#8220; global_colors_info=&#8220;{}&#8220;][et_pb_text _builder_version=&#8220;4.27.0&#8243; _module_preset=&#8220;default&#8220; hover_enabled=&#8220;0&#8243; text_font_size_tablet=&#8220;&#8220; text_font_size_phone=&#8220;18px&#8220; text_font_size_last_edited=&#8220;on|desktop&#8220; global_colors_info=&#8220;{}&#8220; sticky_enabled=&#8220;0&#8243;]<\/p>\n<p><strong>\u010dern\u00e1: <\/strong>pro m\u011bd\u011bn\u00e9 \u017elaby<strong><br \/>st\u0159\u00edbrn\u00e1: <\/strong>pro zinkov\u00e9 \u017elaby<\/p>\n<p>[\/et_pb_text][\/et_pb_column][\/et_pb_row][\/et_pb_section][et_pb_section fb_built=&#8220;1&#8243; custom_padding_last_edited=&#8220;on|phone&#8220; _builder_version=&#8220;4.25.0&#8243; _module_preset=&#8220;default&#8220; custom_padding=&#8220;10px||||false|false&#8220; custom_padding_tablet=&#8220;10px||||false|false&#8220; custom_padding_phone=&#8220;||0px||false|false&#8220; global_colors_info=&#8220;{}&#8220;][et_pb_row _builder_version=&#8220;4.25.0&#8243; _module_preset=&#8220;default&#8220; global_colors_info=&#8220;{}&#8220;][et_pb_column type=&#8220;4_4&#8243; _builder_version=&#8220;4.25.0&#8243; _module_preset=&#8220;default&#8220; global_colors_info=&#8220;{}&#8220;][et_pb_text _builder_version=&#8220;4.27.0&#8243; _module_preset=&#8220;default&#8220; hover_enabled=&#8220;0&#8243; global_colors_info=&#8220;{}&#8220; sticky_enabled=&#8220;0&#8243;]<\/p>\n<p>P\u0159i objedn\u00e1vce je tedy nutn\u00e9 vybrat pouze barvu klip\u016f, nikoli velikost. Ka\u017ed\u00fd syst\u00e9m DaRi D1 nebo D2 je k okapu upevn\u011bn \u010dty\u0159mi klipy.<\/p>\n<p>[\/et_pb_text][\/et_pb_column][\/et_pb_row][\/et_pb_section][et_pb_section fb_built=&#8220;1&#8243; _builder_version=&#8220;4.25.0&#8243; _module_preset=&#8220;default&#8220; global_colors_info=&#8220;{}&#8220;][et_pb_row _builder_version=&#8220;4.25.0&#8243; _module_preset=&#8220;default&#8220; global_colors_info=&#8220;{}&#8220;][et_pb_column type=&#8220;4_4&#8243; _builder_version=&#8220;4.25.0&#8243; _module_preset=&#8220;default&#8220; global_colors_info=&#8220;{}&#8220;][et_pb_text _builder_version=&#8220;4.25.0&#8243; _module_preset=&#8220;default&#8220; custom_margin=&#8220;||||false|true&#8220; custom_padding=&#8220;||||false|false&#8220; header_3_text_align_tablet=&#8220;&#8220; header_3_text_align_phone=&#8220;&#8220; header_3_text_align_last_edited=&#8220;on|desktop&#8220; global_colors_info=&#8220;{}&#8220;]<\/p>\n<h3 style=\"text-align: center;\">Svorky DaRi si m\u016f\u017eete objednat p\u0159\u00edmo zde:<\/h3>\n<p>[\/et_pb_text][\/et_pb_column][\/et_pb_row][et_pb_row _builder_version=&#8220;4.25.0&#8243; _module_preset=&#8220;default&#8220; global_colors_info=&#8220;{}&#8220;][et_pb_column type=&#8220;4_4&#8243; _builder_version=&#8220;4.25.0&#8243; _module_preset=&#8220;default&#8220; global_colors_info=&#8220;{}&#8220;][et_pb_button button_url=&#8220;https:\/\/dari-system.com\/cs\/produkt\/drzaky-dari\/&#8220; button_text=&#8220;do obchodu&#8220; button_alignment=&#8220;center&#8220; _builder_version=&#8220;4.27.0&#8243; _module_preset=&#8220;default&#8220; hover_enabled=&#8220;0&#8243; global_colors_info=&#8220;{}&#8220; sticky_enabled=&#8220;0&#8243;][\/et_pb_button][\/et_pb_column][\/et_pb_row][\/et_pb_section]<\/p>\n","protected":false},"excerpt":{"rendered":"<p>DaRi-KlipyPr\u016fm\u011br p\u0159edn\u00edho oblouku okapu se li\u0161\u00ed podle velikosti okapu. Proto jsou klipy pro syst\u00e9m DaRi D1 ve dvou r\u016fzn\u00fdch velikostech. Pro 28mm okap dod\u00e1v\u00e1me klipy s vnit\u0159n\u00edm pr\u016fm\u011brem 18 mm a pro 33mm a 40mm okapy klipy s vnit\u0159n\u00edm pr\u016fm\u011brem 20 mm. Toto t\u0159\u00edd\u011bn\u00ed prov\u00e1d\u00edme automaticky. Aby klipy na okapu nebyly p\u0159\u00edli\u0161 n\u00e1padn\u00e9, jsou dostupn\u00e9 [&hellip;]<\/p>\n","protected":false},"author":1,"featured_media":0,"parent":0,"menu_order":0,"comment_status":"closed","ping_status":"closed","template":"","meta":{"_et_pb_use_builder":"on","_et_pb_old_content":"","_et_gb_content_width":"","iawp_total_views":5,"footnotes":""},"dipi_cpt_category":[],"class_list":["post-25547030","page","type-page","status-publish","hentry"],"yoast_head":"<!-- This site is optimized with the Yoast SEO plugin v27.4 - https:\/\/yoast.com\/product\/yoast-seo-wordpress\/ -->\n<title>Dr\u017e\u00e1ky DaRi - DaRi System<\/title>\n<meta name=\"robots\" content=\"index, follow, max-snippet:-1, max-image-preview:large, max-video-preview:-1\" \/>\n<link rel=\"canonical\" href=\"https:\/\/dari-system.com\/cs\/drzaky-dari\/\" \/>\n<meta property=\"og:locale\" content=\"cs_CZ\" \/>\n<meta property=\"og:type\" content=\"article\" \/>\n<meta property=\"og:title\" content=\"Dr\u017e\u00e1ky DaRi - DaRi System\" \/>\n<meta property=\"og:description\" content=\"DaRi-KlipyPr\u016fm\u011br p\u0159edn\u00edho oblouku okapu se li\u0161\u00ed podle velikosti okapu. Proto jsou klipy pro syst\u00e9m DaRi D1 ve dvou r\u016fzn\u00fdch velikostech. Pro 28mm okap dod\u00e1v\u00e1me klipy s vnit\u0159n\u00edm pr\u016fm\u011brem 18 mm a pro 33mm a 40mm okapy klipy s vnit\u0159n\u00edm pr\u016fm\u011brem 20 mm. Toto t\u0159\u00edd\u011bn\u00ed prov\u00e1d\u00edme automaticky. Aby klipy na okapu nebyly p\u0159\u00edli\u0161 n\u00e1padn\u00e9, jsou dostupn\u00e9 [&hellip;]\" \/>\n<meta property=\"og:url\" content=\"https:\/\/dari-system.com\/cs\/drzaky-dari\/\" \/>\n<meta property=\"og:site_name\" content=\"DaRi System\" \/>\n<meta property=\"article:modified_time\" content=\"2024-08-19T11:00:34+00:00\" \/>\n<meta name=\"twitter:card\" content=\"summary_large_image\" \/>\n<meta name=\"twitter:label1\" content=\"Odhadovan\u00e1 doba \u010dten\u00ed\" \/>\n\t<meta name=\"twitter:data1\" content=\"4 minuty\" \/>\n<script type=\"application\/ld+json\" class=\"yoast-schema-graph\">{\"@context\":\"https:\\\/\\\/schema.org\",\"@graph\":[{\"@type\":\"WebPage\",\"@id\":\"https:\\\/\\\/dari-system.com\\\/cs\\\/drzaky-dari\\\/\",\"url\":\"https:\\\/\\\/dari-system.com\\\/cs\\\/drzaky-dari\\\/\",\"name\":\"Dr\u017e\u00e1ky DaRi - DaRi System\",\"isPartOf\":{\"@id\":\"https:\\\/\\\/dari-system.com\\\/cs\\\/#website\"},\"datePublished\":\"2024-06-03T10:59:20+00:00\",\"dateModified\":\"2024-08-19T11:00:34+00:00\",\"breadcrumb\":{\"@id\":\"https:\\\/\\\/dari-system.com\\\/cs\\\/drzaky-dari\\\/#breadcrumb\"},\"inLanguage\":\"cs\",\"potentialAction\":[{\"@type\":\"ReadAction\",\"target\":[\"https:\\\/\\\/dari-system.com\\\/cs\\\/drzaky-dari\\\/\"]}]},{\"@type\":\"BreadcrumbList\",\"@id\":\"https:\\\/\\\/dari-system.com\\\/cs\\\/drzaky-dari\\\/#breadcrumb\",\"itemListElement\":[{\"@type\":\"ListItem\",\"position\":1,\"name\":\"Startseite\",\"item\":\"https:\\\/\\\/dari-system.com\\\/cs\\\/\"},{\"@type\":\"ListItem\",\"position\":2,\"name\":\"Dr\u017e\u00e1ky DaRi\"}]},{\"@type\":\"WebSite\",\"@id\":\"https:\\\/\\\/dari-system.com\\\/cs\\\/#website\",\"url\":\"https:\\\/\\\/dari-system.com\\\/cs\\\/\",\"name\":\"DaRi System\",\"description\":\"\",\"potentialAction\":[{\"@type\":\"SearchAction\",\"target\":{\"@type\":\"EntryPoint\",\"urlTemplate\":\"https:\\\/\\\/dari-system.com\\\/cs\\\/?s={search_term_string}\"},\"query-input\":{\"@type\":\"PropertyValueSpecification\",\"valueRequired\":true,\"valueName\":\"search_term_string\"}}],\"inLanguage\":\"cs\"}]}<\/script>\n<!-- \/ Yoast SEO plugin. -->","yoast_head_json":{"title":"Dr\u017e\u00e1ky DaRi - DaRi System","robots":{"index":"index","follow":"follow","max-snippet":"max-snippet:-1","max-image-preview":"max-image-preview:large","max-video-preview":"max-video-preview:-1"},"canonical":"https:\/\/dari-system.com\/cs\/drzaky-dari\/","og_locale":"cs_CZ","og_type":"article","og_title":"Dr\u017e\u00e1ky DaRi - DaRi System","og_description":"DaRi-KlipyPr\u016fm\u011br p\u0159edn\u00edho oblouku okapu se li\u0161\u00ed podle velikosti okapu. Proto jsou klipy pro syst\u00e9m DaRi D1 ve dvou r\u016fzn\u00fdch velikostech. Pro 28mm okap dod\u00e1v\u00e1me klipy s vnit\u0159n\u00edm pr\u016fm\u011brem 18 mm a pro 33mm a 40mm okapy klipy s vnit\u0159n\u00edm pr\u016fm\u011brem 20 mm. Toto t\u0159\u00edd\u011bn\u00ed prov\u00e1d\u00edme automaticky. Aby klipy na okapu nebyly p\u0159\u00edli\u0161 n\u00e1padn\u00e9, jsou dostupn\u00e9 [&hellip;]","og_url":"https:\/\/dari-system.com\/cs\/drzaky-dari\/","og_site_name":"DaRi System","article_modified_time":"2024-08-19T11:00:34+00:00","twitter_card":"summary_large_image","twitter_misc":{"Odhadovan\u00e1 doba \u010dten\u00ed":"4 minuty"},"schema":{"@context":"https:\/\/schema.org","@graph":[{"@type":"WebPage","@id":"https:\/\/dari-system.com\/cs\/drzaky-dari\/","url":"https:\/\/dari-system.com\/cs\/drzaky-dari\/","name":"Dr\u017e\u00e1ky DaRi - DaRi System","isPartOf":{"@id":"https:\/\/dari-system.com\/cs\/#website"},"datePublished":"2024-06-03T10:59:20+00:00","dateModified":"2024-08-19T11:00:34+00:00","breadcrumb":{"@id":"https:\/\/dari-system.com\/cs\/drzaky-dari\/#breadcrumb"},"inLanguage":"cs","potentialAction":[{"@type":"ReadAction","target":["https:\/\/dari-system.com\/cs\/drzaky-dari\/"]}]},{"@type":"BreadcrumbList","@id":"https:\/\/dari-system.com\/cs\/drzaky-dari\/#breadcrumb","itemListElement":[{"@type":"ListItem","position":1,"name":"Startseite","item":"https:\/\/dari-system.com\/cs\/"},{"@type":"ListItem","position":2,"name":"Dr\u017e\u00e1ky DaRi"}]},{"@type":"WebSite","@id":"https:\/\/dari-system.com\/cs\/#website","url":"https:\/\/dari-system.com\/cs\/","name":"DaRi System","description":"","potentialAction":[{"@type":"SearchAction","target":{"@type":"EntryPoint","urlTemplate":"https:\/\/dari-system.com\/cs\/?s={search_term_string}"},"query-input":{"@type":"PropertyValueSpecification","valueRequired":true,"valueName":"search_term_string"}}],"inLanguage":"cs"}]}},"_links":{"self":[{"href":"https:\/\/dari-system.com\/cs\/wp-json\/wp\/v2\/pages\/25547030","targetHints":{"allow":["GET"]}}],"collection":[{"href":"https:\/\/dari-system.com\/cs\/wp-json\/wp\/v2\/pages"}],"about":[{"href":"https:\/\/dari-system.com\/cs\/wp-json\/wp\/v2\/types\/page"}],"author":[{"embeddable":true,"href":"https:\/\/dari-system.com\/cs\/wp-json\/wp\/v2\/users\/1"}],"replies":[{"embeddable":true,"href":"https:\/\/dari-system.com\/cs\/wp-json\/wp\/v2\/comments?post=25547030"}],"version-history":[{"count":11,"href":"https:\/\/dari-system.com\/cs\/wp-json\/wp\/v2\/pages\/25547030\/revisions"}],"predecessor-version":[{"id":25547353,"href":"https:\/\/dari-system.com\/cs\/wp-json\/wp\/v2\/pages\/25547030\/revisions\/25547353"}],"wp:attachment":[{"href":"https:\/\/dari-system.com\/cs\/wp-json\/wp\/v2\/media?parent=25547030"}],"wp:term":[{"taxonomy":"dipi_cpt_category","embeddable":true,"href":"https:\/\/dari-system.com\/cs\/wp-json\/wp\/v2\/dipi_cpt_category?post=25547030"}],"curies":[{"name":"wp","href":"https:\/\/api.w.org\/{rel}","templated":true}]}}