{"id":25547006,"date":"2024-05-28T18:02:41","date_gmt":"2024-05-28T18:02:41","guid":{"rendered":"https:\/\/dari-system.com\/dari-system-d2\/"},"modified":"2024-08-19T10:47:06","modified_gmt":"2024-08-19T10:47:06","slug":"dari-system-d2","status":"publish","type":"page","link":"https:\/\/dari-system.com\/cs\/dari-system-d2\/","title":{"rendered":"DaRi System D2"},"content":{"rendered":"<p>[et_pb_section fb_built=&#8220;1&#8243; admin_label=&#8220;TBVS &#8211; Light &#8211; Content 5&#8243; _builder_version=&#8220;4.25.0&#8243; _module_preset=&#8220;773cbfc0-e6bc-474b-b613-dad4bc024acd&#8220; global_colors_info=&#8220;{}&#8220;][et_pb_row column_structure=&#8220;2_5,3_5&#8243; make_equal=&#8220;on&#8220; _builder_version=&#8220;4.25.0&#8243; _module_preset=&#8220;default&#8220; global_colors_info=&#8220;{}&#8220;][et_pb_column type=&#8220;2_5&#8243; _builder_version=&#8220;4.16&#8243; _module_preset=&#8220;default&#8220; global_colors_info=&#8220;{}&#8220;][et_pb_image src=&#8220;https:\/\/dari-system.com\/wp-content\/uploads\/2024\/05\/dari_d2_montiert.webp&#8220; alt=&#8220;Syst\u00e9m DaRi namontovan\u00fd na D1&#8243; title_text=&#8220;dari_d2_assembled&#8220; show_in_lightbox=&#8220;on&#8220; _builder_version=&#8220;4.25.0&#8243; _module_preset=&#8220;default&#8220; border_radii=&#8220;on|44px|44px|44px|44px&#8220; global_colors_info=&#8220;{}&#8220;][\/et_pb_image][\/et_pb_column][et_pb_column type=&#8220;3_5&#8243; _builder_version=&#8220;4.25.0&#8243; _module_preset=&#8220;default&#8220; custom_padding_tablet=&#8220;||30px||false|false&#8220; custom_padding_phone=&#8220;&#8220; custom_padding_last_edited=&#8220;on|tablet&#8220; custom_css_main_element=&#8220;margin: auto;&#8220; global_colors_info=&#8220;{}&#8220;][et_pb_text _builder_version=&#8220;4.25.0&#8243; _module_preset=&#8220;c68383f9-009f-4682-a0ef-f1cc616ecd44&#8243; global_colors_info=&#8220;{}&#8220;]<\/p>\n<h1>Syst\u00e9m DaRi D2<\/h1>\n<p>[\/et_pb_text][et_pb_text _builder_version=&#8220;4.25.0&#8243; _module_preset=&#8220;default&#8220; header_3_text_color=&#8220;#FFFFFF&#8220; header_3_line_height=&#8220;1.1em&#8220; background_layout=&#8220;dark&#8220; custom_margin=&#8220;||5px||false|false&#8220; header_3_text_color_tablet=&#8220;&#8220; header_3_text_color_phone=&#8220;&#8220; header_3_text_color_last_edited=&#8220;on|desktop&#8220; global_colors_info=&#8220;{}&#8220;]<\/p>\n<h3>Pro st\u0159echy, kde ta\u0161ky vy\u010dn\u00edvaj\u00ed hluboko do okapu.<\/h3>\n<p>[\/et_pb_text][\/et_pb_column][\/et_pb_row][\/et_pb_section][et_pb_section fb_built=&#8220;1&#8243; _builder_version=&#8220;4.25.0&#8243; _module_preset=&#8220;default&#8220; global_colors_info=&#8220;{}&#8220;][et_pb_row column_structure=&#8220;2_3,1_3&#8243; make_equal=&#8220;on&#8220; _builder_version=&#8220;4.25.0&#8243; _module_preset=&#8220;default&#8220; global_colors_info=&#8220;{}&#8220;][et_pb_column type=&#8220;2_3&#8243; _builder_version=&#8220;4.25.0&#8243; _module_preset=&#8220;default&#8220; custom_css_main_element=&#8220;margin: auto;&#8220; border_color_right=&#8220;#4C76A9&#8243; global_colors_info=&#8220;{}&#8220;][et_pb_text _builder_version=&#8220;4.25.0&#8243; _module_preset=&#8220;default&#8220; global_colors_info=&#8220;{}&#8220;]<\/p>\n<p>St\u0159e\u0161n\u00ed ta\u0161ky \u010dasto vy\u010dn\u00edvaj\u00ed hluboko do \u00fa\u017elab\u00ed, zejm\u00e9na na strm\u00fdch st\u0159ech\u00e1ch.<br \/>\nV takov\u00fdch p\u0159\u00edpadech je instalace syst\u00e9mu DaRi D1 \u010dasto obt\u00ed\u017en\u00e1.<br \/>\nPro tyto \u017elaby byl navr\u017een syst\u00e9m DaRi D2.    <\/p>\n<p>[\/et_pb_text][\/et_pb_column][et_pb_column type=&#8220;1_3&#8243; _builder_version=&#8220;4.25.0&#8243; _module_preset=&#8220;default&#8220; custom_css_main_element=&#8220;margin: auto;&#8220; border_color_right=&#8220;#4C76A9&#8243; global_colors_info=&#8220;{}&#8220;][et_pb_image src=&#8220;https:\/\/dari-system.com\/wp-content\/uploads\/2024\/05\/einbausituation_d2.webp&#8220; alt=&#8220;Instala\u010dn\u00ed situace syst\u00e9mu DaRi D2&#8243; title_text=&#8220;installation_situation_d2&#8243; _builder_version=&#8220;4.25.0&#8243; _module_preset=&#8220;default&#8220; global_colors_info=&#8220;{}&#8220;][\/et_pb_image][\/et_pb_column][\/et_pb_row][\/et_pb_section][et_pb_section fb_built=&#8220;1&#8243; admin_label=&#8220;Produktvergleich&#8220; module_class=&#8220;tbvs-section-light&#8220; _builder_version=&#8220;4.25.0&#8243; _module_preset=&#8220;default&#8220; background_color=&#8220;#cde2f2&#8243; background_enable_image=&#8220;off&#8220; parallax=&#8220;on&#8220; z_index=&#8220;5&#8243; min_height=&#8220;410.3px&#8220; custom_margin=&#8220;||14px||false|false&#8220; custom_padding=&#8220;46px||||false|false&#8220; top_divider_height=&#8220;72px&#8220; global_colors_info=&#8220;{}&#8220;][et_pb_row column_structure=&#8220;1_4,1_2,1_4&#8243; _builder_version=&#8220;4.25.0&#8243; _module_preset=&#8220;default&#8220; global_colors_info=&#8220;{}&#8220;][et_pb_column type=&#8220;1_4&#8243; _builder_version=&#8220;4.25.0&#8243; _module_preset=&#8220;default&#8220; background_enable_color=&#8220;off&#8220; border_color_top=&#8220;#4C76A9&#8243; global_colors_info=&#8220;{}&#8220;][\/et_pb_column][et_pb_column type=&#8220;1_2&#8243; _builder_version=&#8220;4.25.0&#8243; _module_preset=&#8220;default&#8220; background_enable_color=&#8220;off&#8220; border_color_top=&#8220;#4C76A9&#8243; global_colors_info=&#8220;{}&#8220;][et_pb_text _builder_version=&#8220;4.25.0&#8243; _module_preset=&#8220;default&#8220; custom_margin=&#8220;||||false|true&#8220; custom_padding=&#8220;||||false|false&#8220; header_3_text_align_tablet=&#8220;&#8220; header_3_text_align_phone=&#8220;&#8220; header_3_text_align_last_edited=&#8220;on|desktop&#8220; global_colors_info=&#8220;{}&#8220;]<\/p>\n<h3>Pod\u00edvejte se na kr\u00e1tk\u00fd film a zjist\u011bte v\u00edce:<\/h3>\n<p>[\/et_pb_text][et_pb_code _builder_version=&#8220;4.27.0&#8243; _module_preset=&#8220;default&#8220; hover_enabled=&#8220;0&#8243; border_radii=&#8220;on|10px|10px|10px|10px&#8220; box_shadow_style=&#8220;preset1&#8243; global_colors_info=&#8220;{}&#8220; sticky_enabled=&#8220;0&#8243;] <\/p>\n<div class=\"brlbs-cmpnt-container brlbs-cmpnt-content-blocker brlbs-cmpnt-with-individual-styles\" data-borlabs-cookie-content-blocker-id=\"youtube-content-blocker\" data-borlabs-cookie-content=\"PGRpdiBjbGFzcz0iYnJsYnMtY21wbnQtY2ItZmx1aWQtd2lkdGgtdmlkZW8td3JhcHBlci15b3V0dWJlIj48aWZyYW1lIHNyYz0iaHR0cHM6Ly93d3cueW91dHViZS1ub2Nvb2tpZS5jb20vZW1iZWQvUEZJbXhUZE40dUE\/bW9kZXN0YnJhbmRpbmc9MSZyZWw9MCIgd2lkdGg9IjUxNiIgaGVpZ2h0PSIyNjQiIGZyYW1lYm9yZGVyPSIwIiBhbGxvd2Z1bGxzY3JlZW49IiI+PC9pZnJhbWU+PC9kaXY+\">\n<div class=\"brlbs-cmpnt-cb-preset-c brlbs-cmpnt-cb-youtube\">\n<div class=\"brlbs-cmpnt-cb-thumbnail\" style=\"background-image: url('https:\/\/dari-system.com\/wp-content\/uploads\/borlabs-cookie\/1\/yt_PFImxTdN4uA_hqdefault.jpg')\"><\/div>\n<div class=\"brlbs-cmpnt-cb-main\">\n<div class=\"brlbs-cmpnt-cb-play-button\"><\/div>\n<div class=\"brlbs-cmpnt-cb-content\">\n<p class=\"brlbs-cmpnt-cb-description\">You are currently viewing a placeholder content from <strong>YouTube<\/strong>. To access the actual content, click the button below. Please note that doing so will share data with third-party providers.<\/p>\n<p> <a class=\"brlbs-cmpnt-cb-provider-toggle\" href=\"#\" data-borlabs-cookie-show-provider-information role=\"button\">More Information<\/a> <\/div>\n<div class=\"brlbs-cmpnt-cb-buttons\"> <a class=\"brlbs-cmpnt-cb-btn\" href=\"#\" data-borlabs-cookie-unblock role=\"button\">Unblock content<\/a> <a class=\"brlbs-cmpnt-cb-btn\" href=\"#\" data-borlabs-cookie-accept-service role=\"button\" style=\"display: inherit\">Accept required service and unblock content<\/a> <\/div>\n<\/p><\/div>\n<\/p><\/div>\n<\/div>\n<p>[\/et_pb_code][\/et_pb_column][et_pb_column type=&#8220;1_4&#8243; _builder_version=&#8220;4.25.0&#8243; _module_preset=&#8220;default&#8220; background_enable_color=&#8220;off&#8220; border_color_top=&#8220;#4C76A9&#8243; global_colors_info=&#8220;{}&#8220;][\/et_pb_column][\/et_pb_row][et_pb_row _builder_version=&#8220;4.25.0&#8243; _module_preset=&#8220;default&#8220; global_colors_info=&#8220;{}&#8220;][et_pb_column type=&#8220;4_4&#8243; _builder_version=&#8220;4.25.0&#8243; _module_preset=&#8220;default&#8220; global_colors_info=&#8220;{}&#8220;][et_pb_text _builder_version=&#8220;4.25.0&#8243; _module_preset=&#8220;default&#8220; global_colors_info=&#8220;{}&#8220;]<\/p>\n<p style=\"text-align: center;\">Syst\u00e9m DaRi D2 je k dispozici pouze pro \u017elaby velikosti 33.<\/p>\n<p>[\/et_pb_text][\/et_pb_column][\/et_pb_row][\/et_pb_section][et_pb_section fb_built=&#8220;1&#8243; _builder_version=&#8220;4.25.0&#8243; _module_preset=&#8220;default&#8220; global_colors_info=&#8220;{}&#8220;][et_pb_row _builder_version=&#8220;4.25.0&#8243; _module_preset=&#8220;default&#8220; global_colors_info=&#8220;{}&#8220;][et_pb_column type=&#8220;4_4&#8243; _builder_version=&#8220;4.25.0&#8243; _module_preset=&#8220;default&#8220; global_colors_info=&#8220;{}&#8220;][et_pb_text _builder_version=&#8220;4.25.0&#8243; _module_preset=&#8220;default&#8220; custom_margin=&#8220;||||false|true&#8220; custom_padding=&#8220;||||false|false&#8220; header_3_text_align_tablet=&#8220;&#8220; header_3_text_align_phone=&#8220;&#8220; header_3_text_align_last_edited=&#8220;on|desktop&#8220; global_colors_info=&#8220;{}&#8220;]<\/p>\n<h3 style=\"text-align: center;\">Je syst\u00e9m DaRi D2 ten prav\u00fd pro v\u00e1\u0161 \u017elab?<br \/>\nPak si ho m\u016f\u017eete objednat p\u0159\u00edmo zde: <\/h3>\n<p>[\/et_pb_text][\/et_pb_column][\/et_pb_row][et_pb_row _builder_version=&#8220;4.25.0&#8243; _module_preset=&#8220;default&#8220; global_colors_info=&#8220;{}&#8220;][et_pb_column type=&#8220;4_4&#8243; _builder_version=&#8220;4.25.0&#8243; _module_preset=&#8220;default&#8220; global_colors_info=&#8220;{}&#8220;][et_pb_button button_url=&#8220;https:\/\/dari-system.com\/cs\/produkt\/system-dari-d2\/&#8220; button_text=&#8220;do obchodu&#8220; button_alignment=&#8220;center&#8220; _builder_version=&#8220;4.27.0&#8243; _module_preset=&#8220;default&#8220; hover_enabled=&#8220;0&#8243; global_colors_info=&#8220;{}&#8220; sticky_enabled=&#8220;0&#8243;][\/et_pb_button][\/et_pb_column][\/et_pb_row][\/et_pb_section]<\/p>\n","protected":false},"excerpt":{"rendered":"<p>Syst\u00e9m DaRi D2Pro st\u0159echy, kde ta\u0161ky vy\u010dn\u00edvaj\u00ed hluboko do okapu.St\u0159e\u0161n\u00ed ta\u0161ky \u010dasto vy\u010dn\u00edvaj\u00ed hluboko do \u00fa\u017elab\u00ed, zejm\u00e9na na strm\u00fdch st\u0159ech\u00e1ch. V takov\u00fdch p\u0159\u00edpadech je instalace syst\u00e9mu DaRi D1 \u010dasto obt\u00ed\u017en\u00e1. Pro tyto \u017elaby byl navr\u017een syst\u00e9m DaRi D2. Pod\u00edvejte se na kr\u00e1tk\u00fd film a zjist\u011bte v\u00edce:Syst\u00e9m DaRi D2 je k dispozici pouze pro \u017elaby velikosti [&hellip;]<\/p>\n","protected":false},"author":1,"featured_media":0,"parent":0,"menu_order":0,"comment_status":"closed","ping_status":"closed","template":"","meta":{"_et_pb_use_builder":"on","_et_pb_old_content":"","_et_gb_content_width":"","iawp_total_views":26,"footnotes":""},"dipi_cpt_category":[],"class_list":["post-25547006","page","type-page","status-publish","hentry"],"yoast_head":"<!-- This site is optimized with the Yoast SEO plugin v27.3 - https:\/\/yoast.com\/product\/yoast-seo-wordpress\/ -->\n<title>DaRi System D2 - DaRi System<\/title>\n<meta name=\"robots\" content=\"index, follow, max-snippet:-1, max-image-preview:large, max-video-preview:-1\" \/>\n<link rel=\"canonical\" href=\"https:\/\/dari-system.com\/cs\/dari-system-d2\/\" \/>\n<meta property=\"og:locale\" content=\"cs_CZ\" \/>\n<meta property=\"og:type\" content=\"article\" \/>\n<meta property=\"og:title\" content=\"DaRi System D2 - DaRi System\" \/>\n<meta property=\"og:description\" content=\"Syst\u00e9m DaRi D2Pro st\u0159echy, kde ta\u0161ky vy\u010dn\u00edvaj\u00ed hluboko do okapu.St\u0159e\u0161n\u00ed ta\u0161ky \u010dasto vy\u010dn\u00edvaj\u00ed hluboko do \u00fa\u017elab\u00ed, zejm\u00e9na na strm\u00fdch st\u0159ech\u00e1ch. V takov\u00fdch p\u0159\u00edpadech je instalace syst\u00e9mu DaRi D1 \u010dasto obt\u00ed\u017en\u00e1. Pro tyto \u017elaby byl navr\u017een syst\u00e9m DaRi D2. Pod\u00edvejte se na kr\u00e1tk\u00fd film a zjist\u011bte v\u00edce:Syst\u00e9m DaRi D2 je k dispozici pouze pro \u017elaby velikosti [&hellip;]\" \/>\n<meta property=\"og:url\" content=\"https:\/\/dari-system.com\/cs\/dari-system-d2\/\" \/>\n<meta property=\"og:site_name\" content=\"DaRi System\" \/>\n<meta property=\"article:modified_time\" content=\"2024-08-19T10:47:06+00:00\" \/>\n<meta name=\"twitter:card\" content=\"summary_large_image\" \/>\n<meta name=\"twitter:label1\" content=\"Odhadovan\u00e1 doba \u010dten\u00ed\" \/>\n\t<meta name=\"twitter:data1\" content=\"4 minuty\" \/>\n<script type=\"application\/ld+json\" class=\"yoast-schema-graph\">{\"@context\":\"https:\\\/\\\/schema.org\",\"@graph\":[{\"@type\":\"WebPage\",\"@id\":\"https:\\\/\\\/dari-system.com\\\/cs\\\/dari-system-d2\\\/\",\"url\":\"https:\\\/\\\/dari-system.com\\\/cs\\\/dari-system-d2\\\/\",\"name\":\"DaRi System D2 - DaRi System\",\"isPartOf\":{\"@id\":\"https:\\\/\\\/dari-system.com\\\/cs\\\/#website\"},\"datePublished\":\"2024-05-28T18:02:41+00:00\",\"dateModified\":\"2024-08-19T10:47:06+00:00\",\"breadcrumb\":{\"@id\":\"https:\\\/\\\/dari-system.com\\\/cs\\\/dari-system-d2\\\/#breadcrumb\"},\"inLanguage\":\"cs\",\"potentialAction\":[{\"@type\":\"ReadAction\",\"target\":[\"https:\\\/\\\/dari-system.com\\\/cs\\\/dari-system-d2\\\/\"]}]},{\"@type\":\"BreadcrumbList\",\"@id\":\"https:\\\/\\\/dari-system.com\\\/cs\\\/dari-system-d2\\\/#breadcrumb\",\"itemListElement\":[{\"@type\":\"ListItem\",\"position\":1,\"name\":\"Startseite\",\"item\":\"https:\\\/\\\/dari-system.com\\\/cs\\\/\"},{\"@type\":\"ListItem\",\"position\":2,\"name\":\"DaRi System D2\"}]},{\"@type\":\"WebSite\",\"@id\":\"https:\\\/\\\/dari-system.com\\\/cs\\\/#website\",\"url\":\"https:\\\/\\\/dari-system.com\\\/cs\\\/\",\"name\":\"DaRi System\",\"description\":\"\",\"potentialAction\":[{\"@type\":\"SearchAction\",\"target\":{\"@type\":\"EntryPoint\",\"urlTemplate\":\"https:\\\/\\\/dari-system.com\\\/cs\\\/?s={search_term_string}\"},\"query-input\":{\"@type\":\"PropertyValueSpecification\",\"valueRequired\":true,\"valueName\":\"search_term_string\"}}],\"inLanguage\":\"cs\"}]}<\/script>\n<!-- \/ Yoast SEO plugin. -->","yoast_head_json":{"title":"DaRi System D2 - DaRi System","robots":{"index":"index","follow":"follow","max-snippet":"max-snippet:-1","max-image-preview":"max-image-preview:large","max-video-preview":"max-video-preview:-1"},"canonical":"https:\/\/dari-system.com\/cs\/dari-system-d2\/","og_locale":"cs_CZ","og_type":"article","og_title":"DaRi System D2 - DaRi System","og_description":"Syst\u00e9m DaRi D2Pro st\u0159echy, kde ta\u0161ky vy\u010dn\u00edvaj\u00ed hluboko do okapu.St\u0159e\u0161n\u00ed ta\u0161ky \u010dasto vy\u010dn\u00edvaj\u00ed hluboko do \u00fa\u017elab\u00ed, zejm\u00e9na na strm\u00fdch st\u0159ech\u00e1ch. V takov\u00fdch p\u0159\u00edpadech je instalace syst\u00e9mu DaRi D1 \u010dasto obt\u00ed\u017en\u00e1. Pro tyto \u017elaby byl navr\u017een syst\u00e9m DaRi D2. Pod\u00edvejte se na kr\u00e1tk\u00fd film a zjist\u011bte v\u00edce:Syst\u00e9m DaRi D2 je k dispozici pouze pro \u017elaby velikosti [&hellip;]","og_url":"https:\/\/dari-system.com\/cs\/dari-system-d2\/","og_site_name":"DaRi System","article_modified_time":"2024-08-19T10:47:06+00:00","twitter_card":"summary_large_image","twitter_misc":{"Odhadovan\u00e1 doba \u010dten\u00ed":"4 minuty"},"schema":{"@context":"https:\/\/schema.org","@graph":[{"@type":"WebPage","@id":"https:\/\/dari-system.com\/cs\/dari-system-d2\/","url":"https:\/\/dari-system.com\/cs\/dari-system-d2\/","name":"DaRi System D2 - DaRi System","isPartOf":{"@id":"https:\/\/dari-system.com\/cs\/#website"},"datePublished":"2024-05-28T18:02:41+00:00","dateModified":"2024-08-19T10:47:06+00:00","breadcrumb":{"@id":"https:\/\/dari-system.com\/cs\/dari-system-d2\/#breadcrumb"},"inLanguage":"cs","potentialAction":[{"@type":"ReadAction","target":["https:\/\/dari-system.com\/cs\/dari-system-d2\/"]}]},{"@type":"BreadcrumbList","@id":"https:\/\/dari-system.com\/cs\/dari-system-d2\/#breadcrumb","itemListElement":[{"@type":"ListItem","position":1,"name":"Startseite","item":"https:\/\/dari-system.com\/cs\/"},{"@type":"ListItem","position":2,"name":"DaRi System D2"}]},{"@type":"WebSite","@id":"https:\/\/dari-system.com\/cs\/#website","url":"https:\/\/dari-system.com\/cs\/","name":"DaRi System","description":"","potentialAction":[{"@type":"SearchAction","target":{"@type":"EntryPoint","urlTemplate":"https:\/\/dari-system.com\/cs\/?s={search_term_string}"},"query-input":{"@type":"PropertyValueSpecification","valueRequired":true,"valueName":"search_term_string"}}],"inLanguage":"cs"}]}},"_links":{"self":[{"href":"https:\/\/dari-system.com\/cs\/wp-json\/wp\/v2\/pages\/25547006","targetHints":{"allow":["GET"]}}],"collection":[{"href":"https:\/\/dari-system.com\/cs\/wp-json\/wp\/v2\/pages"}],"about":[{"href":"https:\/\/dari-system.com\/cs\/wp-json\/wp\/v2\/types\/page"}],"author":[{"embeddable":true,"href":"https:\/\/dari-system.com\/cs\/wp-json\/wp\/v2\/users\/1"}],"replies":[{"embeddable":true,"href":"https:\/\/dari-system.com\/cs\/wp-json\/wp\/v2\/comments?post=25547006"}],"version-history":[{"count":3,"href":"https:\/\/dari-system.com\/cs\/wp-json\/wp\/v2\/pages\/25547006\/revisions"}],"predecessor-version":[{"id":25547346,"href":"https:\/\/dari-system.com\/cs\/wp-json\/wp\/v2\/pages\/25547006\/revisions\/25547346"}],"wp:attachment":[{"href":"https:\/\/dari-system.com\/cs\/wp-json\/wp\/v2\/media?parent=25547006"}],"wp:term":[{"taxonomy":"dipi_cpt_category","embeddable":true,"href":"https:\/\/dari-system.com\/cs\/wp-json\/wp\/v2\/dipi_cpt_category?post=25547006"}],"curies":[{"name":"wp","href":"https:\/\/api.w.org\/{rel}","templated":true}]}}