{"id":25546995,"date":"2024-05-23T13:32:49","date_gmt":"2024-05-23T13:32:49","guid":{"rendered":"https:\/\/dari-system.com\/storno-podminky\/"},"modified":"2024-08-16T17:28:41","modified_gmt":"2024-08-16T17:28:41","slug":"storno-podminky","status":"publish","type":"page","link":"https:\/\/dari-system.com\/cs\/storno-podminky\/","title":{"rendered":"Storno podm\u00ednky"},"content":{"rendered":"<p>[et_pb_section fb_built=&#8220;1&#8243; fullwidth=&#8220;on&#8220; _builder_version=&#8220;4.25.0&#8243; _module_preset=&#8220;default&#8220; bottom_divider_color=&#8220;#FFFFFF&#8220; bottom_divider_height=&#8220;82px&#8220; bottom_divider_flip=&#8220;horizontal&#8220; locked=&#8220;off&#8220; global_colors_info=&#8220;{}&#8220;][et_pb_fullwidth_header title=&#8220;Storno podm\u00ednky&#8220; _builder_version=&#8220;4.25.0&#8243; _module_preset=&#8220;default&#8220; title_font=&#8220;|800|||||||&#8220; title_font_size=&#8220;45px&#8220; background_image=&#8220;https:\/\/dari-system.com\/wp-content\/uploads\/2024\/05\/header_background.webp&#8220; background_position=&#8220;bottom_center&#8220; custom_padding=&#8220;8vh||8vh||true|false&#8220; title_font_size_tablet=&#8220;45px&#8220; title_font_size_phone=&#8220;29px&#8220; title_font_size_last_edited=&#8220;on|phone&#8220; content_font_size_tablet=&#8220;&#8220; content_font_size_phone=&#8220;17px&#8220; content_font_size_last_edited=&#8220;on|phone&#8220; global_colors_info=&#8220;{}&#8220;][\/et_pb_fullwidth_header][\/et_pb_section][et_pb_section fb_built=&#8220;1&#8243; _builder_version=&#8220;4.25.0&#8243; _module_preset=&#8220;default&#8220; global_colors_info=&#8220;{}&#8220;][et_pb_row _builder_version=&#8220;4.25.0&#8243; _module_preset=&#8220;default&#8220; global_colors_info=&#8220;{}&#8220;][et_pb_column type=&#8220;4_4&#8243; _builder_version=&#8220;4.25.0&#8243; _module_preset=&#8220;default&#8220; global_colors_info=&#8220;{}&#8220;][et_pb_text _builder_version=&#8220;4.25.0&#8243; _module_preset=&#8220;default&#8220; hover_enabled=&#8220;0&#8243; global_colors_info=&#8220;{}&#8220; sticky_enabled=&#8220;0&#8243;]<\/p>\n<h2>Storno podm\u00ednky \/ Pr\u00e1vo na zru\u0161en\u00ed rezervace<\/h2>\n<p>M\u00e1te pr\u00e1vo odstoupit od t\u00e9to smlouvy do \u010dtrn\u00e1cti dn\u016f bez ud\u00e1n\u00ed d\u016fvodu. Lh\u016fta pro odstoupen\u00ed od smlouvy je \u010dtrn\u00e1ct dn\u016f ode dne, kdy jste vy nebo v\u00e1mi ur\u010den\u00e1 t\u0159et\u00ed osoba, kter\u00e1 nen\u00ed dopravcem, p\u0159evzali zbo\u017e\u00ed. Pro uplatn\u011bn\u00ed pr\u00e1va na odstoupen\u00ed od smlouvy n\u00e1s mus\u00edte kontaktovat na adrese DaRi-Systemteile GmbH, Rudolf-Nebel-Str.<br \/>\n12, 91781 Wei\u00dfenburg, Tel.<br \/>\n09141- 8459370, Fax 09141-8459371, E-Mail<a href=\"mailto:info@dari-system.com\">info@dari-system.com<\/a> o sv\u00e9m rozhodnut\u00ed odstoupit od t\u00e9to smlouvy jednozna\u010dn\u00fdm prohl\u00e1\u0161en\u00edm (nap\u0159. dopisem zaslan\u00fdm po\u0161tou, faxem nebo e-mailem).<br \/>\nM\u016f\u017eete pou\u017e\u00edt n\u00ed\u017ee p\u0159ilo\u017een\u00fd vzorov\u00fd formul\u00e1\u0159 pro odstoupen\u00ed od smlouvy, nen\u00ed to v\u0161ak povinn\u00e9.   <br \/>Pro dodr\u017een\u00ed lh\u016fty pro odstoupen\u00ed od smlouvy sta\u010d\u00ed, kdy\u017e ozn\u00e1men\u00ed o uplatn\u011bn\u00ed pr\u00e1va na odstoupen\u00ed od smlouvy ode\u0161lete p\u0159ed uplynut\u00edm lh\u016fty pro odstoupen\u00ed od smlouvy.<\/p>\n<p>D\u016fsledky odstoupen\u00ed od smlouvy: Pokud od t\u00e9to smlouvy odstoup\u00edte, vr\u00e1t\u00edme v\u00e1m v\u0161echny platby, kter\u00e9 jsme od v\u00e1s obdr\u017eeli, v\u010detn\u011b n\u00e1klad\u016f na doru\u010den\u00ed (s v\u00fdjimkou dodate\u010dn\u00fdch n\u00e1klad\u016f vypl\u00fdvaj\u00edc\u00edch z va\u0161\u00ed volby jin\u00e9ho typu doru\u010den\u00ed, ne\u017e je nejlevn\u011bj\u0161\u00ed typ standardn\u00edho doru\u010den\u00ed, kter\u00fd nab\u00edz\u00edme), a to bez zbyte\u010dn\u00e9ho odkladu a v ka\u017ed\u00e9m p\u0159\u00edpad\u011b nejpozd\u011bji do 14 dn\u016f ode dne, kdy jsme byli informov\u00e1ni o va\u0161em rozhodnut\u00ed odstoupit od t\u00e9to smlouvy.<br \/>\nPro toto vr\u00e1cen\u00ed pou\u017eijeme stejn\u00fd platebn\u00ed prost\u0159edek, kter\u00fd jste pou\u017eili pro p\u016fvodn\u00ed transakci, pokud se s v\u00e1mi v\u00fdslovn\u011b nedohodneme jinak; za toto vr\u00e1cen\u00ed v\u00e1m v \u017e\u00e1dn\u00e9m p\u0159\u00edpad\u011b nebudou \u00fa\u010dtov\u00e1ny \u017e\u00e1dn\u00e9 poplatky.<br \/>\n<br \/>Vr\u00e1cen\u00ed pen\u011bz m\u016f\u017eeme zadr\u017eet, dokud neobdr\u017e\u00edme zbo\u017e\u00ed zp\u011bt nebo dokud n\u00e1m nep\u0159edlo\u017e\u00edte doklad o tom, \u017ee jste zbo\u017e\u00ed vr\u00e1tili, podle toho, co nastane d\u0159\u00edve. Zbo\u017e\u00ed n\u00e1m mus\u00edte vr\u00e1tit nebo p\u0159edat neprodlen\u011b, nejpozd\u011bji v\u0161ak do \u010dtrn\u00e1cti dn\u016f ode dne, kdy jste n\u00e1m ozn\u00e1mili zru\u0161en\u00ed t\u00e9to smlouvy.<\/p>\n<p>Lh\u016fta je dodr\u017eena, pokud zbo\u017e\u00ed ode\u0161lete p\u0159ed uplynut\u00edm \u010dtrn\u00e1ctidenn\u00ed lh\u016fty. P\u0159\u00edm\u00e9 n\u00e1klady spojen\u00e9 s vr\u00e1cen\u00edm zbo\u017e\u00ed nesete vy. Odpov\u00edd\u00e1te pouze za sn\u00ed\u017een\u00ed hodnoty zbo\u017e\u00ed v d\u016fsledku jin\u00e9ho nakl\u00e1d\u00e1n\u00ed s n\u00edm, ne\u017e kter\u00e9 je nezbytn\u00e9 ke zji\u0161t\u011bn\u00ed povahy, vlastnost\u00ed a funk\u010dnosti zbo\u017e\u00ed.   <br \/><span style=\"text-decoration: underline;\"><strong>Vzorov\u00fd formul\u00e1\u0159 pro zru\u0161en\u00ed<\/strong><\/span><\/p>\n<p>(Pokud si p\u0159ejete odstoupit od smlouvy, m\u016f\u017eete vyplnit tento formul\u00e1\u0159 a zaslat n\u00e1m jej zp\u011bt) Na adresu DaRi-Systemteile GmbH, Rudolf-Nebel-Str.<br \/>\n12, 91781 Wei\u00dfenburg, Tel.<br \/>\n<br \/>09141- 8459370, Fax 09141-8459371, E-Mail <a href=\"mailto:info@dari-system.com\">info@dari-system.com<\/a> T\u00edmto ru\u0161\u00edm smlouvu, kterou jsem uzav\u0159el\/a na n\u00e1kup n\u00e1sleduj\u00edc\u00edho zbo\u017e\u00ed:<\/p>\n<p>&#8230;&#8230;&#8230;&#8230;&#8230;&#8230;&#8230;&#8230;&#8230;&#8230;&#8230;&#8230;&#8230;&#8230;&#8230;&#8230;&#8230;&#8230;&#8230;&#8230;&#8230;&#8230;&#8230;&#8230;&#8230; &#8211; Objedn\u00e1no dne &#8230;&#8230;&#8230;., obdr\u017eeno dne &#8230;&#8230;&#8230;&#8230;. &#8211; Va\u0161e jm\u00e9no: &#8211; Va\u0161e adresa: &#8211; V\u00e1\u0161 podpis (pouze u pap\u00edrov\u00e9ho ozn\u00e1men\u00ed) &#8211; Datum:  <\/p>\n<p>[\/et_pb_text][\/et_pb_column][\/et_pb_row][\/et_pb_section]<\/p>\n","protected":false},"excerpt":{"rendered":"<p>Storno podm\u00ednky \/ Pr\u00e1vo na zru\u0161en\u00ed rezervace M\u00e1te pr\u00e1vo odstoupit od t\u00e9to smlouvy do \u010dtrn\u00e1cti dn\u016f bez ud\u00e1n\u00ed d\u016fvodu. Lh\u016fta pro odstoupen\u00ed od smlouvy je \u010dtrn\u00e1ct dn\u016f ode dne, kdy jste vy nebo v\u00e1mi ur\u010den\u00e1 t\u0159et\u00ed osoba, kter\u00e1 nen\u00ed dopravcem, p\u0159evzali zbo\u017e\u00ed. Pro uplatn\u011bn\u00ed pr\u00e1va na odstoupen\u00ed od smlouvy n\u00e1s mus\u00edte kontaktovat na adrese DaRi-Systemteile [&hellip;]<\/p>\n","protected":false},"author":1,"featured_media":0,"parent":0,"menu_order":0,"comment_status":"closed","ping_status":"closed","template":"","meta":{"_et_pb_use_builder":"on","_et_pb_old_content":"","_et_gb_content_width":"","iawp_total_views":1,"footnotes":""},"dipi_cpt_category":[],"class_list":["post-25546995","page","type-page","status-publish","hentry"],"yoast_head":"<!-- This site is optimized with the Yoast SEO plugin v27.2 - https:\/\/yoast.com\/product\/yoast-seo-wordpress\/ -->\n<title>Storno podm\u00ednky - DaRi System<\/title>\n<meta name=\"robots\" content=\"index, follow, max-snippet:-1, max-image-preview:large, max-video-preview:-1\" \/>\n<link rel=\"canonical\" href=\"https:\/\/dari-system.com\/cs\/storno-podminky\/\" \/>\n<meta property=\"og:locale\" content=\"cs_CZ\" \/>\n<meta property=\"og:type\" content=\"article\" \/>\n<meta property=\"og:title\" content=\"Storno podm\u00ednky - DaRi System\" \/>\n<meta property=\"og:description\" content=\"Storno podm\u00ednky \/ Pr\u00e1vo na zru\u0161en\u00ed rezervace M\u00e1te pr\u00e1vo odstoupit od t\u00e9to smlouvy do \u010dtrn\u00e1cti dn\u016f bez ud\u00e1n\u00ed d\u016fvodu. Lh\u016fta pro odstoupen\u00ed od smlouvy je \u010dtrn\u00e1ct dn\u016f ode dne, kdy jste vy nebo v\u00e1mi ur\u010den\u00e1 t\u0159et\u00ed osoba, kter\u00e1 nen\u00ed dopravcem, p\u0159evzali zbo\u017e\u00ed. Pro uplatn\u011bn\u00ed pr\u00e1va na odstoupen\u00ed od smlouvy n\u00e1s mus\u00edte kontaktovat na adrese DaRi-Systemteile [&hellip;]\" \/>\n<meta property=\"og:url\" content=\"https:\/\/dari-system.com\/cs\/storno-podminky\/\" \/>\n<meta property=\"og:site_name\" content=\"DaRi System\" \/>\n<meta property=\"article:modified_time\" content=\"2024-08-16T17:28:41+00:00\" \/>\n<meta name=\"twitter:card\" content=\"summary_large_image\" \/>\n<meta name=\"twitter:label1\" content=\"Odhadovan\u00e1 doba \u010dten\u00ed\" \/>\n\t<meta name=\"twitter:data1\" content=\"3 minuty\" \/>\n<script type=\"application\/ld+json\" class=\"yoast-schema-graph\">{\"@context\":\"https:\/\/schema.org\",\"@graph\":[{\"@type\":\"WebPage\",\"@id\":\"https:\/\/dari-system.com\/cs\/storno-podminky\/\",\"url\":\"https:\/\/dari-system.com\/cs\/storno-podminky\/\",\"name\":\"Storno podm\u00ednky - DaRi System\",\"isPartOf\":{\"@id\":\"https:\/\/dari-system.com\/cs\/#website\"},\"datePublished\":\"2024-05-23T13:32:49+00:00\",\"dateModified\":\"2024-08-16T17:28:41+00:00\",\"breadcrumb\":{\"@id\":\"https:\/\/dari-system.com\/cs\/storno-podminky\/#breadcrumb\"},\"inLanguage\":\"cs\",\"potentialAction\":[{\"@type\":\"ReadAction\",\"target\":[\"https:\/\/dari-system.com\/cs\/storno-podminky\/\"]}]},{\"@type\":\"BreadcrumbList\",\"@id\":\"https:\/\/dari-system.com\/cs\/storno-podminky\/#breadcrumb\",\"itemListElement\":[{\"@type\":\"ListItem\",\"position\":1,\"name\":\"Startseite\",\"item\":\"https:\/\/dari-system.com\/cs\/\"},{\"@type\":\"ListItem\",\"position\":2,\"name\":\"Storno podm\u00ednky\"}]},{\"@type\":\"WebSite\",\"@id\":\"https:\/\/dari-system.com\/cs\/#website\",\"url\":\"https:\/\/dari-system.com\/cs\/\",\"name\":\"DaRi System\",\"description\":\"\",\"potentialAction\":[{\"@type\":\"SearchAction\",\"target\":{\"@type\":\"EntryPoint\",\"urlTemplate\":\"https:\/\/dari-system.com\/cs\/?s={search_term_string}\"},\"query-input\":{\"@type\":\"PropertyValueSpecification\",\"valueRequired\":true,\"valueName\":\"search_term_string\"}}],\"inLanguage\":\"cs\"}]}<\/script>\n<!-- \/ Yoast SEO plugin. -->","yoast_head_json":{"title":"Storno podm\u00ednky - DaRi System","robots":{"index":"index","follow":"follow","max-snippet":"max-snippet:-1","max-image-preview":"max-image-preview:large","max-video-preview":"max-video-preview:-1"},"canonical":"https:\/\/dari-system.com\/cs\/storno-podminky\/","og_locale":"cs_CZ","og_type":"article","og_title":"Storno podm\u00ednky - DaRi System","og_description":"Storno podm\u00ednky \/ Pr\u00e1vo na zru\u0161en\u00ed rezervace M\u00e1te pr\u00e1vo odstoupit od t\u00e9to smlouvy do \u010dtrn\u00e1cti dn\u016f bez ud\u00e1n\u00ed d\u016fvodu. Lh\u016fta pro odstoupen\u00ed od smlouvy je \u010dtrn\u00e1ct dn\u016f ode dne, kdy jste vy nebo v\u00e1mi ur\u010den\u00e1 t\u0159et\u00ed osoba, kter\u00e1 nen\u00ed dopravcem, p\u0159evzali zbo\u017e\u00ed. Pro uplatn\u011bn\u00ed pr\u00e1va na odstoupen\u00ed od smlouvy n\u00e1s mus\u00edte kontaktovat na adrese DaRi-Systemteile [&hellip;]","og_url":"https:\/\/dari-system.com\/cs\/storno-podminky\/","og_site_name":"DaRi System","article_modified_time":"2024-08-16T17:28:41+00:00","twitter_card":"summary_large_image","twitter_misc":{"Odhadovan\u00e1 doba \u010dten\u00ed":"3 minuty"},"schema":{"@context":"https:\/\/schema.org","@graph":[{"@type":"WebPage","@id":"https:\/\/dari-system.com\/cs\/storno-podminky\/","url":"https:\/\/dari-system.com\/cs\/storno-podminky\/","name":"Storno podm\u00ednky - DaRi System","isPartOf":{"@id":"https:\/\/dari-system.com\/cs\/#website"},"datePublished":"2024-05-23T13:32:49+00:00","dateModified":"2024-08-16T17:28:41+00:00","breadcrumb":{"@id":"https:\/\/dari-system.com\/cs\/storno-podminky\/#breadcrumb"},"inLanguage":"cs","potentialAction":[{"@type":"ReadAction","target":["https:\/\/dari-system.com\/cs\/storno-podminky\/"]}]},{"@type":"BreadcrumbList","@id":"https:\/\/dari-system.com\/cs\/storno-podminky\/#breadcrumb","itemListElement":[{"@type":"ListItem","position":1,"name":"Startseite","item":"https:\/\/dari-system.com\/cs\/"},{"@type":"ListItem","position":2,"name":"Storno podm\u00ednky"}]},{"@type":"WebSite","@id":"https:\/\/dari-system.com\/cs\/#website","url":"https:\/\/dari-system.com\/cs\/","name":"DaRi System","description":"","potentialAction":[{"@type":"SearchAction","target":{"@type":"EntryPoint","urlTemplate":"https:\/\/dari-system.com\/cs\/?s={search_term_string}"},"query-input":{"@type":"PropertyValueSpecification","valueRequired":true,"valueName":"search_term_string"}}],"inLanguage":"cs"}]}},"_links":{"self":[{"href":"https:\/\/dari-system.com\/cs\/wp-json\/wp\/v2\/pages\/25546995","targetHints":{"allow":["GET"]}}],"collection":[{"href":"https:\/\/dari-system.com\/cs\/wp-json\/wp\/v2\/pages"}],"about":[{"href":"https:\/\/dari-system.com\/cs\/wp-json\/wp\/v2\/types\/page"}],"author":[{"embeddable":true,"href":"https:\/\/dari-system.com\/cs\/wp-json\/wp\/v2\/users\/1"}],"replies":[{"embeddable":true,"href":"https:\/\/dari-system.com\/cs\/wp-json\/wp\/v2\/comments?post=25546995"}],"version-history":[{"count":2,"href":"https:\/\/dari-system.com\/cs\/wp-json\/wp\/v2\/pages\/25546995\/revisions"}],"predecessor-version":[{"id":25546999,"href":"https:\/\/dari-system.com\/cs\/wp-json\/wp\/v2\/pages\/25546995\/revisions\/25546999"}],"wp:attachment":[{"href":"https:\/\/dari-system.com\/cs\/wp-json\/wp\/v2\/media?parent=25546995"}],"wp:term":[{"taxonomy":"dipi_cpt_category","embeddable":true,"href":"https:\/\/dari-system.com\/cs\/wp-json\/wp\/v2\/dipi_cpt_category?post=25546995"}],"curies":[{"name":"wp","href":"https:\/\/api.w.org\/{rel}","templated":true}]}}