{"id":25546972,"date":"2024-05-23T13:32:49","date_gmt":"2024-05-23T13:32:49","guid":{"rendered":"https:\/\/dari-system.com\/gtc\/"},"modified":"2024-08-16T17:28:33","modified_gmt":"2024-08-16T17:28:33","slug":"gtc","status":"publish","type":"page","link":"https:\/\/dari-system.com\/cs\/gtc\/","title":{"rendered":"GTC"},"content":{"rendered":"<p>[et_pb_section fb_built=&#8220;1&#8243; fullwidth=&#8220;on&#8220; _builder_version=&#8220;4.25.0&#8243; _module_preset=&#8220;default&#8220; bottom_divider_color=&#8220;#FFFFFF&#8220; bottom_divider_height=&#8220;82px&#8220; bottom_divider_flip=&#8220;horizontal&#8220; locked=&#8220;off&#8220; global_colors_info=&#8220;{}&#8220; theme_builder_area=&#8220;post_content&#8220;][et_pb_fullwidth_header title=&#8220;V\u0161eobecn\u00e9 podm\u00ednky&#8220; _builder_version=&#8220;4.25.0&#8243; _module_preset=&#8220;default&#8220; title_font=&#8220;|800|||||||&#8220; title_font_size=&#8220;45px&#8220; background_image=&#8220;https:\/\/dari-system.com\/wp-content\/uploads\/2024\/05\/header_background.webp&#8220; background_position=&#8220;bottom_center&#8220; custom_padding=&#8220;8vh||8vh||true|false&#8220; hover_enabled=&#8220;0&#8243; title_font_size_tablet=&#8220;45px&#8220; title_font_size_phone=&#8220;29px&#8220; title_font_size_last_edited=&#8220;on|phone&#8220; content_font_size_tablet=&#8220;&#8220; content_font_size_phone=&#8220;17px&#8220; content_font_size_last_edited=&#8220;on|phone&#8220; global_colors_info=&#8220;{}&#8220; theme_builder_area=&#8220;post_content&#8220; sticky_enabled=&#8220;0&#8243;][\/et_pb_fullwidth_header][\/et_pb_section][et_pb_section fb_built=&#8220;1&#8243; theme_builder_area=&#8220;post_content&#8220; _builder_version=&#8220;4.25.0&#8243; _module_preset=&#8220;default&#8220;][et_pb_row _builder_version=&#8220;4.25.0&#8243; _module_preset=&#8220;default&#8220; theme_builder_area=&#8220;post_content&#8220;][et_pb_column _builder_version=&#8220;4.25.0&#8243; _module_preset=&#8220;default&#8220; type=&#8220;4_4&#8243; theme_builder_area=&#8220;post_content&#8220;][et_pb_text _builder_version=&#8220;4.25.0&#8243; _module_preset=&#8220;default&#8220; theme_builder_area=&#8220;post_content&#8220; hover_enabled=&#8220;0&#8243; sticky_enabled=&#8220;0&#8243;]<\/p>\n<h2>GTC<\/h2>\n<p>\u00a7 <strong>1 Rozsah platnosti a obrann\u00e1 dolo\u017eka<\/strong> (1) N\u00e1sleduj\u00edc\u00ed v\u0161eobecn\u00e9 obchodn\u00ed podm\u00ednky ve zn\u011bn\u00ed platn\u00e9m v dob\u011b objedn\u00e1vky se vztahuj\u00ed v\u00fdhradn\u011b na pr\u00e1vn\u00ed vztahy mezi provozovatelem obchodu (d\u00e1le jen &#8222;poskytovatel&#8220;) a jeho z\u00e1kazn\u00edky vznikl\u00e9 prost\u0159ednictv\u00edm tohoto internetov\u00e9ho obchodu. (2) Odchyln\u00e9 v\u0161eobecn\u00e9 obchodn\u00ed podm\u00ednky z\u00e1kazn\u00edka se st\u00e1vaj\u00ed sou\u010d\u00e1st\u00ed smlouvy pouze v p\u0159\u00edpad\u011b, \u017ee poskytovatel s jejich platnost\u00ed v\u00fdslovn\u011b souhlas\u00ed.<\/p>\n<p>\u00a7 <strong>2 Uzav\u0159en\u00ed smlouvy<\/strong> (1) Prezentace zbo\u017e\u00ed v internetov\u00e9m obchod\u011b nep\u0159edstavuje z\u00e1vazn\u00fd n\u00e1vrh poskytovatele na uzav\u0159en\u00ed kupn\u00ed smlouvy.<br \/>\nZ\u00e1kazn\u00edk je pouze vyzv\u00e1n k p\u0159edlo\u017een\u00ed nab\u00eddky formou objedn\u00e1vky. <br \/>(2) Odesl\u00e1n\u00edm objedn\u00e1vky v internetov\u00e9m obchod\u011b z\u00e1kazn\u00edk \u010din\u00ed z\u00e1vazn\u00fd n\u00e1vrh na uzav\u0159en\u00ed kupn\u00ed smlouvy na zbo\u017e\u00ed obsa\u017een\u00e9 v n\u00e1kupn\u00edm ko\u0161\u00edku.<br \/>\nOdesl\u00e1n\u00edm objedn\u00e1vky z\u00e1kazn\u00edk z\u00e1rove\u0148 uzn\u00e1v\u00e1 tyto obchodn\u00ed podm\u00ednky jako v\u00fdhradn\u011b platn\u00e9 pro pr\u00e1vn\u00ed vztah s poskytovatelem. <br \/>(3) Poskytovatel potvrd\u00ed p\u0159ijet\u00ed objedn\u00e1vky z\u00e1kazn\u00edka zasl\u00e1n\u00edm potvrzovac\u00edho e-mailu.<br \/>\nToto potvrzen\u00ed objedn\u00e1vky nep\u0159edstavuje p\u0159ijet\u00ed nab\u00eddky smlouvy ze strany poskytovatele.<br \/>\nSlou\u017e\u00ed pouze k informov\u00e1n\u00ed z\u00e1kazn\u00edka, \u017ee poskytovatel objedn\u00e1vku obdr\u017eel.<br \/>\nKupn\u00ed smlouva je uzav\u0159ena teprve tehdy, kdy\u017e poskytovatel vyd\u00e1 prohl\u00e1\u0161en\u00ed o p\u0159ijet\u00ed, a to bu\u010f v\u00fdslovn\u00fdm prohl\u00e1\u0161en\u00edm, nebo dod\u00e1n\u00edm zbo\u017e\u00ed.   <\/p>\n<p>\u00a7 <strong>3 V\u00fdhrada vlastnictv\u00ed<\/strong> Dodan\u00e9 zbo\u017e\u00ed z\u016fst\u00e1v\u00e1 a\u017e do \u00fapln\u00e9ho zaplacen\u00ed majetkem dodavatele.<\/p>\n<p>\u00a7 4 Splatnost <strong> \u00dahrada kupn\u00ed ceny je splatn\u00e1 p\u0159i uzav\u0159en\u00ed smlouvy.<\/strong><\/p>\n<p>\u00a7 <strong>5 Z\u00e1ruka<\/strong> (1) Pr\u00e1va z\u00e1kazn\u00edka ze z\u00e1ruky se \u0159\u00edd\u00ed obecn\u00fdmi z\u00e1konn\u00fdmi ustanoven\u00edmi, pokud nen\u00ed d\u00e1le uvedeno jinak.<br \/>\nPro n\u00e1roky z\u00e1kazn\u00edka na n\u00e1hradu \u0161kody v\u016f\u010di poskytovateli plat\u00ed ustanoven\u00ed \u00a7 6 t\u011bchto VOP. <br \/>(2) Pr\u00e1va ze z\u00e1ruky se li\u0161\u00ed v z\u00e1vislosti na tom, zda je z\u00e1kazn\u00edk spot\u0159ebitelem \u010di nikoli.<br \/>\nSpot\u0159ebitelem je ka\u017ed\u00e1 fyzick\u00e1 osoba, kter\u00e1 uzav\u00edr\u00e1 pr\u00e1vn\u00ed \u00fakon za \u00fa\u010delem, kter\u00fd nelze p\u0159i\u010d\u00edtat jej\u00ed podnikatelsk\u00e9 nebo nez\u00e1visl\u00e9 profesion\u00e1ln\u00ed \u010dinnosti. <br \/>(3) Proml\u010dec\u00ed lh\u016fta pro uplatn\u011bn\u00ed z\u00e1ru\u010dn\u00edch n\u00e1rok\u016f z\u00e1kazn\u00edka je u nov\u011b vyroben\u00fdch p\u0159edm\u011bt\u016f pro spot\u0159ebitele 2 roky.<br \/>\nPro podnikatele je proml\u010dec\u00ed lh\u016fta 2 roky pro nov\u011b vyroben\u00e9 v\u011bci a 2 roky pro pou\u017eit\u00e9 v\u011bci. <br \/>(4) Poskytovatel nevykazuje z\u00e1ruku.<\/p>\n<p>\u00a7 <strong>6 Vylou\u010den\u00ed odpov\u011bdnosti<\/strong> (1) N\u00e1roky z\u00e1kazn\u00edka na n\u00e1hradu \u0161kody jsou vylou\u010deny, pokud nen\u00ed d\u00e1le uvedeno jinak.<br \/>\nV\u00fd\u0161e uveden\u00e9 vylou\u010den\u00ed odpov\u011bdnosti plat\u00ed i ve prosp\u011bch z\u00e1konn\u00fdch z\u00e1stupc\u016f a z\u00e1stupc\u016f poskytovatele, pokud z\u00e1kazn\u00edk uplat\u0148uje n\u00e1roky v\u016f\u010di nim. <br \/>(2) Z vylou\u010den\u00ed odpov\u011bdnosti podle \u010dl\u00e1nku 1 jsou vylou\u010deny n\u00e1roky na n\u00e1hradu \u0161kody zp\u016fsoben\u00e9 \u00fajmou na \u017eivot\u011b, zdrav\u00ed nebo zdrav\u00ed a n\u00e1roky na n\u00e1hradu \u0161kody vypl\u00fdvaj\u00edc\u00ed z poru\u0161en\u00ed podstatn\u00fdch smluvn\u00edch povinnost\u00ed.<br \/>\nPodstatn\u00e9 smluvn\u00ed povinnosti jsou takov\u00e9, jejich\u017e spln\u011bn\u00ed je nezbytn\u00e9 k dosa\u017een\u00ed c\u00edle smlouvy, nap\u0159. dodavatel mus\u00ed p\u0159edat z\u00e1kazn\u00edkovi v\u011bc bez v\u011bcn\u00fdch vad a vad vlastnick\u00e9ho pr\u00e1va a nab\u00fdt k n\u00ed vlastnick\u00e9 pr\u00e1vo.<br \/>\nZ vylou\u010den\u00ed odpov\u011bdnosti je rovn\u011b\u017e vylou\u010dena odpov\u011bdnost za \u0161kodu vzniklou v d\u016fsledku \u00famysln\u00e9ho nebo hrub\u011b nedbal\u00e9ho poru\u0161en\u00ed povinnosti ze strany poskytovatele, jeho z\u00e1konn\u00fdch z\u00e1stupc\u016f nebo z\u00e1stupc\u016f.  <br \/>(3) Ustanoven\u00ed n\u011bmeck\u00e9ho z\u00e1kona o odpov\u011bdnosti za v\u00fdrobek (ProdHaftG) z\u016fst\u00e1vaj\u00ed nedot\u010dena.<\/p>\n<p>\u00a7 <strong>7 Volba pr\u00e1va a soudn\u00ed p\u0159\u00edslu\u0161nost<\/strong> (1) Na smluvn\u00ed vztah mezi poskytovatelem a z\u00e1kazn\u00edkem se vztahuje pr\u00e1vo Spolkov\u00e9 republiky N\u011bmecko.<br \/>\nZ t\u00e9to volby pr\u00e1va jsou vylou\u010deny z\u00e1vazn\u00e9 p\u0159edpisy na ochranu spot\u0159ebitele zem\u011b, v n\u00ed\u017e m\u00e1 z\u00e1kazn\u00edk obvykl\u00e9 bydli\u0161t\u011b.<br \/>\nPou\u017eit\u00ed \u00damluvy OSN o smlouv\u00e1ch o mezin\u00e1rodn\u00ed koupi zbo\u017e\u00ed je vylou\u010deno.  <br \/>(2) M\u00edstem p\u0159\u00edslu\u0161nosti pro v\u0161echny spory vypl\u00fdvaj\u00edc\u00ed ze smluvn\u00edho vztahu mezi z\u00e1kazn\u00edkem a poskytovatelem je s\u00eddlo poskytovatele, pokud je z\u00e1kazn\u00edk obchodn\u00edkem, pr\u00e1vnickou osobou ve\u0159ejn\u00e9ho pr\u00e1va nebo zvl\u00e1\u0161tn\u00edm fondem ve\u0159ejn\u00e9ho pr\u00e1va.<\/p>\n<p>\u00a7 <strong>8 Ustanoven\u00ed o odd\u011blitelnosti<\/strong> (1) Tyto v\u0161eobecn\u00e9 obchodn\u00ed podm\u00ednky obsahuj\u00ed ve\u0161ker\u00e1 pr\u00e1va a povinnosti smluvn\u00edch stran. (2) Smluvn\u00edm jazykem je n\u011bm\u010dina. (3) Pokud by jedno nebo v\u00edce ustanoven\u00ed t\u011bchto v\u0161eobecn\u00fdch obchodn\u00edch podm\u00ednek bylo nebo se stalo neplatn\u00fdm nebo obsahovalo mezeru, zavazuj\u00ed se smluvn\u00ed strany zah\u00e1jit jedn\u00e1n\u00ed s c\u00edlem nahradit nebo doplnit neplatn\u00e9 nebo ne\u00fapln\u00e9 ustanoven\u00ed vhodn\u00fdm individu\u00e1ln\u00edm ujedn\u00e1n\u00edm, kter\u00e9 bude co nejv\u00edce odpov\u00eddat hospod\u00e1\u0159sk\u00e9mu \u00fa\u010delu zam\u00fd\u0161len\u00e9ho ustanoven\u00ed.<br \/>\nPlatnost ostatn\u00edch ustanoven\u00ed z\u016fst\u00e1v\u00e1 nedot\u010dena. <\/p>\n<p>[\/et_pb_text][\/et_pb_column][\/et_pb_row][\/et_pb_section]<\/p>\n","protected":false},"excerpt":{"rendered":"<p>GTC \u00a7 1 Rozsah platnosti a obrann\u00e1 dolo\u017eka (1) N\u00e1sleduj\u00edc\u00ed v\u0161eobecn\u00e9 obchodn\u00ed podm\u00ednky ve zn\u011bn\u00ed platn\u00e9m v dob\u011b objedn\u00e1vky se vztahuj\u00ed v\u00fdhradn\u011b na pr\u00e1vn\u00ed vztahy mezi provozovatelem obchodu (d\u00e1le jen &#8222;poskytovatel&#8220;) a jeho z\u00e1kazn\u00edky vznikl\u00e9 prost\u0159ednictv\u00edm tohoto internetov\u00e9ho obchodu. (2) Odchyln\u00e9 v\u0161eobecn\u00e9 obchodn\u00ed podm\u00ednky z\u00e1kazn\u00edka se st\u00e1vaj\u00ed sou\u010d\u00e1st\u00ed smlouvy pouze v p\u0159\u00edpad\u011b, \u017ee poskytovatel s [&hellip;]<\/p>\n","protected":false},"author":1,"featured_media":0,"parent":0,"menu_order":0,"comment_status":"closed","ping_status":"closed","template":"","meta":{"_et_pb_use_builder":"on","_et_pb_old_content":"","_et_gb_content_width":"","iawp_total_views":4,"footnotes":""},"dipi_cpt_category":[],"class_list":["post-25546972","page","type-page","status-publish","hentry"],"yoast_head":"<!-- This site is optimized with the Yoast SEO plugin v27.2 - https:\/\/yoast.com\/product\/yoast-seo-wordpress\/ -->\n<title>GTC - DaRi System<\/title>\n<meta name=\"robots\" content=\"index, follow, max-snippet:-1, max-image-preview:large, max-video-preview:-1\" \/>\n<link rel=\"canonical\" href=\"https:\/\/dari-system.com\/cs\/gtc\/\" \/>\n<meta property=\"og:locale\" content=\"cs_CZ\" \/>\n<meta property=\"og:type\" content=\"article\" \/>\n<meta property=\"og:title\" content=\"GTC - DaRi System\" \/>\n<meta property=\"og:description\" content=\"GTC \u00a7 1 Rozsah platnosti a obrann\u00e1 dolo\u017eka (1) N\u00e1sleduj\u00edc\u00ed v\u0161eobecn\u00e9 obchodn\u00ed podm\u00ednky ve zn\u011bn\u00ed platn\u00e9m v dob\u011b objedn\u00e1vky se vztahuj\u00ed v\u00fdhradn\u011b na pr\u00e1vn\u00ed vztahy mezi provozovatelem obchodu (d\u00e1le jen &quot;poskytovatel&quot;) a jeho z\u00e1kazn\u00edky vznikl\u00e9 prost\u0159ednictv\u00edm tohoto internetov\u00e9ho obchodu. (2) Odchyln\u00e9 v\u0161eobecn\u00e9 obchodn\u00ed podm\u00ednky z\u00e1kazn\u00edka se st\u00e1vaj\u00ed sou\u010d\u00e1st\u00ed smlouvy pouze v p\u0159\u00edpad\u011b, \u017ee poskytovatel s [&hellip;]\" \/>\n<meta property=\"og:url\" content=\"https:\/\/dari-system.com\/cs\/gtc\/\" \/>\n<meta property=\"og:site_name\" content=\"DaRi System\" \/>\n<meta property=\"article:modified_time\" content=\"2024-08-16T17:28:33+00:00\" \/>\n<meta name=\"twitter:card\" content=\"summary_large_image\" \/>\n<meta name=\"twitter:label1\" content=\"Odhadovan\u00e1 doba \u010dten\u00ed\" \/>\n\t<meta name=\"twitter:data1\" content=\"5 minut\" \/>\n<script type=\"application\/ld+json\" class=\"yoast-schema-graph\">{\"@context\":\"https:\/\/schema.org\",\"@graph\":[{\"@type\":\"WebPage\",\"@id\":\"https:\/\/dari-system.com\/cs\/gtc\/\",\"url\":\"https:\/\/dari-system.com\/cs\/gtc\/\",\"name\":\"GTC - DaRi System\",\"isPartOf\":{\"@id\":\"https:\/\/dari-system.com\/cs\/#website\"},\"datePublished\":\"2024-05-23T13:32:49+00:00\",\"dateModified\":\"2024-08-16T17:28:33+00:00\",\"breadcrumb\":{\"@id\":\"https:\/\/dari-system.com\/cs\/gtc\/#breadcrumb\"},\"inLanguage\":\"cs\",\"potentialAction\":[{\"@type\":\"ReadAction\",\"target\":[\"https:\/\/dari-system.com\/cs\/gtc\/\"]}]},{\"@type\":\"BreadcrumbList\",\"@id\":\"https:\/\/dari-system.com\/cs\/gtc\/#breadcrumb\",\"itemListElement\":[{\"@type\":\"ListItem\",\"position\":1,\"name\":\"Startseite\",\"item\":\"https:\/\/dari-system.com\/cs\/\"},{\"@type\":\"ListItem\",\"position\":2,\"name\":\"GTC\"}]},{\"@type\":\"WebSite\",\"@id\":\"https:\/\/dari-system.com\/cs\/#website\",\"url\":\"https:\/\/dari-system.com\/cs\/\",\"name\":\"DaRi System\",\"description\":\"\",\"potentialAction\":[{\"@type\":\"SearchAction\",\"target\":{\"@type\":\"EntryPoint\",\"urlTemplate\":\"https:\/\/dari-system.com\/cs\/?s={search_term_string}\"},\"query-input\":{\"@type\":\"PropertyValueSpecification\",\"valueRequired\":true,\"valueName\":\"search_term_string\"}}],\"inLanguage\":\"cs\"}]}<\/script>\n<!-- \/ Yoast SEO plugin. -->","yoast_head_json":{"title":"GTC - DaRi System","robots":{"index":"index","follow":"follow","max-snippet":"max-snippet:-1","max-image-preview":"max-image-preview:large","max-video-preview":"max-video-preview:-1"},"canonical":"https:\/\/dari-system.com\/cs\/gtc\/","og_locale":"cs_CZ","og_type":"article","og_title":"GTC - DaRi System","og_description":"GTC \u00a7 1 Rozsah platnosti a obrann\u00e1 dolo\u017eka (1) N\u00e1sleduj\u00edc\u00ed v\u0161eobecn\u00e9 obchodn\u00ed podm\u00ednky ve zn\u011bn\u00ed platn\u00e9m v dob\u011b objedn\u00e1vky se vztahuj\u00ed v\u00fdhradn\u011b na pr\u00e1vn\u00ed vztahy mezi provozovatelem obchodu (d\u00e1le jen \"poskytovatel\") a jeho z\u00e1kazn\u00edky vznikl\u00e9 prost\u0159ednictv\u00edm tohoto internetov\u00e9ho obchodu. (2) Odchyln\u00e9 v\u0161eobecn\u00e9 obchodn\u00ed podm\u00ednky z\u00e1kazn\u00edka se st\u00e1vaj\u00ed sou\u010d\u00e1st\u00ed smlouvy pouze v p\u0159\u00edpad\u011b, \u017ee poskytovatel s [&hellip;]","og_url":"https:\/\/dari-system.com\/cs\/gtc\/","og_site_name":"DaRi System","article_modified_time":"2024-08-16T17:28:33+00:00","twitter_card":"summary_large_image","twitter_misc":{"Odhadovan\u00e1 doba \u010dten\u00ed":"5 minut"},"schema":{"@context":"https:\/\/schema.org","@graph":[{"@type":"WebPage","@id":"https:\/\/dari-system.com\/cs\/gtc\/","url":"https:\/\/dari-system.com\/cs\/gtc\/","name":"GTC - DaRi System","isPartOf":{"@id":"https:\/\/dari-system.com\/cs\/#website"},"datePublished":"2024-05-23T13:32:49+00:00","dateModified":"2024-08-16T17:28:33+00:00","breadcrumb":{"@id":"https:\/\/dari-system.com\/cs\/gtc\/#breadcrumb"},"inLanguage":"cs","potentialAction":[{"@type":"ReadAction","target":["https:\/\/dari-system.com\/cs\/gtc\/"]}]},{"@type":"BreadcrumbList","@id":"https:\/\/dari-system.com\/cs\/gtc\/#breadcrumb","itemListElement":[{"@type":"ListItem","position":1,"name":"Startseite","item":"https:\/\/dari-system.com\/cs\/"},{"@type":"ListItem","position":2,"name":"GTC"}]},{"@type":"WebSite","@id":"https:\/\/dari-system.com\/cs\/#website","url":"https:\/\/dari-system.com\/cs\/","name":"DaRi System","description":"","potentialAction":[{"@type":"SearchAction","target":{"@type":"EntryPoint","urlTemplate":"https:\/\/dari-system.com\/cs\/?s={search_term_string}"},"query-input":{"@type":"PropertyValueSpecification","valueRequired":true,"valueName":"search_term_string"}}],"inLanguage":"cs"}]}},"_links":{"self":[{"href":"https:\/\/dari-system.com\/cs\/wp-json\/wp\/v2\/pages\/25546972","targetHints":{"allow":["GET"]}}],"collection":[{"href":"https:\/\/dari-system.com\/cs\/wp-json\/wp\/v2\/pages"}],"about":[{"href":"https:\/\/dari-system.com\/cs\/wp-json\/wp\/v2\/types\/page"}],"author":[{"embeddable":true,"href":"https:\/\/dari-system.com\/cs\/wp-json\/wp\/v2\/users\/1"}],"replies":[{"embeddable":true,"href":"https:\/\/dari-system.com\/cs\/wp-json\/wp\/v2\/comments?post=25546972"}],"version-history":[{"count":2,"href":"https:\/\/dari-system.com\/cs\/wp-json\/wp\/v2\/pages\/25546972\/revisions"}],"predecessor-version":[{"id":25546978,"href":"https:\/\/dari-system.com\/cs\/wp-json\/wp\/v2\/pages\/25546972\/revisions\/25546978"}],"wp:attachment":[{"href":"https:\/\/dari-system.com\/cs\/wp-json\/wp\/v2\/media?parent=25546972"}],"wp:term":[{"taxonomy":"dipi_cpt_category","embeddable":true,"href":"https:\/\/dari-system.com\/cs\/wp-json\/wp\/v2\/dipi_cpt_category?post=25546972"}],"curies":[{"name":"wp","href":"https:\/\/api.w.org\/{rel}","templated":true}]}}